{"id":14828,"date":"2017-11-29T18:33:26","date_gmt":"2017-11-29T18:33:26","guid":{"rendered":"https:\/\/americanbiosystems.com\/limpiador-de-superficies-duras\/"},"modified":"2025-12-02T16:01:11","modified_gmt":"2025-12-02T16:01:11","slug":"limpiador-de-superficies-duras","status":"publish","type":"page","link":"https:\/\/americanbiosystems.com\/es\/productos\/limpieza-industrial\/limpiador-de-superficies-duras\/","title":{"rendered":"Limpiador de Superficies Duras"},"content":{"rendered":"\n<div class=\"wp-block-genesis-blocks-gb-columns gb-layout-columns-2 gb-2-col-wideleft\"><div class=\"gb-layout-column-wrap gb-block-layout-column-gap-2 gb-is-responsive-column\">\n<div class=\"wp-block-genesis-blocks-gb-column gb-block-layout-column\"><div class=\"gb-block-layout-column-inner\">\n<figure class=\"wp-block-image size-large\"><img loading=\"lazy\" decoding=\"async\" width=\"1024\" height=\"443\" src=\"https:\/\/americanbiosystems.com\/wp-content\/uploads\/2017\/11\/Surface-Cleaner-1024x443.jpg\" alt=\"A photo of a person wiping off a machine with a green cloth\" class=\"wp-image-8136\" srcset=\"https:\/\/americanbiosystems.com\/wp-content\/uploads\/2017\/11\/Surface-Cleaner-1024x443.jpg 1024w, https:\/\/americanbiosystems.com\/wp-content\/uploads\/2017\/11\/Surface-Cleaner-300x130.jpg 300w, https:\/\/americanbiosystems.com\/wp-content\/uploads\/2017\/11\/Surface-Cleaner-768x332.jpg 768w, https:\/\/americanbiosystems.com\/wp-content\/uploads\/2017\/11\/Surface-Cleaner.jpg 1200w\" sizes=\"auto, (max-width: 1024px) 100vw, 1024px\" \/><\/figure>\n\n\n\n<h2 class=\"wp-block-heading\">Maintain\u00ae HSC<\/h2>\n\n\n\n<p>Maintain\u00ae HSC es una mezcla de enzimas bacterianas disponible como un concentrado l\u00edquido estabilizado. El producto est\u00e1 dise\u00f1ado espec\u00edficamente para ser formulado como un limpiador de superficies duras, ya sea en un balde para trapeado en aplicaciones de pisos o diluido para la <a href=\"https:\/\/americanbiosystems.com\/productos\/limpieza-industrial\/?lang=es\"><strong>limpieza industrial<\/strong><\/a> general. <\/p>\n\n\n\n<p>USOS: Como una fuente concentrada de enzimas hidrol\u00edticas (degradantes) que pueden utilizarse en una gran variedad de aplicaciones industriales y en suplementos de alimentaci\u00f3n animal que contienen enzimas. La proteasa de Bacillus licheniformis es particularmente \u00fatil en aplicaciones de procesamiento industrial y agr\u00edcola debido a su alto grado de estabilidad.<\/p>\n\n\n\n<p><a href=\"https:\/\/americanbiosystems.com\/wp-content\/uploads\/2025\/11\/Maintain\u00aeHSC-span-website.pdf\">Ficha t\u00e9cnica<\/a><\/p>\n\n\n\n<p><a href=\"https:\/\/americanbiosystems.com\/wp-content\/uploads\/2025\/11\/Maintain-HSC-SDS.pdf\">Hoja de datos de seguridad<\/a><\/p>\n<\/div><\/div>\n\n\n\n<div class=\"wp-block-genesis-blocks-gb-column ambio-sidebar-menu gb-block-layout-column\"><div class=\"gb-block-layout-column-inner\">\n<h2 class=\"wp-block-heading\">Limpieza Industrial<\/h2>\n\n\n<nav class=\"is-vertical wp-block-navigation is-layout-flex wp-container-core-navigation-is-layout-8cf370e7 wp-block-navigation-is-layout-flex\" aria-label=\"Industrial Cleaning - Spanish\"><ul class=\"wp-block-navigation__container  is-vertical wp-block-navigation\"><li class=\" wp-block-navigation-item wp-block-navigation-link\"><a class=\"wp-block-navigation-item__content\"  href=\"https:\/\/americanbiosystems.com\/es\/productos\/limpieza-industrial\/limpiador-enzimatico-de-drenajes\/\"><span class=\"wp-block-navigation-item__label\">Limpiador Enzim\u00e1tico de Drenajes<\/span><\/a><\/li><li class=\" wp-block-navigation-item wp-block-navigation-link\"><a class=\"wp-block-navigation-item__content\"  href=\"https:\/\/americanbiosystems.com\/es\/productos\/limpieza-industrial\/limpiador-de-superficies-duras\/\"><span class=\"wp-block-navigation-item__label\">Limpiador de Superficies Duras<\/span><\/a><\/li><li class=\" wp-block-navigation-item wp-block-navigation-link\"><a class=\"wp-block-navigation-item__content\"  href=\"https:\/\/americanbiosystems.com\/es\/productos\/limpieza-industrial\/liquido-para-limpieza-de-trampas-de-grasa\/\"><span class=\"wp-block-navigation-item__label\">L\u00edquido para Limpieza de Trampas de Grasa<\/span><\/a><\/li><li class=\" wp-block-navigation-item wp-block-navigation-link\"><a class=\"wp-block-navigation-item__content\"  href=\"https:\/\/americanbiosystems.com\/es\/productos\/limpieza-industrial\/aditivos-para-tanques-septico\/\"><span class=\"wp-block-navigation-item__label\">Aditivos para Tanques S\u00e9ptico<\/span><\/a><\/li><li class=\" wp-block-navigation-item wp-block-navigation-link\"><a class=\"wp-block-navigation-item__content\"  href=\"https:\/\/americanbiosystems.com\/es\/productos\/limpieza-industrial\/limpieza-de-instrumentos-quirurgicos\/\"><span class=\"wp-block-navigation-item__label\">Limpieza de Instrumentos Quir\u00fargicos<br> <br><\/span><\/a><\/li><\/ul><\/nav>\n\n\n<div class=\"wp-block-cover gb-block-cta\" style=\"padding-top:2%;min-height:13em;aspect-ratio:unset;\"><img loading=\"lazy\" decoding=\"async\" width=\"1920\" height=\"480\" class=\"wp-block-cover__image-background wp-image-2350\" alt=\"\" src=\"https:\/\/americanbiosystems.com\/wp-content\/uploads\/2017\/09\/contact_header.jpg\" data-object-fit=\"cover\" srcset=\"https:\/\/americanbiosystems.com\/wp-content\/uploads\/2017\/09\/contact_header.jpg 1920w, https:\/\/americanbiosystems.com\/wp-content\/uploads\/2017\/09\/contact_header-300x75.jpg 300w, https:\/\/americanbiosystems.com\/wp-content\/uploads\/2017\/09\/contact_header-1024x256.jpg 1024w, https:\/\/americanbiosystems.com\/wp-content\/uploads\/2017\/09\/contact_header-768x192.jpg 768w, https:\/\/americanbiosystems.com\/wp-content\/uploads\/2017\/09\/contact_header-1536x384.jpg 1536w, https:\/\/americanbiosystems.com\/wp-content\/uploads\/2017\/09\/contact_header-1200x300.jpg 1200w, https:\/\/americanbiosystems.com\/wp-content\/uploads\/2017\/09\/contact_header-1400x350.jpg 1400w\" sizes=\"auto, (max-width: 1920px) 100vw, 1920px\" \/><span aria-hidden=\"true\" class=\"wp-block-cover__background has-background-dim-0 has-background-dim\" style=\"background-color:#505050\"><\/span><div class=\"wp-block-cover__inner-container is-layout-flow wp-block-cover-is-layout-flow\">\n<h3 class=\"wp-block-heading has-text-align-center has-text-color has-link-color wp-elements-292db8cb8556e1fd77574a96e3747276\" style=\"color:#ffffff;font-size:24px;line-height:1.2\">Ll\u00e1menos <br><a href=\"tel:5403446469\">540.344.6469<\/a><\/h3>\n\n\n\n<p class=\"has-text-align-center\" style=\"line-height:1\"><\/p>\n\n\n\n<div class=\"wp-block-buttons is-content-justification-center is-layout-flex wp-container-core-buttons-is-layout-16018d1d wp-block-buttons-is-layout-flex\">\n<div class=\"wp-block-button gb-block-button is-style-fill\"><a class=\"wp-block-button__link has-text-color has-background wp-element-button\" href=\"https:\/\/americanbiosystems.com\/es\/contactanos\/\" style=\"border-radius:0px;color:#003b70;background-color:#fefefe;padding-top:10px;padding-right:1em;padding-bottom:10px;padding-left:1em\"><strong>Cont\u00e1ctenos.<\/strong><\/a><\/div>\n<\/div>\n<\/div><\/div>\n<\/div><\/div>\n<\/div><\/div>\n\n\n\n<p><\/p>\n","protected":false},"excerpt":{"rendered":"","protected":false},"author":2,"featured_media":14827,"parent":14831,"menu_order":0,"comment_status":"closed","ping_status":"closed","template":"","meta":{"_genesis_hide_title":false,"_genesis_hide_breadcrumbs":false,"_genesis_hide_singular_image":false,"_genesis_hide_footer_widgets":false,"_genesis_custom_body_class":"","_genesis_custom_post_class":"","_genesis_layout":"","footnotes":"","_links_to":"","_links_to_target":""},"class_list":{"0":"post-14828","1":"page","2":"type-page","3":"status-publish","4":"has-post-thumbnail","6":"entry"},"yoast_head":"<!-- This site is optimized with the Yoast SEO plugin v27.3 - https:\/\/yoast.com\/product\/yoast-seo-wordpress\/ -->\n<title>Limpiador de Superficies Duras para Limpieza industrial- American Biosystems<\/title>\n<meta name=\"description\" content=\"Maintain\u00ae HSC (Limpiador de Superficies Duras) es un concentrado l\u00edquido de mezcla de enzimas bacterianas para limpiadores de superficies duras. Haz tu pedido hoy con American Biosystems.\" \/>\n<meta name=\"robots\" content=\"index, follow, max-snippet:-1, max-image-preview:large, max-video-preview:-1\" \/>\n<link rel=\"canonical\" href=\"https:\/\/americanbiosystems.com\/es\/productos\/limpieza-industrial\/limpiador-de-superficies-duras\/\" \/>\n<meta property=\"og:locale\" content=\"es_ES\" \/>\n<meta property=\"og:type\" content=\"article\" \/>\n<meta property=\"og:title\" content=\"Limpiador de Superficies Duras para Limpieza industrial- American Biosystems\" \/>\n<meta property=\"og:description\" content=\"Maintain\u00ae HSC (Limpiador de Superficies Duras) es un concentrado l\u00edquido de mezcla de enzimas bacterianas para limpiadores de superficies duras. Haz tu pedido hoy con American Biosystems.\" \/>\n<meta property=\"og:url\" content=\"https:\/\/americanbiosystems.com\/es\/productos\/limpieza-industrial\/limpiador-de-superficies-duras\/\" \/>\n<meta property=\"og:site_name\" content=\"American Biosystems\" \/>\n<meta property=\"article:modified_time\" content=\"2025-12-02T16:01:11+00:00\" \/>\n<meta property=\"og:image\" content=\"https:\/\/americanbiosystems.com\/wp-content\/uploads\/2017\/11\/Surface-Cleaner.jpg\" \/>\n\t<meta property=\"og:image:width\" content=\"1200\" \/>\n\t<meta property=\"og:image:height\" content=\"519\" \/>\n\t<meta property=\"og:image:type\" content=\"image\/jpeg\" \/>\n<meta name=\"twitter:card\" content=\"summary_large_image\" \/>\n<meta name=\"twitter:label1\" content=\"Tiempo de lectura\" \/>\n\t<meta name=\"twitter:data1\" content=\"2 minutos\" \/>\n<script type=\"application\/ld+json\" class=\"yoast-schema-graph\">{\"@context\":\"https:\\\/\\\/schema.org\",\"@graph\":[{\"@type\":\"WebPage\",\"@id\":\"https:\\\/\\\/americanbiosystems.com\\\/es\\\/productos\\\/limpieza-industrial\\\/limpiador-de-superficies-duras\\\/\",\"url\":\"https:\\\/\\\/americanbiosystems.com\\\/es\\\/productos\\\/limpieza-industrial\\\/limpiador-de-superficies-duras\\\/\",\"name\":\"Limpiador de Superficies Duras para Limpieza industrial- American Biosystems\",\"isPartOf\":{\"@id\":\"https:\\\/\\\/americanbiosystems.com\\\/es\\\/#website\"},\"primaryImageOfPage\":{\"@id\":\"https:\\\/\\\/americanbiosystems.com\\\/es\\\/productos\\\/limpieza-industrial\\\/limpiador-de-superficies-duras\\\/#primaryimage\"},\"image\":{\"@id\":\"https:\\\/\\\/americanbiosystems.com\\\/es\\\/productos\\\/limpieza-industrial\\\/limpiador-de-superficies-duras\\\/#primaryimage\"},\"thumbnailUrl\":\"https:\\\/\\\/americanbiosystems.com\\\/wp-content\\\/uploads\\\/2017\\\/11\\\/Surface-Cleaner.jpg\",\"datePublished\":\"2017-11-29T18:33:26+00:00\",\"dateModified\":\"2025-12-02T16:01:11+00:00\",\"description\":\"Maintain\u00ae HSC (Limpiador de Superficies Duras) es un concentrado l\u00edquido de mezcla de enzimas bacterianas para limpiadores de superficies duras. Haz tu pedido hoy con American Biosystems.\",\"breadcrumb\":{\"@id\":\"https:\\\/\\\/americanbiosystems.com\\\/es\\\/productos\\\/limpieza-industrial\\\/limpiador-de-superficies-duras\\\/#breadcrumb\"},\"inLanguage\":\"es\",\"potentialAction\":[{\"@type\":\"ReadAction\",\"target\":[\"https:\\\/\\\/americanbiosystems.com\\\/es\\\/productos\\\/limpieza-industrial\\\/limpiador-de-superficies-duras\\\/\"]}]},{\"@type\":\"ImageObject\",\"inLanguage\":\"es\",\"@id\":\"https:\\\/\\\/americanbiosystems.com\\\/es\\\/productos\\\/limpieza-industrial\\\/limpiador-de-superficies-duras\\\/#primaryimage\",\"url\":\"https:\\\/\\\/americanbiosystems.com\\\/wp-content\\\/uploads\\\/2017\\\/11\\\/Surface-Cleaner.jpg\",\"contentUrl\":\"https:\\\/\\\/americanbiosystems.com\\\/wp-content\\\/uploads\\\/2017\\\/11\\\/Surface-Cleaner.jpg\",\"width\":1200,\"height\":519},{\"@type\":\"BreadcrumbList\",\"@id\":\"https:\\\/\\\/americanbiosystems.com\\\/es\\\/productos\\\/limpieza-industrial\\\/limpiador-de-superficies-duras\\\/#breadcrumb\",\"itemListElement\":[{\"@type\":\"ListItem\",\"position\":1,\"name\":\"Home\",\"item\":\"https:\\\/\\\/americanbiosystems.com\\\/es\\\/?lang=es\"},{\"@type\":\"ListItem\",\"position\":2,\"name\":\"Productos\",\"item\":\"https:\\\/\\\/americanbiosystems.com\\\/es\\\/productos\\\/\"},{\"@type\":\"ListItem\",\"position\":3,\"name\":\"Limpieza Industrial\",\"item\":\"https:\\\/\\\/americanbiosystems.com\\\/es\\\/productos\\\/limpieza-industrial\\\/\"},{\"@type\":\"ListItem\",\"position\":4,\"name\":\"Limpiador de Superficies Duras\"}]},{\"@type\":\"WebSite\",\"@id\":\"https:\\\/\\\/americanbiosystems.com\\\/es\\\/#website\",\"url\":\"https:\\\/\\\/americanbiosystems.com\\\/es\\\/\",\"name\":\"American Biosystems\",\"description\":\"Enzymes and Direct Fed Microbials\",\"publisher\":{\"@id\":\"https:\\\/\\\/americanbiosystems.com\\\/es\\\/#organization\"},\"potentialAction\":[{\"@type\":\"SearchAction\",\"target\":{\"@type\":\"EntryPoint\",\"urlTemplate\":\"https:\\\/\\\/americanbiosystems.com\\\/es\\\/?s={search_term_string}\"},\"query-input\":{\"@type\":\"PropertyValueSpecification\",\"valueRequired\":true,\"valueName\":\"search_term_string\"}}],\"inLanguage\":\"es\"},{\"@type\":\"Organization\",\"@id\":\"https:\\\/\\\/americanbiosystems.com\\\/es\\\/#organization\",\"name\":\"American Biosystems\",\"url\":\"https:\\\/\\\/americanbiosystems.com\\\/es\\\/\",\"logo\":{\"@type\":\"ImageObject\",\"inLanguage\":\"es\",\"@id\":\"https:\\\/\\\/americanbiosystems.com\\\/es\\\/#\\\/schema\\\/logo\\\/image\\\/\",\"url\":\"https:\\\/\\\/americanbiosystems.com\\\/wp-content\\\/uploads\\\/2022\\\/06\\\/AmBiologo-400x100-1.png\",\"contentUrl\":\"https:\\\/\\\/americanbiosystems.com\\\/wp-content\\\/uploads\\\/2022\\\/06\\\/AmBiologo-400x100-1.png\",\"width\":400,\"height\":100,\"caption\":\"American Biosystems\"},\"image\":{\"@id\":\"https:\\\/\\\/americanbiosystems.com\\\/es\\\/#\\\/schema\\\/logo\\\/image\\\/\"}}]}<\/script>\n<!-- \/ Yoast SEO plugin. -->","yoast_head_json":{"title":"Limpiador de Superficies Duras para Limpieza industrial- American Biosystems","description":"Maintain\u00ae HSC (Limpiador de Superficies Duras) es un concentrado l\u00edquido de mezcla de enzimas bacterianas para limpiadores de superficies duras. Haz tu pedido hoy con American Biosystems.","robots":{"index":"index","follow":"follow","max-snippet":"max-snippet:-1","max-image-preview":"max-image-preview:large","max-video-preview":"max-video-preview:-1"},"canonical":"https:\/\/americanbiosystems.com\/es\/productos\/limpieza-industrial\/limpiador-de-superficies-duras\/","og_locale":"es_ES","og_type":"article","og_title":"Limpiador de Superficies Duras para Limpieza industrial- American Biosystems","og_description":"Maintain\u00ae HSC (Limpiador de Superficies Duras) es un concentrado l\u00edquido de mezcla de enzimas bacterianas para limpiadores de superficies duras. Haz tu pedido hoy con American Biosystems.","og_url":"https:\/\/americanbiosystems.com\/es\/productos\/limpieza-industrial\/limpiador-de-superficies-duras\/","og_site_name":"American Biosystems","article_modified_time":"2025-12-02T16:01:11+00:00","og_image":[{"width":1200,"height":519,"url":"https:\/\/americanbiosystems.com\/wp-content\/uploads\/2017\/11\/Surface-Cleaner.jpg","type":"image\/jpeg"}],"twitter_card":"summary_large_image","twitter_misc":{"Tiempo de lectura":"2 minutos"},"schema":{"@context":"https:\/\/schema.org","@graph":[{"@type":"WebPage","@id":"https:\/\/americanbiosystems.com\/es\/productos\/limpieza-industrial\/limpiador-de-superficies-duras\/","url":"https:\/\/americanbiosystems.com\/es\/productos\/limpieza-industrial\/limpiador-de-superficies-duras\/","name":"Limpiador de Superficies Duras para Limpieza industrial- American Biosystems","isPartOf":{"@id":"https:\/\/americanbiosystems.com\/es\/#website"},"primaryImageOfPage":{"@id":"https:\/\/americanbiosystems.com\/es\/productos\/limpieza-industrial\/limpiador-de-superficies-duras\/#primaryimage"},"image":{"@id":"https:\/\/americanbiosystems.com\/es\/productos\/limpieza-industrial\/limpiador-de-superficies-duras\/#primaryimage"},"thumbnailUrl":"https:\/\/americanbiosystems.com\/wp-content\/uploads\/2017\/11\/Surface-Cleaner.jpg","datePublished":"2017-11-29T18:33:26+00:00","dateModified":"2025-12-02T16:01:11+00:00","description":"Maintain\u00ae HSC (Limpiador de Superficies Duras) es un concentrado l\u00edquido de mezcla de enzimas bacterianas para limpiadores de superficies duras. Haz tu pedido hoy con American Biosystems.","breadcrumb":{"@id":"https:\/\/americanbiosystems.com\/es\/productos\/limpieza-industrial\/limpiador-de-superficies-duras\/#breadcrumb"},"inLanguage":"es","potentialAction":[{"@type":"ReadAction","target":["https:\/\/americanbiosystems.com\/es\/productos\/limpieza-industrial\/limpiador-de-superficies-duras\/"]}]},{"@type":"ImageObject","inLanguage":"es","@id":"https:\/\/americanbiosystems.com\/es\/productos\/limpieza-industrial\/limpiador-de-superficies-duras\/#primaryimage","url":"https:\/\/americanbiosystems.com\/wp-content\/uploads\/2017\/11\/Surface-Cleaner.jpg","contentUrl":"https:\/\/americanbiosystems.com\/wp-content\/uploads\/2017\/11\/Surface-Cleaner.jpg","width":1200,"height":519},{"@type":"BreadcrumbList","@id":"https:\/\/americanbiosystems.com\/es\/productos\/limpieza-industrial\/limpiador-de-superficies-duras\/#breadcrumb","itemListElement":[{"@type":"ListItem","position":1,"name":"Home","item":"https:\/\/americanbiosystems.com\/es\/?lang=es"},{"@type":"ListItem","position":2,"name":"Productos","item":"https:\/\/americanbiosystems.com\/es\/productos\/"},{"@type":"ListItem","position":3,"name":"Limpieza Industrial","item":"https:\/\/americanbiosystems.com\/es\/productos\/limpieza-industrial\/"},{"@type":"ListItem","position":4,"name":"Limpiador de Superficies Duras"}]},{"@type":"WebSite","@id":"https:\/\/americanbiosystems.com\/es\/#website","url":"https:\/\/americanbiosystems.com\/es\/","name":"American Biosystems","description":"Enzymes and Direct Fed Microbials","publisher":{"@id":"https:\/\/americanbiosystems.com\/es\/#organization"},"potentialAction":[{"@type":"SearchAction","target":{"@type":"EntryPoint","urlTemplate":"https:\/\/americanbiosystems.com\/es\/?s={search_term_string}"},"query-input":{"@type":"PropertyValueSpecification","valueRequired":true,"valueName":"search_term_string"}}],"inLanguage":"es"},{"@type":"Organization","@id":"https:\/\/americanbiosystems.com\/es\/#organization","name":"American Biosystems","url":"https:\/\/americanbiosystems.com\/es\/","logo":{"@type":"ImageObject","inLanguage":"es","@id":"https:\/\/americanbiosystems.com\/es\/#\/schema\/logo\/image\/","url":"https:\/\/americanbiosystems.com\/wp-content\/uploads\/2022\/06\/AmBiologo-400x100-1.png","contentUrl":"https:\/\/americanbiosystems.com\/wp-content\/uploads\/2022\/06\/AmBiologo-400x100-1.png","width":400,"height":100,"caption":"American Biosystems"},"image":{"@id":"https:\/\/americanbiosystems.com\/es\/#\/schema\/logo\/image\/"}}]}},"featured_image_src":"https:\/\/americanbiosystems.com\/wp-content\/uploads\/2017\/11\/Surface-Cleaner-600x400.jpg","featured_image_src_square":"https:\/\/americanbiosystems.com\/wp-content\/uploads\/2017\/11\/Surface-Cleaner-600x519.jpg","_links":{"self":[{"href":"https:\/\/americanbiosystems.com\/es\/wp-json\/wp\/v2\/pages\/14828","targetHints":{"allow":["GET"]}}],"collection":[{"href":"https:\/\/americanbiosystems.com\/es\/wp-json\/wp\/v2\/pages"}],"about":[{"href":"https:\/\/americanbiosystems.com\/es\/wp-json\/wp\/v2\/types\/page"}],"author":[{"embeddable":true,"href":"https:\/\/americanbiosystems.com\/es\/wp-json\/wp\/v2\/users\/2"}],"replies":[{"embeddable":true,"href":"https:\/\/americanbiosystems.com\/es\/wp-json\/wp\/v2\/comments?post=14828"}],"version-history":[{"count":0,"href":"https:\/\/americanbiosystems.com\/es\/wp-json\/wp\/v2\/pages\/14828\/revisions"}],"up":[{"embeddable":true,"href":"https:\/\/americanbiosystems.com\/es\/wp-json\/wp\/v2\/pages\/14831"}],"wp:featuredmedia":[{"embeddable":true,"href":"https:\/\/americanbiosystems.com\/es\/wp-json\/wp\/v2\/media\/14827"}],"wp:attachment":[{"href":"https:\/\/americanbiosystems.com\/es\/wp-json\/wp\/v2\/media?parent=14828"}],"curies":[{"name":"wp","href":"https:\/\/api.w.org\/{rel}","templated":true}]}}