{"id":14826,"date":"2017-11-29T18:28:31","date_gmt":"2017-11-29T18:28:31","guid":{"rendered":"https:\/\/americanbiosystems.com\/limpiador-enzimatico-de-drenajes\/"},"modified":"2025-12-02T16:00:37","modified_gmt":"2025-12-02T16:00:37","slug":"limpiador-enzimatico-de-drenajes","status":"publish","type":"page","link":"https:\/\/americanbiosystems.com\/es\/productos\/limpieza-industrial\/limpiador-enzimatico-de-drenajes\/","title":{"rendered":"Limpiador Enzim\u00e1tico de Drenajes"},"content":{"rendered":"\n<div class=\"wp-block-genesis-blocks-gb-columns gb-layout-columns-2 gb-2-col-wideleft\"><div class=\"gb-layout-column-wrap gb-block-layout-column-gap-2 gb-is-responsive-column\">\n<div class=\"wp-block-genesis-blocks-gb-column gb-block-layout-column\"><div class=\"gb-block-layout-column-inner\">\n<figure class=\"wp-block-image size-large\"><img loading=\"lazy\" decoding=\"async\" width=\"1024\" height=\"443\" src=\"https:\/\/americanbiosystems.com\/wp-content\/uploads\/2017\/11\/Maintain-L-Drain-1024x443.jpg\" alt=\"A photo of a water hose in a large drain\" class=\"wp-image-8096\" srcset=\"https:\/\/americanbiosystems.com\/wp-content\/uploads\/2017\/11\/Maintain-L-Drain-1024x443.jpg 1024w, https:\/\/americanbiosystems.com\/wp-content\/uploads\/2017\/11\/Maintain-L-Drain-300x130.jpg 300w, https:\/\/americanbiosystems.com\/wp-content\/uploads\/2017\/11\/Maintain-L-Drain-768x332.jpg 768w, https:\/\/americanbiosystems.com\/wp-content\/uploads\/2017\/11\/Maintain-L-Drain.jpg 1200w\" sizes=\"auto, (max-width: 1024px) 100vw, 1024px\" \/><\/figure>\n\n\n\n<h1 class=\"wp-block-heading\">Control de malolares en drenajes<\/h1>\n\n\n\n<h2 class=\"wp-block-heading\">Maintain DOC<\/h2>\n\n\n\n<p>MAINTAIN<sup>\u00ae<\/sup> DOC (Control de Drenaje y Olores) es un concentrado l\u00edquido cient\u00edficamente formulado con bacterias especialmente seleccionadas y cultivadas, adem\u00e1s de enzimas, que bajo condiciones favorables digieren y licuan los desechos org\u00e1nicos y reducen los olores.<br> <br><\/p>\n\n\n\n<h2 class=\"wp-block-heading es-remove\">Funcioens y Beneficios de Maintain DOC<\/h2>\n\n\n\n<p class=\"es-remove\">Bajo condiciones favorables, Maintain\u00ae DOC no solo digiere los desechos org\u00e1nicos, sino que tambi\u00e9n los degrada mientras elimina los olores desagradables que pueden acumularse. Est\u00e1 compuesto por una mezcla de enzimas microbianas y <g id=\"gid_0\"><g id=\"gid_1\">bacterias cultivadas<\/g><\/g>, incluyendo proteasa, amilasa, celulasa y lipasa, que trabajan conjuntamente para realizar el trabajo. Este producto est\u00e1 disponible en baldes de cinco galones o tambores de 55 galones.<br> <br>  <\/p>\n\n\n\n<p><a href=\"https:\/\/americanbiosystems.com\/wp-content\/uploads\/2025\/11\/Maintain\u00aeDOC-span-website.pdf\">Ficha t\u00e9cnica<\/a><\/p>\n\n\n\n<p><a href=\"https:\/\/americanbiosystems.com\/wp-content\/uploads\/2025\/11\/Maintain-DOC-SDS.pdf\">Hoja de datos de seguridad<\/a><\/p>\n\n\n\n<h2 class=\"wp-block-heading\">Maintain DOC RTU<\/h2>\n\n\n\n<p>Maintain DOC RTU es una nueva versi\u00f3n lista para usar del cl\u00e1sico producto de American Biosystems. Es perfecto para quienes buscan un producto listo para aplicar directamente, sin necesidad de diluir el concentrado original Maintain DOC. <\/p>\n\n\n\n<p><a href=\"https:\/\/americanbiosystems.com\/wp-content\/uploads\/2025\/12\/Maintain-DOC-RTU-Spec-Sheet.pdf\">Ficha t\u00e9cnica<\/a><\/p>\n<\/div><\/div>\n\n\n\n<div class=\"wp-block-genesis-blocks-gb-column ambio-sidebar-menu gb-block-layout-column\"><div class=\"gb-block-layout-column-inner\">\n<h2 class=\"wp-block-heading\">Limpieza Industrial<\/h2>\n\n\n<nav class=\"is-vertical wp-block-navigation is-layout-flex wp-container-core-navigation-is-layout-8cf370e7 wp-block-navigation-is-layout-flex\" aria-label=\"Industrial Cleaning - Spanish\"><ul class=\"wp-block-navigation__container  is-vertical wp-block-navigation\"><li class=\" wp-block-navigation-item wp-block-navigation-link\"><a class=\"wp-block-navigation-item__content\"  href=\"https:\/\/americanbiosystems.com\/es\/productos\/limpieza-industrial\/limpiador-enzimatico-de-drenajes\/\"><span class=\"wp-block-navigation-item__label\">Limpiador Enzim\u00e1tico de Drenajes<\/span><\/a><\/li><li class=\" wp-block-navigation-item wp-block-navigation-link\"><a class=\"wp-block-navigation-item__content\"  href=\"https:\/\/americanbiosystems.com\/es\/productos\/limpieza-industrial\/limpiador-de-superficies-duras\/\"><span class=\"wp-block-navigation-item__label\">Limpiador de Superficies Duras<\/span><\/a><\/li><li class=\" wp-block-navigation-item wp-block-navigation-link\"><a class=\"wp-block-navigation-item__content\"  href=\"https:\/\/americanbiosystems.com\/es\/productos\/limpieza-industrial\/liquido-para-limpieza-de-trampas-de-grasa\/\"><span class=\"wp-block-navigation-item__label\">L\u00edquido para Limpieza de Trampas de Grasa<\/span><\/a><\/li><li class=\" wp-block-navigation-item wp-block-navigation-link\"><a class=\"wp-block-navigation-item__content\"  href=\"https:\/\/americanbiosystems.com\/es\/productos\/limpieza-industrial\/aditivos-para-tanques-septico\/\"><span class=\"wp-block-navigation-item__label\">Aditivos para Tanques S\u00e9ptico<\/span><\/a><\/li><li class=\" wp-block-navigation-item wp-block-navigation-link\"><a class=\"wp-block-navigation-item__content\"  href=\"https:\/\/americanbiosystems.com\/es\/productos\/limpieza-industrial\/limpieza-de-instrumentos-quirurgicos\/\"><span class=\"wp-block-navigation-item__label\">Limpieza de Instrumentos Quir\u00fargicos<br> <br><\/span><\/a><\/li><\/ul><\/nav>\n\n\n<div class=\"wp-block-cover gb-block-cta\" style=\"padding-top:2%;min-height:13em;aspect-ratio:unset;\"><img loading=\"lazy\" decoding=\"async\" width=\"1920\" height=\"480\" class=\"wp-block-cover__image-background wp-image-2350\" alt=\"\" src=\"https:\/\/americanbiosystems.com\/wp-content\/uploads\/2017\/09\/contact_header.jpg\" data-object-fit=\"cover\" srcset=\"https:\/\/americanbiosystems.com\/wp-content\/uploads\/2017\/09\/contact_header.jpg 1920w, https:\/\/americanbiosystems.com\/wp-content\/uploads\/2017\/09\/contact_header-300x75.jpg 300w, https:\/\/americanbiosystems.com\/wp-content\/uploads\/2017\/09\/contact_header-1024x256.jpg 1024w, https:\/\/americanbiosystems.com\/wp-content\/uploads\/2017\/09\/contact_header-768x192.jpg 768w, https:\/\/americanbiosystems.com\/wp-content\/uploads\/2017\/09\/contact_header-1536x384.jpg 1536w, https:\/\/americanbiosystems.com\/wp-content\/uploads\/2017\/09\/contact_header-1200x300.jpg 1200w, https:\/\/americanbiosystems.com\/wp-content\/uploads\/2017\/09\/contact_header-1400x350.jpg 1400w\" sizes=\"auto, (max-width: 1920px) 100vw, 1920px\" \/><span aria-hidden=\"true\" class=\"wp-block-cover__background has-background-dim-0 has-background-dim\" style=\"background-color:#505050\"><\/span><div class=\"wp-block-cover__inner-container is-layout-flow wp-block-cover-is-layout-flow\">\n<h3 class=\"wp-block-heading has-text-align-center has-text-color has-link-color wp-elements-292db8cb8556e1fd77574a96e3747276\" style=\"color:#ffffff;font-size:24px;line-height:1.2\">Ll\u00e1menos <br><a href=\"tel:5403446469\">540.344.6469<\/a><\/h3>\n\n\n\n<p class=\"has-text-align-center\" style=\"line-height:1\"><\/p>\n\n\n\n<div class=\"wp-block-buttons is-content-justification-center is-layout-flex wp-container-core-buttons-is-layout-16018d1d wp-block-buttons-is-layout-flex\">\n<div class=\"wp-block-button gb-block-button is-style-fill\"><a class=\"wp-block-button__link has-text-color has-background wp-element-button\" href=\"https:\/\/americanbiosystems.com\/es\/contactanos\/\" style=\"border-radius:0px;color:#003b70;background-color:#fefefe;padding-top:10px;padding-right:1em;padding-bottom:10px;padding-left:1em\"><strong>Cont\u00e1ctenos.<\/strong><\/a><\/div>\n<\/div>\n<\/div><\/div>\n<\/div><\/div>\n<\/div><\/div>\n\n\n\n<h2 class=\"wp-block-heading\"><\/h2>\n","protected":false},"excerpt":{"rendered":"","protected":false},"author":2,"featured_media":14823,"parent":14831,"menu_order":0,"comment_status":"closed","ping_status":"closed","template":"","meta":{"_genesis_hide_title":false,"_genesis_hide_breadcrumbs":false,"_genesis_hide_singular_image":false,"_genesis_hide_footer_widgets":false,"_genesis_custom_body_class":"","_genesis_custom_post_class":"","_genesis_layout":"","footnotes":"","_links_to":"","_links_to_target":""},"class_list":{"0":"post-14826","1":"page","2":"type-page","3":"status-publish","4":"has-post-thumbnail","6":"entry"},"yoast_head":"<!-- This site is optimized with the Yoast SEO plugin v27.3 - https:\/\/yoast.com\/product\/yoast-seo-wordpress\/ -->\n<title>Limpiador Enzim\u00e1tico de Drenajes y Eliminador Bioenzim\u00e1tico de Olores<\/title>\n<meta name=\"description\" content=\"\u00a1Mantente al d\u00eda con el control de drenajes y olores con American Biosystems! Nuestro MAINTAIN\u00ae DOC es perfecto para digerir y licuar los desechos org\u00e1nicos y los olores.\" \/>\n<meta name=\"robots\" content=\"index, follow, max-snippet:-1, max-image-preview:large, max-video-preview:-1\" \/>\n<link rel=\"canonical\" href=\"https:\/\/americanbiosystems.com\/es\/productos\/limpieza-industrial\/limpiador-enzimatico-de-drenajes\/\" \/>\n<meta property=\"og:locale\" content=\"es_ES\" \/>\n<meta property=\"og:type\" content=\"article\" \/>\n<meta property=\"og:title\" content=\"Limpiador Enzim\u00e1tico de Drenajes y Eliminador Bioenzim\u00e1tico de Olores\" \/>\n<meta property=\"og:description\" content=\"\u00a1Mantente al d\u00eda con el control de drenajes y olores con American Biosystems! Nuestro MAINTAIN\u00ae DOC es perfecto para digerir y licuar los desechos org\u00e1nicos y los olores.\" \/>\n<meta property=\"og:url\" content=\"https:\/\/americanbiosystems.com\/es\/productos\/limpieza-industrial\/limpiador-enzimatico-de-drenajes\/\" \/>\n<meta property=\"og:site_name\" content=\"American Biosystems\" \/>\n<meta property=\"article:modified_time\" content=\"2025-12-02T16:00:37+00:00\" \/>\n<meta property=\"og:image\" content=\"https:\/\/americanbiosystems.com\/wp-content\/uploads\/2017\/11\/Maintain-L-Drain.jpg\" \/>\n\t<meta property=\"og:image:width\" content=\"1200\" \/>\n\t<meta property=\"og:image:height\" content=\"519\" \/>\n\t<meta property=\"og:image:type\" content=\"image\/jpeg\" \/>\n<meta name=\"twitter:card\" content=\"summary_large_image\" \/>\n<meta name=\"twitter:label1\" content=\"Tiempo de lectura\" \/>\n\t<meta name=\"twitter:data1\" content=\"2 minutos\" \/>\n<script type=\"application\/ld+json\" class=\"yoast-schema-graph\">{\"@context\":\"https:\\\/\\\/schema.org\",\"@graph\":[{\"@type\":\"WebPage\",\"@id\":\"https:\\\/\\\/americanbiosystems.com\\\/es\\\/productos\\\/limpieza-industrial\\\/limpiador-enzimatico-de-drenajes\\\/\",\"url\":\"https:\\\/\\\/americanbiosystems.com\\\/es\\\/productos\\\/limpieza-industrial\\\/limpiador-enzimatico-de-drenajes\\\/\",\"name\":\"Limpiador Enzim\u00e1tico de Drenajes y Eliminador Bioenzim\u00e1tico de Olores\",\"isPartOf\":{\"@id\":\"https:\\\/\\\/americanbiosystems.com\\\/es\\\/#website\"},\"primaryImageOfPage\":{\"@id\":\"https:\\\/\\\/americanbiosystems.com\\\/es\\\/productos\\\/limpieza-industrial\\\/limpiador-enzimatico-de-drenajes\\\/#primaryimage\"},\"image\":{\"@id\":\"https:\\\/\\\/americanbiosystems.com\\\/es\\\/productos\\\/limpieza-industrial\\\/limpiador-enzimatico-de-drenajes\\\/#primaryimage\"},\"thumbnailUrl\":\"https:\\\/\\\/americanbiosystems.com\\\/wp-content\\\/uploads\\\/2017\\\/11\\\/Maintain-L-Drain.jpg\",\"datePublished\":\"2017-11-29T18:28:31+00:00\",\"dateModified\":\"2025-12-02T16:00:37+00:00\",\"description\":\"\u00a1Mantente al d\u00eda con el control de drenajes y olores con American Biosystems! Nuestro MAINTAIN\u00ae DOC es perfecto para digerir y licuar los desechos org\u00e1nicos y los olores.\",\"breadcrumb\":{\"@id\":\"https:\\\/\\\/americanbiosystems.com\\\/es\\\/productos\\\/limpieza-industrial\\\/limpiador-enzimatico-de-drenajes\\\/#breadcrumb\"},\"inLanguage\":\"es\",\"potentialAction\":[{\"@type\":\"ReadAction\",\"target\":[\"https:\\\/\\\/americanbiosystems.com\\\/es\\\/productos\\\/limpieza-industrial\\\/limpiador-enzimatico-de-drenajes\\\/\"]}]},{\"@type\":\"ImageObject\",\"inLanguage\":\"es\",\"@id\":\"https:\\\/\\\/americanbiosystems.com\\\/es\\\/productos\\\/limpieza-industrial\\\/limpiador-enzimatico-de-drenajes\\\/#primaryimage\",\"url\":\"https:\\\/\\\/americanbiosystems.com\\\/wp-content\\\/uploads\\\/2017\\\/11\\\/Maintain-L-Drain.jpg\",\"contentUrl\":\"https:\\\/\\\/americanbiosystems.com\\\/wp-content\\\/uploads\\\/2017\\\/11\\\/Maintain-L-Drain.jpg\",\"width\":1200,\"height\":519},{\"@type\":\"BreadcrumbList\",\"@id\":\"https:\\\/\\\/americanbiosystems.com\\\/es\\\/productos\\\/limpieza-industrial\\\/limpiador-enzimatico-de-drenajes\\\/#breadcrumb\",\"itemListElement\":[{\"@type\":\"ListItem\",\"position\":1,\"name\":\"Home\",\"item\":\"https:\\\/\\\/americanbiosystems.com\\\/es\\\/?lang=es\"},{\"@type\":\"ListItem\",\"position\":2,\"name\":\"Productos\",\"item\":\"https:\\\/\\\/americanbiosystems.com\\\/es\\\/productos\\\/\"},{\"@type\":\"ListItem\",\"position\":3,\"name\":\"Limpieza Industrial\",\"item\":\"https:\\\/\\\/americanbiosystems.com\\\/es\\\/productos\\\/limpieza-industrial\\\/\"},{\"@type\":\"ListItem\",\"position\":4,\"name\":\"Limpiador Enzim\u00e1tico de Drenajes\"}]},{\"@type\":\"WebSite\",\"@id\":\"https:\\\/\\\/americanbiosystems.com\\\/es\\\/#website\",\"url\":\"https:\\\/\\\/americanbiosystems.com\\\/es\\\/\",\"name\":\"American Biosystems\",\"description\":\"Enzymes and Direct Fed Microbials\",\"publisher\":{\"@id\":\"https:\\\/\\\/americanbiosystems.com\\\/es\\\/#organization\"},\"potentialAction\":[{\"@type\":\"SearchAction\",\"target\":{\"@type\":\"EntryPoint\",\"urlTemplate\":\"https:\\\/\\\/americanbiosystems.com\\\/es\\\/?s={search_term_string}\"},\"query-input\":{\"@type\":\"PropertyValueSpecification\",\"valueRequired\":true,\"valueName\":\"search_term_string\"}}],\"inLanguage\":\"es\"},{\"@type\":\"Organization\",\"@id\":\"https:\\\/\\\/americanbiosystems.com\\\/es\\\/#organization\",\"name\":\"American Biosystems\",\"url\":\"https:\\\/\\\/americanbiosystems.com\\\/es\\\/\",\"logo\":{\"@type\":\"ImageObject\",\"inLanguage\":\"es\",\"@id\":\"https:\\\/\\\/americanbiosystems.com\\\/es\\\/#\\\/schema\\\/logo\\\/image\\\/\",\"url\":\"https:\\\/\\\/americanbiosystems.com\\\/wp-content\\\/uploads\\\/2022\\\/06\\\/AmBiologo-400x100-1.png\",\"contentUrl\":\"https:\\\/\\\/americanbiosystems.com\\\/wp-content\\\/uploads\\\/2022\\\/06\\\/AmBiologo-400x100-1.png\",\"width\":400,\"height\":100,\"caption\":\"American Biosystems\"},\"image\":{\"@id\":\"https:\\\/\\\/americanbiosystems.com\\\/es\\\/#\\\/schema\\\/logo\\\/image\\\/\"}}]}<\/script>\n<!-- \/ Yoast SEO plugin. -->","yoast_head_json":{"title":"Limpiador Enzim\u00e1tico de Drenajes y Eliminador Bioenzim\u00e1tico de Olores","description":"\u00a1Mantente al d\u00eda con el control de drenajes y olores con American Biosystems! Nuestro MAINTAIN\u00ae DOC es perfecto para digerir y licuar los desechos org\u00e1nicos y los olores.","robots":{"index":"index","follow":"follow","max-snippet":"max-snippet:-1","max-image-preview":"max-image-preview:large","max-video-preview":"max-video-preview:-1"},"canonical":"https:\/\/americanbiosystems.com\/es\/productos\/limpieza-industrial\/limpiador-enzimatico-de-drenajes\/","og_locale":"es_ES","og_type":"article","og_title":"Limpiador Enzim\u00e1tico de Drenajes y Eliminador Bioenzim\u00e1tico de Olores","og_description":"\u00a1Mantente al d\u00eda con el control de drenajes y olores con American Biosystems! Nuestro MAINTAIN\u00ae DOC es perfecto para digerir y licuar los desechos org\u00e1nicos y los olores.","og_url":"https:\/\/americanbiosystems.com\/es\/productos\/limpieza-industrial\/limpiador-enzimatico-de-drenajes\/","og_site_name":"American Biosystems","article_modified_time":"2025-12-02T16:00:37+00:00","og_image":[{"width":1200,"height":519,"url":"https:\/\/americanbiosystems.com\/wp-content\/uploads\/2017\/11\/Maintain-L-Drain.jpg","type":"image\/jpeg"}],"twitter_card":"summary_large_image","twitter_misc":{"Tiempo de lectura":"2 minutos"},"schema":{"@context":"https:\/\/schema.org","@graph":[{"@type":"WebPage","@id":"https:\/\/americanbiosystems.com\/es\/productos\/limpieza-industrial\/limpiador-enzimatico-de-drenajes\/","url":"https:\/\/americanbiosystems.com\/es\/productos\/limpieza-industrial\/limpiador-enzimatico-de-drenajes\/","name":"Limpiador Enzim\u00e1tico de Drenajes y Eliminador Bioenzim\u00e1tico de Olores","isPartOf":{"@id":"https:\/\/americanbiosystems.com\/es\/#website"},"primaryImageOfPage":{"@id":"https:\/\/americanbiosystems.com\/es\/productos\/limpieza-industrial\/limpiador-enzimatico-de-drenajes\/#primaryimage"},"image":{"@id":"https:\/\/americanbiosystems.com\/es\/productos\/limpieza-industrial\/limpiador-enzimatico-de-drenajes\/#primaryimage"},"thumbnailUrl":"https:\/\/americanbiosystems.com\/wp-content\/uploads\/2017\/11\/Maintain-L-Drain.jpg","datePublished":"2017-11-29T18:28:31+00:00","dateModified":"2025-12-02T16:00:37+00:00","description":"\u00a1Mantente al d\u00eda con el control de drenajes y olores con American Biosystems! Nuestro MAINTAIN\u00ae DOC es perfecto para digerir y licuar los desechos org\u00e1nicos y los olores.","breadcrumb":{"@id":"https:\/\/americanbiosystems.com\/es\/productos\/limpieza-industrial\/limpiador-enzimatico-de-drenajes\/#breadcrumb"},"inLanguage":"es","potentialAction":[{"@type":"ReadAction","target":["https:\/\/americanbiosystems.com\/es\/productos\/limpieza-industrial\/limpiador-enzimatico-de-drenajes\/"]}]},{"@type":"ImageObject","inLanguage":"es","@id":"https:\/\/americanbiosystems.com\/es\/productos\/limpieza-industrial\/limpiador-enzimatico-de-drenajes\/#primaryimage","url":"https:\/\/americanbiosystems.com\/wp-content\/uploads\/2017\/11\/Maintain-L-Drain.jpg","contentUrl":"https:\/\/americanbiosystems.com\/wp-content\/uploads\/2017\/11\/Maintain-L-Drain.jpg","width":1200,"height":519},{"@type":"BreadcrumbList","@id":"https:\/\/americanbiosystems.com\/es\/productos\/limpieza-industrial\/limpiador-enzimatico-de-drenajes\/#breadcrumb","itemListElement":[{"@type":"ListItem","position":1,"name":"Home","item":"https:\/\/americanbiosystems.com\/es\/?lang=es"},{"@type":"ListItem","position":2,"name":"Productos","item":"https:\/\/americanbiosystems.com\/es\/productos\/"},{"@type":"ListItem","position":3,"name":"Limpieza Industrial","item":"https:\/\/americanbiosystems.com\/es\/productos\/limpieza-industrial\/"},{"@type":"ListItem","position":4,"name":"Limpiador Enzim\u00e1tico de Drenajes"}]},{"@type":"WebSite","@id":"https:\/\/americanbiosystems.com\/es\/#website","url":"https:\/\/americanbiosystems.com\/es\/","name":"American Biosystems","description":"Enzymes and Direct Fed Microbials","publisher":{"@id":"https:\/\/americanbiosystems.com\/es\/#organization"},"potentialAction":[{"@type":"SearchAction","target":{"@type":"EntryPoint","urlTemplate":"https:\/\/americanbiosystems.com\/es\/?s={search_term_string}"},"query-input":{"@type":"PropertyValueSpecification","valueRequired":true,"valueName":"search_term_string"}}],"inLanguage":"es"},{"@type":"Organization","@id":"https:\/\/americanbiosystems.com\/es\/#organization","name":"American Biosystems","url":"https:\/\/americanbiosystems.com\/es\/","logo":{"@type":"ImageObject","inLanguage":"es","@id":"https:\/\/americanbiosystems.com\/es\/#\/schema\/logo\/image\/","url":"https:\/\/americanbiosystems.com\/wp-content\/uploads\/2022\/06\/AmBiologo-400x100-1.png","contentUrl":"https:\/\/americanbiosystems.com\/wp-content\/uploads\/2022\/06\/AmBiologo-400x100-1.png","width":400,"height":100,"caption":"American Biosystems"},"image":{"@id":"https:\/\/americanbiosystems.com\/es\/#\/schema\/logo\/image\/"}}]}},"featured_image_src":"https:\/\/americanbiosystems.com\/wp-content\/uploads\/2017\/11\/Maintain-L-Drain-600x400.jpg","featured_image_src_square":"https:\/\/americanbiosystems.com\/wp-content\/uploads\/2017\/11\/Maintain-L-Drain-600x519.jpg","_links":{"self":[{"href":"https:\/\/americanbiosystems.com\/es\/wp-json\/wp\/v2\/pages\/14826","targetHints":{"allow":["GET"]}}],"collection":[{"href":"https:\/\/americanbiosystems.com\/es\/wp-json\/wp\/v2\/pages"}],"about":[{"href":"https:\/\/americanbiosystems.com\/es\/wp-json\/wp\/v2\/types\/page"}],"author":[{"embeddable":true,"href":"https:\/\/americanbiosystems.com\/es\/wp-json\/wp\/v2\/users\/2"}],"replies":[{"embeddable":true,"href":"https:\/\/americanbiosystems.com\/es\/wp-json\/wp\/v2\/comments?post=14826"}],"version-history":[{"count":0,"href":"https:\/\/americanbiosystems.com\/es\/wp-json\/wp\/v2\/pages\/14826\/revisions"}],"up":[{"embeddable":true,"href":"https:\/\/americanbiosystems.com\/es\/wp-json\/wp\/v2\/pages\/14831"}],"wp:featuredmedia":[{"embeddable":true,"href":"https:\/\/americanbiosystems.com\/es\/wp-json\/wp\/v2\/media\/14823"}],"wp:attachment":[{"href":"https:\/\/americanbiosystems.com\/es\/wp-json\/wp\/v2\/media?parent=14826"}],"curies":[{"name":"wp","href":"https:\/\/api.w.org\/{rel}","templated":true}]}}