{"id":14811,"date":"2017-09-25T17:12:51","date_gmt":"2017-09-25T17:12:51","guid":{"rendered":"https:\/\/americanbiosystems.com\/productos\/enzimas\/proteasa\/"},"modified":"2025-12-02T15:56:43","modified_gmt":"2025-12-02T15:56:43","slug":"proteasa","status":"publish","type":"page","link":"https:\/\/americanbiosystems.com\/es\/productos\/enzimas\/proteasa\/","title":{"rendered":"Proteasa"},"content":{"rendered":"\n<div class=\"wp-block-genesis-blocks-gb-columns gb-layout-columns-2 gb-2-col-wideleft\"><div class=\"gb-layout-column-wrap gb-block-layout-column-gap-2 gb-is-responsive-column\">\n<div class=\"wp-block-genesis-blocks-gb-column gb-block-layout-column\"><div class=\"gb-block-layout-column-inner\">\n<figure class=\"wp-block-image size-large\"><img loading=\"lazy\" decoding=\"async\" width=\"1024\" height=\"443\" src=\"https:\/\/americanbiosystems.com\/wp-content\/uploads\/2017\/09\/Agricultural-Enzyme-Blend-1024x443.jpg\" alt=\"A photo of an adult chicken and several chicks\" class=\"wp-image-8105\" srcset=\"https:\/\/americanbiosystems.com\/wp-content\/uploads\/2017\/09\/Agricultural-Enzyme-Blend-1024x443.jpg 1024w, https:\/\/americanbiosystems.com\/wp-content\/uploads\/2017\/09\/Agricultural-Enzyme-Blend-300x130.jpg 300w, https:\/\/americanbiosystems.com\/wp-content\/uploads\/2017\/09\/Agricultural-Enzyme-Blend-768x332.jpg 768w, https:\/\/americanbiosystems.com\/wp-content\/uploads\/2017\/09\/Agricultural-Enzyme-Blend.jpg 1200w\" sizes=\"auto, (max-width: 1024px) 100vw, 1024px\" \/><\/figure>\n\n\n\n<h1 class=\"wp-block-heading\">Proteasa<\/h1>\n\n\n\n<div class=\"wp-block-group es-remove\"><div class=\"wp-block-group__inner-container is-layout-constrained wp-block-group-is-layout-constrained\">\n<h2 class=\"wp-block-heading\">Protease Ultra Blend<\/h2>\n\n\n\n<p>Protease Ultra Blend es una combinaci\u00f3n de tres clases diferentes de proteasas dise\u00f1ada para proporcionar un espectro completo de actividad proteol\u00edtica en una variedad de aplicaciones en alimentos para animales e industriales. Este producto ultraconcentrado ofrece actividades alcalina, neutra y \u00e1cida que no est\u00e1n disponibles a partir de una sola fuente microbiana.<br>Algunas aplicaciones incluyen componentes de alimentos para aves, cerdos y ganado, as\u00ed como otras aplicaciones agr\u00edcolas. Las enzimas proteasas se han utilizado para eliminar factores antinutricionales de la soja. Protease Ultra Blend posee una amplia variedad de sitios de uni\u00f3n, lo que permite la digesti\u00f3n parcial o completa de sustancias proteicas en procesos industriales y tratamiento de desechos.    <\/p>\n\n\n\n<p><strong>USOS:<\/strong> Una mezcla patentada de enzimas de tres cepas diferentes para su uso en alimentos para animales, destinada a la hidr\u00f3lisis de prote\u00ednas.<\/p>\n\n\n\n<p><br><a href=\"https:\/\/americanbiosystems.com\/wp-content\/uploads\/2025\/11\/protease-ultra-blend-10x-span.pdf\">Ficha Tecnica<\/a><br><a href=\"https:\/\/americanbiosystems.com\/wp-content\/uploads\/2025\/11\/Protease-Ultra-SDS.pdf\">Hoja De Datos De Seguridad<\/a><\/p>\n\n\n\n<h2 class=\"wp-block-heading\">Proteasa Pro<\/h2>\n\n\n\n<p>Las enzimas proteasas se han utilizado recientemente en la digesti\u00f3n de alimentos ricos en prote\u00ednas, como los granos secos de destiler\u00eda con solubles (DDGS), que resultan del procesamiento de fermentaci\u00f3n de alcohol a partir del ma\u00edz. Adem\u00e1s, otros ingredientes ricos en prote\u00ednas, como la soja, se benefician de la digesti\u00f3n proteol\u00edtica para mejorar la biodisponibilidad de p\u00e9ptidos y amino\u00e1cidos tanto en animales monog\u00e1stricos como rumiantes.<br>Ejemplos de sustratos incluyen case\u00edna, hemoglobina, gelatina, soja, harina de pescado, entre otros. Protease Concentrate Pro constituye una adici\u00f3n ideal a las enzimas que digieren celulosa, como celulasa, hemicelulasa, xilanasa y mananasa, para proporcionar una mejor biodisponibilidad en una amplia variedad de raciones animales   <br><br><a href=\"https:\/\/americanbiosystems.com\/wp-content\/uploads\/2025\/11\/protease-pro-span-spec-sheet.pdf\">Ficha Tenica<\/a><br><a href=\"https:\/\/americanbiosystems.com\/wp-content\/uploads\/2025\/11\/SDS-ABS-Protease-Concentrate-Pro-1.pdf\">Hoja de Datos De Seguridad<\/a><\/p>\n<\/div><\/div>\n\n\n\n<p><\/p>\n<\/div><\/div>\n\n\n\n<div class=\"wp-block-genesis-blocks-gb-column ambio-sidebar-menu gb-block-layout-column\"><div class=\"gb-block-layout-column-inner\">\n<h2 class=\"wp-block-heading\">Enzimas<\/h2>\n\n\n<nav class=\"is-vertical wp-block-navigation is-layout-flex wp-container-core-navigation-is-layout-8cf370e7 wp-block-navigation-is-layout-flex\" aria-label=\"Enzymes - Spanish\"><ul class=\"wp-block-navigation__container  is-vertical wp-block-navigation\"><li class=\" wp-block-navigation-item wp-block-navigation-link\"><a class=\"wp-block-navigation-item__content\"  href=\"https:\/\/americanbiosystems.com\/es\/productos\/enzimas\/mezclas-de-enzimas-para-la-agricultura\/\"><span class=\"wp-block-navigation-item__label\">Mezclas de Enzimas para la Agricultura<\/span><\/a><\/li><li class=\" wp-block-navigation-item wp-block-navigation-link\"><a class=\"wp-block-navigation-item__content\"  href=\"https:\/\/americanbiosystems.com\/es\/amilasa-bacteriana\/\"><span class=\"wp-block-navigation-item__label\">Amilasa Bacteriana<\/span><\/a><\/li><li class=\" wp-block-navigation-item wp-block-navigation-link\"><a class=\"wp-block-navigation-item__content\"  href=\"https:\/\/americanbiosystems.com\/es\/productos\/enzimas\/beta-mannanasa\/\"><span class=\"wp-block-navigation-item__label\">Beta Mannanasa<\/span><\/a><\/li><li class=\" wp-block-navigation-item wp-block-navigation-link\"><a class=\"wp-block-navigation-item__content\"  href=\"https:\/\/americanbiosystems.com\/es\/productos\/enzimas\/cellulasa\/\"><span class=\"wp-block-navigation-item__label\">Cellulasa<\/span><\/a><\/li><li class=\" wp-block-navigation-item wp-block-navigation-link\"><a class=\"wp-block-navigation-item__content\"  href=\"https:\/\/americanbiosystems.com\/es\/productos\/enzimas\/alfa-amilasa\/\"><span class=\"wp-block-navigation-item__label\">Alfa Amilasa<\/span><\/a><\/li><li class=\" wp-block-navigation-item wp-block-navigation-link\"><a class=\"wp-block-navigation-item__content\"  href=\"https:\/\/americanbiosystems.com\/es\/productos\/enzimas\/lipasa\/\"><span class=\"wp-block-navigation-item__label\">Lipasa<\/span><\/a><\/li><li class=\" wp-block-navigation-item wp-block-navigation-link\"><a class=\"wp-block-navigation-item__content\"  href=\"https:\/\/americanbiosystems.com\/es\/productos\/enzimas\/fitasa-enzymes\/\"><span class=\"wp-block-navigation-item__label\">Fitasa<\/span><\/a><\/li><li class=\" wp-block-navigation-item wp-block-navigation-link\"><a class=\"wp-block-navigation-item__content\"  href=\"https:\/\/americanbiosystems.com\/es\/productos\/enzimas\/proteasa\/\"><span class=\"wp-block-navigation-item__label\">Proteasa<\/span><\/a><\/li><li class=\" wp-block-navigation-item wp-block-navigation-link\"><a class=\"wp-block-navigation-item__content\"  href=\"https:\/\/americanbiosystems.com\/es\/productos\/enzimas\/xilanasa\/\"><span class=\"wp-block-navigation-item__label\">Xilanasa<\/span><\/a><\/li><\/ul><\/nav>\n\n\n<div class=\"wp-block-cover gb-block-cta\" style=\"padding-top:2%;min-height:13em;aspect-ratio:unset;\"><img loading=\"lazy\" decoding=\"async\" width=\"1920\" height=\"480\" class=\"wp-block-cover__image-background wp-image-2350\" alt=\"\" src=\"https:\/\/americanbiosystems.com\/wp-content\/uploads\/2017\/09\/contact_header.jpg\" data-object-fit=\"cover\" srcset=\"https:\/\/americanbiosystems.com\/wp-content\/uploads\/2017\/09\/contact_header.jpg 1920w, https:\/\/americanbiosystems.com\/wp-content\/uploads\/2017\/09\/contact_header-300x75.jpg 300w, https:\/\/americanbiosystems.com\/wp-content\/uploads\/2017\/09\/contact_header-1024x256.jpg 1024w, https:\/\/americanbiosystems.com\/wp-content\/uploads\/2017\/09\/contact_header-768x192.jpg 768w, https:\/\/americanbiosystems.com\/wp-content\/uploads\/2017\/09\/contact_header-1536x384.jpg 1536w, https:\/\/americanbiosystems.com\/wp-content\/uploads\/2017\/09\/contact_header-1200x300.jpg 1200w, https:\/\/americanbiosystems.com\/wp-content\/uploads\/2017\/09\/contact_header-1400x350.jpg 1400w\" sizes=\"auto, (max-width: 1920px) 100vw, 1920px\" \/><span aria-hidden=\"true\" class=\"wp-block-cover__background has-background-dim-0 has-background-dim\" style=\"background-color:#505050\"><\/span><div class=\"wp-block-cover__inner-container is-layout-flow wp-block-cover-is-layout-flow\">\n<h3 class=\"wp-block-heading has-text-align-center has-text-color has-link-color wp-elements-292db8cb8556e1fd77574a96e3747276\" style=\"color:#ffffff;font-size:24px;line-height:1.2\">Ll\u00e1menos <br><a href=\"tel:5403446469\">540.344.6469<\/a><\/h3>\n\n\n\n<p class=\"has-text-align-center\" style=\"line-height:1\"><\/p>\n\n\n\n<div class=\"wp-block-buttons is-content-justification-center is-layout-flex wp-container-core-buttons-is-layout-16018d1d wp-block-buttons-is-layout-flex\">\n<div class=\"wp-block-button gb-block-button is-style-fill\"><a class=\"wp-block-button__link has-text-color has-background wp-element-button\" href=\"https:\/\/americanbiosystems.com\/es\/contactanos\/\" style=\"border-radius:0px;color:#003b70;background-color:#fefefe;padding-top:10px;padding-right:1em;padding-bottom:10px;padding-left:1em\"><strong>Cont\u00e1ctenos.<\/strong><\/a><\/div>\n<\/div>\n<\/div><\/div>\n<\/div><\/div>\n<\/div><\/div>\n","protected":false},"excerpt":{"rendered":"","protected":false},"author":2,"featured_media":14796,"parent":14759,"menu_order":0,"comment_status":"closed","ping_status":"closed","template":"","meta":{"_genesis_hide_title":false,"_genesis_hide_breadcrumbs":false,"_genesis_hide_singular_image":false,"_genesis_hide_footer_widgets":false,"_genesis_custom_body_class":"","_genesis_custom_post_class":"","_genesis_layout":"","footnotes":"","_links_to":"","_links_to_target":""},"class_list":{"0":"post-14811","1":"page","2":"type-page","3":"status-publish","4":"has-post-thumbnail","6":"entry"},"yoast_head":"<!-- This site is optimized with the Yoast SEO plugin v27.4 - https:\/\/yoast.com\/product\/yoast-seo-wordpress\/ -->\n<title>Enzimas Proteasas Industriales | Mezcla, Polvo; Enzimas L\u00edquidas<\/title>\n<meta name=\"description\" content=\"Las enzimas proteasas ayudan a descomponer las prote\u00ednas en los alimentos y son \u00fatiles en detergentes y medicamentos. \u00a1Llame a American Biosystems para obtener m\u00e1s informaci\u00f3n!\" \/>\n<meta name=\"robots\" content=\"index, follow, max-snippet:-1, max-image-preview:large, max-video-preview:-1\" \/>\n<link rel=\"canonical\" href=\"https:\/\/americanbiosystems.com\/es\/productos\/enzimas\/proteasa\/\" \/>\n<meta property=\"og:locale\" content=\"es_ES\" \/>\n<meta property=\"og:type\" content=\"article\" \/>\n<meta property=\"og:title\" content=\"Enzimas Proteasas Industriales | Mezcla, Polvo; Enzimas L\u00edquidas\" \/>\n<meta property=\"og:description\" content=\"Las enzimas proteasas ayudan a descomponer las prote\u00ednas en los alimentos y son \u00fatiles en detergentes y medicamentos. \u00a1Llame a American Biosystems para obtener m\u00e1s informaci\u00f3n!\" \/>\n<meta property=\"og:url\" content=\"https:\/\/americanbiosystems.com\/es\/productos\/enzimas\/proteasa\/\" \/>\n<meta property=\"og:site_name\" content=\"American Biosystems\" \/>\n<meta property=\"article:modified_time\" content=\"2025-12-02T15:56:43+00:00\" \/>\n<meta property=\"og:image\" content=\"https:\/\/americanbiosystems.com\/wp-content\/uploads\/2017\/09\/Agricultural-Enzyme-Blend.jpg\" \/>\n\t<meta property=\"og:image:width\" content=\"1200\" \/>\n\t<meta property=\"og:image:height\" content=\"519\" \/>\n\t<meta property=\"og:image:type\" content=\"image\/jpeg\" \/>\n<meta name=\"twitter:card\" content=\"summary_large_image\" \/>\n<meta name=\"twitter:label1\" content=\"Tiempo de lectura\" \/>\n\t<meta name=\"twitter:data1\" content=\"2 minutos\" \/>\n<script type=\"application\/ld+json\" class=\"yoast-schema-graph\">{\"@context\":\"https:\\\/\\\/schema.org\",\"@graph\":[{\"@type\":\"WebPage\",\"@id\":\"https:\\\/\\\/americanbiosystems.com\\\/es\\\/productos\\\/enzimas\\\/proteasa\\\/\",\"url\":\"https:\\\/\\\/americanbiosystems.com\\\/es\\\/productos\\\/enzimas\\\/proteasa\\\/\",\"name\":\"Enzimas Proteasas Industriales | Mezcla, Polvo; Enzimas L\u00edquidas\",\"isPartOf\":{\"@id\":\"https:\\\/\\\/americanbiosystems.com\\\/es\\\/#website\"},\"primaryImageOfPage\":{\"@id\":\"https:\\\/\\\/americanbiosystems.com\\\/es\\\/productos\\\/enzimas\\\/proteasa\\\/#primaryimage\"},\"image\":{\"@id\":\"https:\\\/\\\/americanbiosystems.com\\\/es\\\/productos\\\/enzimas\\\/proteasa\\\/#primaryimage\"},\"thumbnailUrl\":\"https:\\\/\\\/americanbiosystems.com\\\/wp-content\\\/uploads\\\/2017\\\/09\\\/Agricultural-Enzyme-Blend.jpg\",\"datePublished\":\"2017-09-25T17:12:51+00:00\",\"dateModified\":\"2025-12-02T15:56:43+00:00\",\"description\":\"Las enzimas proteasas ayudan a descomponer las prote\u00ednas en los alimentos y son \u00fatiles en detergentes y medicamentos. \u00a1Llame a American Biosystems para obtener m\u00e1s informaci\u00f3n!\",\"breadcrumb\":{\"@id\":\"https:\\\/\\\/americanbiosystems.com\\\/es\\\/productos\\\/enzimas\\\/proteasa\\\/#breadcrumb\"},\"inLanguage\":\"es\",\"potentialAction\":[{\"@type\":\"ReadAction\",\"target\":[\"https:\\\/\\\/americanbiosystems.com\\\/es\\\/productos\\\/enzimas\\\/proteasa\\\/\"]}]},{\"@type\":\"ImageObject\",\"inLanguage\":\"es\",\"@id\":\"https:\\\/\\\/americanbiosystems.com\\\/es\\\/productos\\\/enzimas\\\/proteasa\\\/#primaryimage\",\"url\":\"https:\\\/\\\/americanbiosystems.com\\\/wp-content\\\/uploads\\\/2017\\\/09\\\/Agricultural-Enzyme-Blend.jpg\",\"contentUrl\":\"https:\\\/\\\/americanbiosystems.com\\\/wp-content\\\/uploads\\\/2017\\\/09\\\/Agricultural-Enzyme-Blend.jpg\",\"width\":1200,\"height\":519},{\"@type\":\"BreadcrumbList\",\"@id\":\"https:\\\/\\\/americanbiosystems.com\\\/es\\\/productos\\\/enzimas\\\/proteasa\\\/#breadcrumb\",\"itemListElement\":[{\"@type\":\"ListItem\",\"position\":1,\"name\":\"Home\",\"item\":\"https:\\\/\\\/americanbiosystems.com\\\/es\\\/?lang=es\"},{\"@type\":\"ListItem\",\"position\":2,\"name\":\"Productos\",\"item\":\"https:\\\/\\\/americanbiosystems.com\\\/es\\\/productos\\\/\"},{\"@type\":\"ListItem\",\"position\":3,\"name\":\"Enzimas\",\"item\":\"https:\\\/\\\/americanbiosystems.com\\\/es\\\/productos\\\/enzimas\\\/\"},{\"@type\":\"ListItem\",\"position\":4,\"name\":\"Proteasa\"}]},{\"@type\":\"WebSite\",\"@id\":\"https:\\\/\\\/americanbiosystems.com\\\/es\\\/#website\",\"url\":\"https:\\\/\\\/americanbiosystems.com\\\/es\\\/\",\"name\":\"American Biosystems\",\"description\":\"Enzymes and Direct Fed Microbials\",\"publisher\":{\"@id\":\"https:\\\/\\\/americanbiosystems.com\\\/es\\\/#organization\"},\"potentialAction\":[{\"@type\":\"SearchAction\",\"target\":{\"@type\":\"EntryPoint\",\"urlTemplate\":\"https:\\\/\\\/americanbiosystems.com\\\/es\\\/?s={search_term_string}\"},\"query-input\":{\"@type\":\"PropertyValueSpecification\",\"valueRequired\":true,\"valueName\":\"search_term_string\"}}],\"inLanguage\":\"es\"},{\"@type\":\"Organization\",\"@id\":\"https:\\\/\\\/americanbiosystems.com\\\/es\\\/#organization\",\"name\":\"American Biosystems\",\"url\":\"https:\\\/\\\/americanbiosystems.com\\\/es\\\/\",\"logo\":{\"@type\":\"ImageObject\",\"inLanguage\":\"es\",\"@id\":\"https:\\\/\\\/americanbiosystems.com\\\/es\\\/#\\\/schema\\\/logo\\\/image\\\/\",\"url\":\"https:\\\/\\\/americanbiosystems.com\\\/wp-content\\\/uploads\\\/2022\\\/06\\\/AmBiologo-400x100-1.png\",\"contentUrl\":\"https:\\\/\\\/americanbiosystems.com\\\/wp-content\\\/uploads\\\/2022\\\/06\\\/AmBiologo-400x100-1.png\",\"width\":400,\"height\":100,\"caption\":\"American Biosystems\"},\"image\":{\"@id\":\"https:\\\/\\\/americanbiosystems.com\\\/es\\\/#\\\/schema\\\/logo\\\/image\\\/\"}}]}<\/script>\n<!-- \/ Yoast SEO plugin. -->","yoast_head_json":{"title":"Enzimas Proteasas Industriales | Mezcla, Polvo; Enzimas L\u00edquidas","description":"Las enzimas proteasas ayudan a descomponer las prote\u00ednas en los alimentos y son \u00fatiles en detergentes y medicamentos. \u00a1Llame a American Biosystems para obtener m\u00e1s informaci\u00f3n!","robots":{"index":"index","follow":"follow","max-snippet":"max-snippet:-1","max-image-preview":"max-image-preview:large","max-video-preview":"max-video-preview:-1"},"canonical":"https:\/\/americanbiosystems.com\/es\/productos\/enzimas\/proteasa\/","og_locale":"es_ES","og_type":"article","og_title":"Enzimas Proteasas Industriales | Mezcla, Polvo; Enzimas L\u00edquidas","og_description":"Las enzimas proteasas ayudan a descomponer las prote\u00ednas en los alimentos y son \u00fatiles en detergentes y medicamentos. \u00a1Llame a American Biosystems para obtener m\u00e1s informaci\u00f3n!","og_url":"https:\/\/americanbiosystems.com\/es\/productos\/enzimas\/proteasa\/","og_site_name":"American Biosystems","article_modified_time":"2025-12-02T15:56:43+00:00","og_image":[{"width":1200,"height":519,"url":"https:\/\/americanbiosystems.com\/wp-content\/uploads\/2017\/09\/Agricultural-Enzyme-Blend.jpg","type":"image\/jpeg"}],"twitter_card":"summary_large_image","twitter_misc":{"Tiempo de lectura":"2 minutos"},"schema":{"@context":"https:\/\/schema.org","@graph":[{"@type":"WebPage","@id":"https:\/\/americanbiosystems.com\/es\/productos\/enzimas\/proteasa\/","url":"https:\/\/americanbiosystems.com\/es\/productos\/enzimas\/proteasa\/","name":"Enzimas Proteasas Industriales | Mezcla, Polvo; Enzimas L\u00edquidas","isPartOf":{"@id":"https:\/\/americanbiosystems.com\/es\/#website"},"primaryImageOfPage":{"@id":"https:\/\/americanbiosystems.com\/es\/productos\/enzimas\/proteasa\/#primaryimage"},"image":{"@id":"https:\/\/americanbiosystems.com\/es\/productos\/enzimas\/proteasa\/#primaryimage"},"thumbnailUrl":"https:\/\/americanbiosystems.com\/wp-content\/uploads\/2017\/09\/Agricultural-Enzyme-Blend.jpg","datePublished":"2017-09-25T17:12:51+00:00","dateModified":"2025-12-02T15:56:43+00:00","description":"Las enzimas proteasas ayudan a descomponer las prote\u00ednas en los alimentos y son \u00fatiles en detergentes y medicamentos. \u00a1Llame a American Biosystems para obtener m\u00e1s informaci\u00f3n!","breadcrumb":{"@id":"https:\/\/americanbiosystems.com\/es\/productos\/enzimas\/proteasa\/#breadcrumb"},"inLanguage":"es","potentialAction":[{"@type":"ReadAction","target":["https:\/\/americanbiosystems.com\/es\/productos\/enzimas\/proteasa\/"]}]},{"@type":"ImageObject","inLanguage":"es","@id":"https:\/\/americanbiosystems.com\/es\/productos\/enzimas\/proteasa\/#primaryimage","url":"https:\/\/americanbiosystems.com\/wp-content\/uploads\/2017\/09\/Agricultural-Enzyme-Blend.jpg","contentUrl":"https:\/\/americanbiosystems.com\/wp-content\/uploads\/2017\/09\/Agricultural-Enzyme-Blend.jpg","width":1200,"height":519},{"@type":"BreadcrumbList","@id":"https:\/\/americanbiosystems.com\/es\/productos\/enzimas\/proteasa\/#breadcrumb","itemListElement":[{"@type":"ListItem","position":1,"name":"Home","item":"https:\/\/americanbiosystems.com\/es\/?lang=es"},{"@type":"ListItem","position":2,"name":"Productos","item":"https:\/\/americanbiosystems.com\/es\/productos\/"},{"@type":"ListItem","position":3,"name":"Enzimas","item":"https:\/\/americanbiosystems.com\/es\/productos\/enzimas\/"},{"@type":"ListItem","position":4,"name":"Proteasa"}]},{"@type":"WebSite","@id":"https:\/\/americanbiosystems.com\/es\/#website","url":"https:\/\/americanbiosystems.com\/es\/","name":"American Biosystems","description":"Enzymes and Direct Fed Microbials","publisher":{"@id":"https:\/\/americanbiosystems.com\/es\/#organization"},"potentialAction":[{"@type":"SearchAction","target":{"@type":"EntryPoint","urlTemplate":"https:\/\/americanbiosystems.com\/es\/?s={search_term_string}"},"query-input":{"@type":"PropertyValueSpecification","valueRequired":true,"valueName":"search_term_string"}}],"inLanguage":"es"},{"@type":"Organization","@id":"https:\/\/americanbiosystems.com\/es\/#organization","name":"American Biosystems","url":"https:\/\/americanbiosystems.com\/es\/","logo":{"@type":"ImageObject","inLanguage":"es","@id":"https:\/\/americanbiosystems.com\/es\/#\/schema\/logo\/image\/","url":"https:\/\/americanbiosystems.com\/wp-content\/uploads\/2022\/06\/AmBiologo-400x100-1.png","contentUrl":"https:\/\/americanbiosystems.com\/wp-content\/uploads\/2022\/06\/AmBiologo-400x100-1.png","width":400,"height":100,"caption":"American Biosystems"},"image":{"@id":"https:\/\/americanbiosystems.com\/es\/#\/schema\/logo\/image\/"}}]}},"featured_image_src":"https:\/\/americanbiosystems.com\/wp-content\/uploads\/2017\/09\/Agricultural-Enzyme-Blend-600x400.jpg","featured_image_src_square":"https:\/\/americanbiosystems.com\/wp-content\/uploads\/2017\/09\/Agricultural-Enzyme-Blend-600x519.jpg","_links":{"self":[{"href":"https:\/\/americanbiosystems.com\/es\/wp-json\/wp\/v2\/pages\/14811","targetHints":{"allow":["GET"]}}],"collection":[{"href":"https:\/\/americanbiosystems.com\/es\/wp-json\/wp\/v2\/pages"}],"about":[{"href":"https:\/\/americanbiosystems.com\/es\/wp-json\/wp\/v2\/types\/page"}],"author":[{"embeddable":true,"href":"https:\/\/americanbiosystems.com\/es\/wp-json\/wp\/v2\/users\/2"}],"replies":[{"embeddable":true,"href":"https:\/\/americanbiosystems.com\/es\/wp-json\/wp\/v2\/comments?post=14811"}],"version-history":[{"count":0,"href":"https:\/\/americanbiosystems.com\/es\/wp-json\/wp\/v2\/pages\/14811\/revisions"}],"up":[{"embeddable":true,"href":"https:\/\/americanbiosystems.com\/es\/wp-json\/wp\/v2\/pages\/14759"}],"wp:featuredmedia":[{"embeddable":true,"href":"https:\/\/americanbiosystems.com\/es\/wp-json\/wp\/v2\/media\/14796"}],"wp:attachment":[{"href":"https:\/\/americanbiosystems.com\/es\/wp-json\/wp\/v2\/media?parent=14811"}],"curies":[{"name":"wp","href":"https:\/\/api.w.org\/{rel}","templated":true}]}}