{"id":14797,"date":"2017-09-25T17:03:14","date_gmt":"2017-09-25T17:03:14","guid":{"rendered":"https:\/\/americanbiosystems.com\/productos\/enzimas\/mezclas-de-enzimas-para-la-agricultura\/"},"modified":"2025-12-02T18:50:21","modified_gmt":"2025-12-02T18:50:21","slug":"mezclas-de-enzimas-para-la-agricultura","status":"publish","type":"page","link":"https:\/\/americanbiosystems.com\/es\/productos\/enzimas\/mezclas-de-enzimas-para-la-agricultura\/","title":{"rendered":"Mezclas de Enzimas para la Agricultura"},"content":{"rendered":"\n<div class=\"wp-block-genesis-blocks-gb-columns gb-layout-columns-2 gb-2-col-wideleft\"><div class=\"gb-layout-column-wrap gb-block-layout-column-gap-2 gb-is-responsive-column\">\n<div class=\"wp-block-genesis-blocks-gb-column gb-block-layout-column\"><div class=\"gb-block-layout-column-inner\">\n<figure class=\"wp-block-image size-large\"><img loading=\"lazy\" decoding=\"async\" width=\"1024\" height=\"443\" src=\"https:\/\/americanbiosystems.com\/wp-content\/uploads\/2017\/09\/Agricultural-Enzyme-Blend-1024x443.jpg\" alt=\"A photo of an adult chicken and several chicks\" class=\"wp-image-8105\" srcset=\"https:\/\/americanbiosystems.com\/wp-content\/uploads\/2017\/09\/Agricultural-Enzyme-Blend-1024x443.jpg 1024w, https:\/\/americanbiosystems.com\/wp-content\/uploads\/2017\/09\/Agricultural-Enzyme-Blend-300x130.jpg 300w, https:\/\/americanbiosystems.com\/wp-content\/uploads\/2017\/09\/Agricultural-Enzyme-Blend-768x332.jpg 768w, https:\/\/americanbiosystems.com\/wp-content\/uploads\/2017\/09\/Agricultural-Enzyme-Blend.jpg 1200w\" sizes=\"auto, (max-width: 1024px) 100vw, 1024px\" \/><\/figure>\n\n\n\n<h1 class=\"wp-block-heading\">Mezclas de Enzimas para la Agricultura<\/h1>\n\n\n\n<p>American Biosystems, Inc. es un proveedor de calidad de enzimas microbianas altamente concentradas, fabricadas para una variedad de fines industriales y agr\u00edcolas. Estas enzimas, como todos los productos de American Biosystems, se venden con especificaciones y m\u00e9todos de an\u00e1lisis definidos con precisi\u00f3n. Esta caracter\u00edstica le permite comparar nuestros productos con los de la competencia en cuanto a calidad y valor. La mayor\u00eda de los productos enzim\u00e1ticos est\u00e1n disponibles en una variedad de formulaciones l\u00edquidas y secas, en diferentes concentraciones de enzimas y tama\u00f1os de empaque.<br> <br>   <\/p>\n\n\n\n<h2 class=\"wp-block-heading\">BEX 10,000<\/h2>\n\n\n\n<p>BEX 10,000 es una mezcla dispersable en agua de los extractos de <em>Bacillus subtilis<\/em> y <em>Aspergillus niger<\/em>, que incluye altas concentraciones de beta-glucanasa (gumasa) y niveles moderados de actividades de alfa-amilasa, hemicelulasa, pectinasa y proteasa.<br> <br><\/p>\n\n\n\n<p>USOS: Una mezcla multienzim\u00e1tica para su uso como aditivo en alimentos para animales. Como una fuente concentrada de enzimas hidrol\u00edticas (degradativas) que puede utilizarse en productos industriales y en suplementos que contienen enzimas donde se desea una mayor actividad enzim\u00e1tica.<br> <br> <\/p>\n\n\n\n<p><a href=\"https:\/\/americanbiosystems.com\/wp-content\/uploads\/2025\/11\/bex-10000-span-website.pdf\">Ficha Tenica<\/a><\/p>\n\n\n\n<p><a href=\"https:\/\/americanbiosystems.com\/wp-content\/uploads\/2025\/11\/BEX-10000-SDS.pdf\">Hoja de Datos De Seguridad<\/a><\/p>\n\n\n\n<h2 class=\"wp-block-heading\">COMBO\u00ae Enzyme Blend<\/h2>\n\n\n\n<p>COMBO\u00ae Enzyme Blend incluye una mezcla de 8 enzimas digestivas importantes que han demostrado ser beneficiosas en los alimentos para aves. Estas enzimas son: celulasa, proteasa (3 tipos), amilasa f\u00fangica, xilanasas, \u03b2-glucanasa, hemicelulasa y lipasa.<br><br> <\/p>\n\n\n\n<p>USOS: Como una mezcla de alta potencia de enzimas digestivas beneficiosas, \u00fatil como aditivo para operaciones av\u00edcolas comerciales, incluyendo pollos de engorde y gallinas ponedoras.<br><br><\/p>\n\n\n\n<p><a href=\"https:\/\/americanbiosystems.com\/wp-content\/uploads\/2025\/11\/combo-enzyme-blend-10X-span-website.pdf\">Ficha Tenica<\/a><\/p>\n\n\n\n<p><a href=\"https:\/\/americanbiosystems.com\/wp-content\/uploads\/2025\/11\/SDS-ABS-Combo-Enzyme-Blend-10X-1.pdf\">Hoja de Datos De Seguridad<\/a><\/p>\n\n\n\n<div class=\"wp-block-group es-remove\"><div class=\"wp-block-group__inner-container is-layout-constrained wp-block-group-is-layout-constrained\">\n<p><\/p>\n<\/div><\/div>\n<\/div><\/div>\n\n\n\n<div class=\"wp-block-genesis-blocks-gb-column ambio-sidebar-menu gb-block-layout-column\"><div class=\"gb-block-layout-column-inner\">\n<h2 class=\"wp-block-heading\">Enzimas<\/h2>\n\n\n<nav class=\"is-vertical wp-block-navigation is-layout-flex wp-container-core-navigation-is-layout-8cf370e7 wp-block-navigation-is-layout-flex\" aria-label=\"Enzymes - Spanish\"><ul class=\"wp-block-navigation__container  is-vertical wp-block-navigation\"><li class=\" wp-block-navigation-item wp-block-navigation-link\"><a class=\"wp-block-navigation-item__content\"  href=\"https:\/\/americanbiosystems.com\/es\/productos\/enzimas\/mezclas-de-enzimas-para-la-agricultura\/\"><span class=\"wp-block-navigation-item__label\">Mezclas de Enzimas para la Agricultura<\/span><\/a><\/li><li class=\" wp-block-navigation-item wp-block-navigation-link\"><a class=\"wp-block-navigation-item__content\"  href=\"https:\/\/americanbiosystems.com\/es\/amilasa-bacteriana\/\"><span class=\"wp-block-navigation-item__label\">Amilasa Bacteriana<\/span><\/a><\/li><li class=\" wp-block-navigation-item wp-block-navigation-link\"><a class=\"wp-block-navigation-item__content\"  href=\"https:\/\/americanbiosystems.com\/es\/productos\/enzimas\/beta-mannanasa\/\"><span class=\"wp-block-navigation-item__label\">Beta Mannanasa<\/span><\/a><\/li><li class=\" wp-block-navigation-item wp-block-navigation-link\"><a class=\"wp-block-navigation-item__content\"  href=\"https:\/\/americanbiosystems.com\/es\/productos\/enzimas\/cellulasa\/\"><span class=\"wp-block-navigation-item__label\">Cellulasa<\/span><\/a><\/li><li class=\" wp-block-navigation-item wp-block-navigation-link\"><a class=\"wp-block-navigation-item__content\"  href=\"https:\/\/americanbiosystems.com\/es\/productos\/enzimas\/alfa-amilasa\/\"><span class=\"wp-block-navigation-item__label\">Alfa Amilasa<\/span><\/a><\/li><li class=\" wp-block-navigation-item wp-block-navigation-link\"><a class=\"wp-block-navigation-item__content\"  href=\"https:\/\/americanbiosystems.com\/es\/productos\/enzimas\/lipasa\/\"><span class=\"wp-block-navigation-item__label\">Lipasa<\/span><\/a><\/li><li class=\" wp-block-navigation-item wp-block-navigation-link\"><a class=\"wp-block-navigation-item__content\"  href=\"https:\/\/americanbiosystems.com\/es\/productos\/enzimas\/fitasa-enzymes\/\"><span class=\"wp-block-navigation-item__label\">Fitasa<\/span><\/a><\/li><li class=\" wp-block-navigation-item wp-block-navigation-link\"><a class=\"wp-block-navigation-item__content\"  href=\"https:\/\/americanbiosystems.com\/es\/productos\/enzimas\/proteasa\/\"><span class=\"wp-block-navigation-item__label\">Proteasa<\/span><\/a><\/li><li class=\" wp-block-navigation-item wp-block-navigation-link\"><a class=\"wp-block-navigation-item__content\"  href=\"https:\/\/americanbiosystems.com\/es\/productos\/enzimas\/xilanasa\/\"><span class=\"wp-block-navigation-item__label\">Xilanasa<\/span><\/a><\/li><\/ul><\/nav>\n\n\n<div class=\"wp-block-cover gb-block-cta\" style=\"padding-top:2%;min-height:13em;aspect-ratio:unset;\"><img loading=\"lazy\" decoding=\"async\" width=\"1920\" height=\"480\" class=\"wp-block-cover__image-background wp-image-2350\" alt=\"\" src=\"https:\/\/americanbiosystems.com\/wp-content\/uploads\/2017\/09\/contact_header.jpg\" data-object-fit=\"cover\" srcset=\"https:\/\/americanbiosystems.com\/wp-content\/uploads\/2017\/09\/contact_header.jpg 1920w, https:\/\/americanbiosystems.com\/wp-content\/uploads\/2017\/09\/contact_header-300x75.jpg 300w, https:\/\/americanbiosystems.com\/wp-content\/uploads\/2017\/09\/contact_header-1024x256.jpg 1024w, https:\/\/americanbiosystems.com\/wp-content\/uploads\/2017\/09\/contact_header-768x192.jpg 768w, https:\/\/americanbiosystems.com\/wp-content\/uploads\/2017\/09\/contact_header-1536x384.jpg 1536w, https:\/\/americanbiosystems.com\/wp-content\/uploads\/2017\/09\/contact_header-1200x300.jpg 1200w, https:\/\/americanbiosystems.com\/wp-content\/uploads\/2017\/09\/contact_header-1400x350.jpg 1400w\" sizes=\"auto, (max-width: 1920px) 100vw, 1920px\" \/><span aria-hidden=\"true\" class=\"wp-block-cover__background has-background-dim-0 has-background-dim\" style=\"background-color:#505050\"><\/span><div class=\"wp-block-cover__inner-container is-layout-flow wp-block-cover-is-layout-flow\">\n<h3 class=\"wp-block-heading has-text-align-center has-text-color has-link-color wp-elements-292db8cb8556e1fd77574a96e3747276\" style=\"color:#ffffff;font-size:24px;line-height:1.2\">Ll\u00e1menos <br><a href=\"tel:5403446469\">540.344.6469<\/a><\/h3>\n\n\n\n<p class=\"has-text-align-center\" style=\"line-height:1\"><\/p>\n\n\n\n<div class=\"wp-block-buttons is-content-justification-center is-layout-flex wp-container-core-buttons-is-layout-16018d1d wp-block-buttons-is-layout-flex\">\n<div class=\"wp-block-button gb-block-button is-style-fill\"><a class=\"wp-block-button__link has-text-color has-background wp-element-button\" href=\"https:\/\/americanbiosystems.com\/es\/contactanos\/\" style=\"border-radius:0px;color:#003b70;background-color:#fefefe;padding-top:10px;padding-right:1em;padding-bottom:10px;padding-left:1em\"><strong>Cont\u00e1ctenos.<\/strong><\/a><\/div>\n<\/div>\n<\/div><\/div>\n<\/div><\/div>\n<\/div><\/div>\n","protected":false},"excerpt":{"rendered":"","protected":false},"author":2,"featured_media":14796,"parent":14759,"menu_order":0,"comment_status":"closed","ping_status":"closed","template":"","meta":{"_genesis_hide_title":false,"_genesis_hide_breadcrumbs":false,"_genesis_hide_singular_image":false,"_genesis_hide_footer_widgets":false,"_genesis_custom_body_class":"","_genesis_custom_post_class":"","_genesis_layout":"","footnotes":"","_links_to":"","_links_to_target":""},"class_list":{"0":"post-14797","1":"page","2":"type-page","3":"status-publish","4":"has-post-thumbnail","6":"entry"},"yoast_head":"<!-- This site is optimized with the Yoast SEO plugin v27.4 - https:\/\/yoast.com\/product\/yoast-seo-wordpress\/ -->\n<title>Mezclas de Enzimas Agr\u00edcolas \u2013 Enzimas | American Biosystems<\/title>\n<meta name=\"description\" content=\"COMBO\u00ae Enzyme Blend es una mezcla de m\u00faltiples enzimas para su uso como aditivo en alimento para animales. Incluye ocho enzimas digestivas importantes, beneficiosas en alimentos para aves.\" \/>\n<meta name=\"robots\" content=\"index, follow, max-snippet:-1, max-image-preview:large, max-video-preview:-1\" \/>\n<link rel=\"canonical\" href=\"https:\/\/americanbiosystems.com\/es\/productos\/enzimas\/mezclas-de-enzimas-para-la-agricultura\/\" \/>\n<meta property=\"og:locale\" content=\"es_ES\" \/>\n<meta property=\"og:type\" content=\"article\" \/>\n<meta property=\"og:title\" content=\"Mezclas de Enzimas Agr\u00edcolas \u2013 Enzimas | American Biosystems\" \/>\n<meta property=\"og:description\" content=\"COMBO\u00ae Enzyme Blend es una mezcla de m\u00faltiples enzimas para su uso como aditivo en alimento para animales. Incluye ocho enzimas digestivas importantes, beneficiosas en alimentos para aves.\" \/>\n<meta property=\"og:url\" content=\"https:\/\/americanbiosystems.com\/es\/productos\/enzimas\/mezclas-de-enzimas-para-la-agricultura\/\" \/>\n<meta property=\"og:site_name\" content=\"American Biosystems\" \/>\n<meta property=\"article:modified_time\" content=\"2025-12-02T18:50:21+00:00\" \/>\n<meta property=\"og:image\" content=\"https:\/\/americanbiosystems.com\/wp-content\/uploads\/2017\/09\/Agricultural-Enzyme-Blend.jpg\" \/>\n\t<meta property=\"og:image:width\" content=\"1200\" \/>\n\t<meta property=\"og:image:height\" content=\"519\" \/>\n\t<meta property=\"og:image:type\" content=\"image\/jpeg\" \/>\n<meta name=\"twitter:card\" content=\"summary_large_image\" \/>\n<meta name=\"twitter:label1\" content=\"Tiempo de lectura\" \/>\n\t<meta name=\"twitter:data1\" content=\"2 minutos\" \/>\n<script type=\"application\/ld+json\" class=\"yoast-schema-graph\">{\"@context\":\"https:\\\/\\\/schema.org\",\"@graph\":[{\"@type\":\"WebPage\",\"@id\":\"https:\\\/\\\/americanbiosystems.com\\\/es\\\/productos\\\/enzimas\\\/mezclas-de-enzimas-para-la-agricultura\\\/\",\"url\":\"https:\\\/\\\/americanbiosystems.com\\\/es\\\/productos\\\/enzimas\\\/mezclas-de-enzimas-para-la-agricultura\\\/\",\"name\":\"Mezclas de Enzimas Agr\u00edcolas \u2013 Enzimas | American Biosystems\",\"isPartOf\":{\"@id\":\"https:\\\/\\\/americanbiosystems.com\\\/es\\\/#website\"},\"primaryImageOfPage\":{\"@id\":\"https:\\\/\\\/americanbiosystems.com\\\/es\\\/productos\\\/enzimas\\\/mezclas-de-enzimas-para-la-agricultura\\\/#primaryimage\"},\"image\":{\"@id\":\"https:\\\/\\\/americanbiosystems.com\\\/es\\\/productos\\\/enzimas\\\/mezclas-de-enzimas-para-la-agricultura\\\/#primaryimage\"},\"thumbnailUrl\":\"https:\\\/\\\/americanbiosystems.com\\\/wp-content\\\/uploads\\\/2017\\\/09\\\/Agricultural-Enzyme-Blend.jpg\",\"datePublished\":\"2017-09-25T17:03:14+00:00\",\"dateModified\":\"2025-12-02T18:50:21+00:00\",\"description\":\"COMBO\u00ae Enzyme Blend es una mezcla de m\u00faltiples enzimas para su uso como aditivo en alimento para animales. Incluye ocho enzimas digestivas importantes, beneficiosas en alimentos para aves.\",\"breadcrumb\":{\"@id\":\"https:\\\/\\\/americanbiosystems.com\\\/es\\\/productos\\\/enzimas\\\/mezclas-de-enzimas-para-la-agricultura\\\/#breadcrumb\"},\"inLanguage\":\"es\",\"potentialAction\":[{\"@type\":\"ReadAction\",\"target\":[\"https:\\\/\\\/americanbiosystems.com\\\/es\\\/productos\\\/enzimas\\\/mezclas-de-enzimas-para-la-agricultura\\\/\"]}]},{\"@type\":\"ImageObject\",\"inLanguage\":\"es\",\"@id\":\"https:\\\/\\\/americanbiosystems.com\\\/es\\\/productos\\\/enzimas\\\/mezclas-de-enzimas-para-la-agricultura\\\/#primaryimage\",\"url\":\"https:\\\/\\\/americanbiosystems.com\\\/wp-content\\\/uploads\\\/2017\\\/09\\\/Agricultural-Enzyme-Blend.jpg\",\"contentUrl\":\"https:\\\/\\\/americanbiosystems.com\\\/wp-content\\\/uploads\\\/2017\\\/09\\\/Agricultural-Enzyme-Blend.jpg\",\"width\":1200,\"height\":519},{\"@type\":\"BreadcrumbList\",\"@id\":\"https:\\\/\\\/americanbiosystems.com\\\/es\\\/productos\\\/enzimas\\\/mezclas-de-enzimas-para-la-agricultura\\\/#breadcrumb\",\"itemListElement\":[{\"@type\":\"ListItem\",\"position\":1,\"name\":\"Home\",\"item\":\"https:\\\/\\\/americanbiosystems.com\\\/es\\\/?lang=es\"},{\"@type\":\"ListItem\",\"position\":2,\"name\":\"Productos\",\"item\":\"https:\\\/\\\/americanbiosystems.com\\\/es\\\/productos\\\/\"},{\"@type\":\"ListItem\",\"position\":3,\"name\":\"Enzimas\",\"item\":\"https:\\\/\\\/americanbiosystems.com\\\/es\\\/productos\\\/enzimas\\\/\"},{\"@type\":\"ListItem\",\"position\":4,\"name\":\"Mezclas de Enzimas para la Agricultura\"}]},{\"@type\":\"WebSite\",\"@id\":\"https:\\\/\\\/americanbiosystems.com\\\/es\\\/#website\",\"url\":\"https:\\\/\\\/americanbiosystems.com\\\/es\\\/\",\"name\":\"American Biosystems\",\"description\":\"Enzymes and Direct Fed Microbials\",\"publisher\":{\"@id\":\"https:\\\/\\\/americanbiosystems.com\\\/es\\\/#organization\"},\"potentialAction\":[{\"@type\":\"SearchAction\",\"target\":{\"@type\":\"EntryPoint\",\"urlTemplate\":\"https:\\\/\\\/americanbiosystems.com\\\/es\\\/?s={search_term_string}\"},\"query-input\":{\"@type\":\"PropertyValueSpecification\",\"valueRequired\":true,\"valueName\":\"search_term_string\"}}],\"inLanguage\":\"es\"},{\"@type\":\"Organization\",\"@id\":\"https:\\\/\\\/americanbiosystems.com\\\/es\\\/#organization\",\"name\":\"American Biosystems\",\"url\":\"https:\\\/\\\/americanbiosystems.com\\\/es\\\/\",\"logo\":{\"@type\":\"ImageObject\",\"inLanguage\":\"es\",\"@id\":\"https:\\\/\\\/americanbiosystems.com\\\/es\\\/#\\\/schema\\\/logo\\\/image\\\/\",\"url\":\"https:\\\/\\\/americanbiosystems.com\\\/wp-content\\\/uploads\\\/2022\\\/06\\\/AmBiologo-400x100-1.png\",\"contentUrl\":\"https:\\\/\\\/americanbiosystems.com\\\/wp-content\\\/uploads\\\/2022\\\/06\\\/AmBiologo-400x100-1.png\",\"width\":400,\"height\":100,\"caption\":\"American Biosystems\"},\"image\":{\"@id\":\"https:\\\/\\\/americanbiosystems.com\\\/es\\\/#\\\/schema\\\/logo\\\/image\\\/\"}}]}<\/script>\n<!-- \/ Yoast SEO plugin. -->","yoast_head_json":{"title":"Mezclas de Enzimas Agr\u00edcolas \u2013 Enzimas | American Biosystems","description":"COMBO\u00ae Enzyme Blend es una mezcla de m\u00faltiples enzimas para su uso como aditivo en alimento para animales. Incluye ocho enzimas digestivas importantes, beneficiosas en alimentos para aves.","robots":{"index":"index","follow":"follow","max-snippet":"max-snippet:-1","max-image-preview":"max-image-preview:large","max-video-preview":"max-video-preview:-1"},"canonical":"https:\/\/americanbiosystems.com\/es\/productos\/enzimas\/mezclas-de-enzimas-para-la-agricultura\/","og_locale":"es_ES","og_type":"article","og_title":"Mezclas de Enzimas Agr\u00edcolas \u2013 Enzimas | American Biosystems","og_description":"COMBO\u00ae Enzyme Blend es una mezcla de m\u00faltiples enzimas para su uso como aditivo en alimento para animales. Incluye ocho enzimas digestivas importantes, beneficiosas en alimentos para aves.","og_url":"https:\/\/americanbiosystems.com\/es\/productos\/enzimas\/mezclas-de-enzimas-para-la-agricultura\/","og_site_name":"American Biosystems","article_modified_time":"2025-12-02T18:50:21+00:00","og_image":[{"width":1200,"height":519,"url":"https:\/\/americanbiosystems.com\/wp-content\/uploads\/2017\/09\/Agricultural-Enzyme-Blend.jpg","type":"image\/jpeg"}],"twitter_card":"summary_large_image","twitter_misc":{"Tiempo de lectura":"2 minutos"},"schema":{"@context":"https:\/\/schema.org","@graph":[{"@type":"WebPage","@id":"https:\/\/americanbiosystems.com\/es\/productos\/enzimas\/mezclas-de-enzimas-para-la-agricultura\/","url":"https:\/\/americanbiosystems.com\/es\/productos\/enzimas\/mezclas-de-enzimas-para-la-agricultura\/","name":"Mezclas de Enzimas Agr\u00edcolas \u2013 Enzimas | American Biosystems","isPartOf":{"@id":"https:\/\/americanbiosystems.com\/es\/#website"},"primaryImageOfPage":{"@id":"https:\/\/americanbiosystems.com\/es\/productos\/enzimas\/mezclas-de-enzimas-para-la-agricultura\/#primaryimage"},"image":{"@id":"https:\/\/americanbiosystems.com\/es\/productos\/enzimas\/mezclas-de-enzimas-para-la-agricultura\/#primaryimage"},"thumbnailUrl":"https:\/\/americanbiosystems.com\/wp-content\/uploads\/2017\/09\/Agricultural-Enzyme-Blend.jpg","datePublished":"2017-09-25T17:03:14+00:00","dateModified":"2025-12-02T18:50:21+00:00","description":"COMBO\u00ae Enzyme Blend es una mezcla de m\u00faltiples enzimas para su uso como aditivo en alimento para animales. Incluye ocho enzimas digestivas importantes, beneficiosas en alimentos para aves.","breadcrumb":{"@id":"https:\/\/americanbiosystems.com\/es\/productos\/enzimas\/mezclas-de-enzimas-para-la-agricultura\/#breadcrumb"},"inLanguage":"es","potentialAction":[{"@type":"ReadAction","target":["https:\/\/americanbiosystems.com\/es\/productos\/enzimas\/mezclas-de-enzimas-para-la-agricultura\/"]}]},{"@type":"ImageObject","inLanguage":"es","@id":"https:\/\/americanbiosystems.com\/es\/productos\/enzimas\/mezclas-de-enzimas-para-la-agricultura\/#primaryimage","url":"https:\/\/americanbiosystems.com\/wp-content\/uploads\/2017\/09\/Agricultural-Enzyme-Blend.jpg","contentUrl":"https:\/\/americanbiosystems.com\/wp-content\/uploads\/2017\/09\/Agricultural-Enzyme-Blend.jpg","width":1200,"height":519},{"@type":"BreadcrumbList","@id":"https:\/\/americanbiosystems.com\/es\/productos\/enzimas\/mezclas-de-enzimas-para-la-agricultura\/#breadcrumb","itemListElement":[{"@type":"ListItem","position":1,"name":"Home","item":"https:\/\/americanbiosystems.com\/es\/?lang=es"},{"@type":"ListItem","position":2,"name":"Productos","item":"https:\/\/americanbiosystems.com\/es\/productos\/"},{"@type":"ListItem","position":3,"name":"Enzimas","item":"https:\/\/americanbiosystems.com\/es\/productos\/enzimas\/"},{"@type":"ListItem","position":4,"name":"Mezclas de Enzimas para la Agricultura"}]},{"@type":"WebSite","@id":"https:\/\/americanbiosystems.com\/es\/#website","url":"https:\/\/americanbiosystems.com\/es\/","name":"American Biosystems","description":"Enzymes and Direct Fed Microbials","publisher":{"@id":"https:\/\/americanbiosystems.com\/es\/#organization"},"potentialAction":[{"@type":"SearchAction","target":{"@type":"EntryPoint","urlTemplate":"https:\/\/americanbiosystems.com\/es\/?s={search_term_string}"},"query-input":{"@type":"PropertyValueSpecification","valueRequired":true,"valueName":"search_term_string"}}],"inLanguage":"es"},{"@type":"Organization","@id":"https:\/\/americanbiosystems.com\/es\/#organization","name":"American Biosystems","url":"https:\/\/americanbiosystems.com\/es\/","logo":{"@type":"ImageObject","inLanguage":"es","@id":"https:\/\/americanbiosystems.com\/es\/#\/schema\/logo\/image\/","url":"https:\/\/americanbiosystems.com\/wp-content\/uploads\/2022\/06\/AmBiologo-400x100-1.png","contentUrl":"https:\/\/americanbiosystems.com\/wp-content\/uploads\/2022\/06\/AmBiologo-400x100-1.png","width":400,"height":100,"caption":"American Biosystems"},"image":{"@id":"https:\/\/americanbiosystems.com\/es\/#\/schema\/logo\/image\/"}}]}},"featured_image_src":"https:\/\/americanbiosystems.com\/wp-content\/uploads\/2017\/09\/Agricultural-Enzyme-Blend-600x400.jpg","featured_image_src_square":"https:\/\/americanbiosystems.com\/wp-content\/uploads\/2017\/09\/Agricultural-Enzyme-Blend-600x519.jpg","_links":{"self":[{"href":"https:\/\/americanbiosystems.com\/es\/wp-json\/wp\/v2\/pages\/14797","targetHints":{"allow":["GET"]}}],"collection":[{"href":"https:\/\/americanbiosystems.com\/es\/wp-json\/wp\/v2\/pages"}],"about":[{"href":"https:\/\/americanbiosystems.com\/es\/wp-json\/wp\/v2\/types\/page"}],"author":[{"embeddable":true,"href":"https:\/\/americanbiosystems.com\/es\/wp-json\/wp\/v2\/users\/2"}],"replies":[{"embeddable":true,"href":"https:\/\/americanbiosystems.com\/es\/wp-json\/wp\/v2\/comments?post=14797"}],"version-history":[{"count":0,"href":"https:\/\/americanbiosystems.com\/es\/wp-json\/wp\/v2\/pages\/14797\/revisions"}],"up":[{"embeddable":true,"href":"https:\/\/americanbiosystems.com\/es\/wp-json\/wp\/v2\/pages\/14759"}],"wp:featuredmedia":[{"embeddable":true,"href":"https:\/\/americanbiosystems.com\/es\/wp-json\/wp\/v2\/media\/14796"}],"wp:attachment":[{"href":"https:\/\/americanbiosystems.com\/es\/wp-json\/wp\/v2\/media?parent=14797"}],"curies":[{"name":"wp","href":"https:\/\/api.w.org\/{rel}","templated":true}]}}