{"id":14788,"date":"2017-11-29T17:50:39","date_gmt":"2017-11-29T17:50:39","guid":{"rendered":"https:\/\/americanbiosystems.com\/productos\/microbianos-de-alimentacion-directa\/concentrado-de-esporas-viables-de-bacillus\/"},"modified":"2025-12-02T18:39:27","modified_gmt":"2025-12-02T18:39:27","slug":"concentrado-de-esporas-viables-de-bacillus","status":"publish","type":"page","link":"https:\/\/americanbiosystems.com\/es\/productos\/microbianos-de-alimentacion-directa\/concentrado-de-esporas-viables-de-bacillus\/","title":{"rendered":"Concentrado de esporas viables de Bacillus"},"content":{"rendered":"\n<div class=\"wp-block-genesis-blocks-gb-columns gb-layout-columns-2 gb-2-col-wideleft\"><div class=\"gb-layout-column-wrap gb-block-layout-column-gap-2 gb-is-responsive-column\">\n<div class=\"wp-block-genesis-blocks-gb-column gb-block-layout-column\"><div class=\"gb-block-layout-column-inner\">\n<figure class=\"wp-block-image size-large\"><img loading=\"lazy\" decoding=\"async\" width=\"1024\" height=\"443\" src=\"https:\/\/americanbiosystems.com\/wp-content\/uploads\/2017\/11\/shutterstock_251568547-1024x443.jpg\" alt=\"A photo of two pigs looking at each other\" class=\"wp-image-8145\" srcset=\"https:\/\/americanbiosystems.com\/wp-content\/uploads\/2017\/11\/shutterstock_251568547-1024x443.jpg 1024w, https:\/\/americanbiosystems.com\/wp-content\/uploads\/2017\/11\/shutterstock_251568547-300x130.jpg 300w, https:\/\/americanbiosystems.com\/wp-content\/uploads\/2017\/11\/shutterstock_251568547-768x332.jpg 768w, https:\/\/americanbiosystems.com\/wp-content\/uploads\/2017\/11\/shutterstock_251568547.jpg 1200w\" sizes=\"auto, (max-width: 1024px) 100vw, 1024px\" \/><\/figure>\n\n\n\n<h1 class=\"wp-block-heading\">Concentrado de esporas viables de Bacillus<\/h1>\n\n\n\n<p>Los concentrados de esporas viables de <em>Bacillus subtilis y Bacillus licheniformis<\/em> son polvos altamente estables y concentrados sobre un portador de maltodextrina. Estos materiales presentan un color que va del blanco crema al beige y tienen poco o ning\u00fan olor. Nuestras cepas de <em><em>Bacillus subtilis y Bacillus licheniformis<\/em><\/em> son fuertes productoras de proteasa y lipasa bacterianas. Estos materiales son generalmente reconocidos como ingredientes seguros para alimentos animales. La suplementaci\u00f3n de estos productos en aplicaciones de alimento para animales puede ser deseable cuando se requiere actividad enzim\u00e1tica hidrol\u00edtica. Tambi\u00e9n son aceptables y funcionales para aplicaciones de tratamiento de aguas residuales.<br> <br>     <\/p>\n\n\n\n<p><\/p>\n\n\n\n<p><a href=\"https:\/\/americanbiosystems.com\/wp-content\/uploads\/2025\/11\/bacillus-subtilis-viable-spore-concentrate-span-website.pdf\">Ficha tecnica <em>B. subtilis<\/em><\/a><\/p>\n\n\n\n<p><a href=\"https:\/\/americanbiosystems.com\/wp-content\/uploads\/2025\/11\/bacillus-licheniformis-viable-spore-concentrate-span-website.pdf\">Ficha Tecnica <em>B. licheniformis<\/em> <\/a><\/p>\n\n\n\n<p><a href=\"https:\/\/americanbiosystems.com\/wp-content\/uploads\/2025\/11\/Bacillus-subtilis-Concentrate-SDS.pdf\">Hoja de datos de seguridad <em>B. subtilis<\/em><\/a><\/p>\n\n\n\n<p><a href=\"https:\/\/americanbiosystems.com\/wp-content\/uploads\/2025\/11\/BAcillus-Licheniformis-SDS.pdf\">Hoja de datos de seguridad <em>B. licheniformis<\/em><\/a><\/p>\n<\/div><\/div>\n\n\n\n<div class=\"wp-block-genesis-blocks-gb-column ambio-sidebar-menu gb-block-layout-column\"><div class=\"gb-block-layout-column-inner\">\n<h2 class=\"wp-block-heading\">Microbianos de Alimentaci\u00f3n Directa<\/h2>\n\n\n<nav class=\"is-vertical wp-block-navigation is-layout-flex wp-container-core-navigation-is-layout-8cf370e7 wp-block-navigation-is-layout-flex\" aria-label=\"Direct-Fed Microbials - Spanish\"><ul class=\"wp-block-navigation__container  is-vertical wp-block-navigation\"><li class=\" wp-block-navigation-item wp-block-navigation-link\"><a class=\"wp-block-navigation-item__content\"  href=\"https:\/\/americanbiosystems.com\/es\/productos\/microbianos-de-alimentacion-directa\/aspergillus-niger-fermentation-product\/\"><span class=\"wp-block-navigation-item__label\">Producto de la fermentacion de Aspergillus niger<\/span><\/a><\/li><li class=\" wp-block-navigation-item wp-block-navigation-link\"><a class=\"wp-block-navigation-item__content\"  href=\"https:\/\/americanbiosystems.com\/es\/productos\/microbianos-de-alimentacion-directa\/producto-de-fermentacion-de-aspergillus-oryzae\/\"><span class=\"wp-block-navigation-item__label\">Producto de fermentaci\u00f3n de Aspergillus oryzae<\/span><\/a><\/li><li class=\" wp-block-navigation-item wp-block-navigation-link\"><a class=\"wp-block-navigation-item__content\"  href=\"https:\/\/americanbiosystems.com\/es\/productos\/microbianos-de-alimentacion-directa\/producto-de-fermentacion-de-bacillus-subtilis\/\"><span class=\"wp-block-navigation-item__label\">Producto de fermentaci\u00f3n de Bacillus subtilis<\/span><\/a><\/li><li class=\" wp-block-navigation-item wp-block-navigation-link\"><a class=\"wp-block-navigation-item__content\"  href=\"https:\/\/americanbiosystems.com\/es\/productos\/microbianos-de-alimentacion-directa\/concentrado-de-esporas-viables-de-bacillus\/\"><span class=\"wp-block-navigation-item__label\">Concentrado de esporas viables de Bacillus<\/span><\/a><\/li><li class=\" wp-block-navigation-item wp-block-navigation-link\"><a class=\"wp-block-navigation-item__content\"  href=\"https:\/\/americanbiosystems.com\/es\/productos\/microbianos-de-alimentacion-directa\/productos-de-fermentacion-mezclados\/\"><span class=\"wp-block-navigation-item__label\">Productos de fermentaci\u00f3n mezclados<br> <br><\/span><\/a><\/li><\/ul><\/nav>\n\n\n<div class=\"wp-block-cover gb-block-cta\" style=\"padding-top:2%;min-height:13em;aspect-ratio:unset;\"><img loading=\"lazy\" decoding=\"async\" width=\"1920\" height=\"480\" class=\"wp-block-cover__image-background wp-image-2350\" alt=\"\" src=\"https:\/\/americanbiosystems.com\/wp-content\/uploads\/2017\/09\/contact_header.jpg\" data-object-fit=\"cover\" srcset=\"https:\/\/americanbiosystems.com\/wp-content\/uploads\/2017\/09\/contact_header.jpg 1920w, https:\/\/americanbiosystems.com\/wp-content\/uploads\/2017\/09\/contact_header-300x75.jpg 300w, https:\/\/americanbiosystems.com\/wp-content\/uploads\/2017\/09\/contact_header-1024x256.jpg 1024w, https:\/\/americanbiosystems.com\/wp-content\/uploads\/2017\/09\/contact_header-768x192.jpg 768w, https:\/\/americanbiosystems.com\/wp-content\/uploads\/2017\/09\/contact_header-1536x384.jpg 1536w, https:\/\/americanbiosystems.com\/wp-content\/uploads\/2017\/09\/contact_header-1200x300.jpg 1200w, https:\/\/americanbiosystems.com\/wp-content\/uploads\/2017\/09\/contact_header-1400x350.jpg 1400w\" sizes=\"auto, (max-width: 1920px) 100vw, 1920px\" \/><span aria-hidden=\"true\" class=\"wp-block-cover__background has-background-dim-0 has-background-dim\" style=\"background-color:#505050\"><\/span><div class=\"wp-block-cover__inner-container is-layout-flow wp-block-cover-is-layout-flow\">\n<h3 class=\"wp-block-heading has-text-align-center has-text-color has-link-color wp-elements-292db8cb8556e1fd77574a96e3747276\" style=\"color:#ffffff;font-size:24px;line-height:1.2\">Ll\u00e1menos <br><a href=\"tel:5403446469\">540.344.6469<\/a><\/h3>\n\n\n\n<p class=\"has-text-align-center\" style=\"line-height:1\"><\/p>\n\n\n\n<div class=\"wp-block-buttons is-content-justification-center is-layout-flex wp-container-core-buttons-is-layout-16018d1d wp-block-buttons-is-layout-flex\">\n<div class=\"wp-block-button gb-block-button is-style-fill\"><a class=\"wp-block-button__link has-text-color has-background wp-element-button\" href=\"https:\/\/americanbiosystems.com\/es\/contactanos\/\" style=\"border-radius:0px;color:#003b70;background-color:#fefefe;padding-top:10px;padding-right:1em;padding-bottom:10px;padding-left:1em\"><strong>Cont\u00e1ctenos.<\/strong><\/a><\/div>\n<\/div>\n<\/div><\/div>\n<\/div><\/div>\n<\/div><\/div>\n","protected":false},"excerpt":{"rendered":"","protected":false},"author":2,"featured_media":14787,"parent":14755,"menu_order":0,"comment_status":"closed","ping_status":"closed","template":"","meta":{"_genesis_hide_title":false,"_genesis_hide_breadcrumbs":false,"_genesis_hide_singular_image":false,"_genesis_hide_footer_widgets":false,"_genesis_custom_body_class":"","_genesis_custom_post_class":"","_genesis_layout":"","footnotes":"","_links_to":"","_links_to_target":""},"class_list":{"0":"post-14788","1":"page","2":"type-page","3":"status-publish","4":"has-post-thumbnail","6":"entry"},"yoast_head":"<!-- This site is optimized with the Yoast SEO plugin v27.3 - https:\/\/yoast.com\/product\/yoast-seo-wordpress\/ -->\n<title>Concentrado de Esporas Viables \u2013 Microbiano de Alimentaci\u00f3n Directa | American Biosystems<\/title>\n<meta name=\"description\" content=\"Los concentrados de esporas viables de Bacillus subtilis y Bacillus licheniformis producen proteasa y lipasa bacterianas, que son ingredientes seguros para el alimento animal.\" \/>\n<meta name=\"robots\" content=\"index, follow, max-snippet:-1, max-image-preview:large, max-video-preview:-1\" \/>\n<link rel=\"canonical\" href=\"https:\/\/americanbiosystems.com\/es\/productos\/microbianos-de-alimentacion-directa\/concentrado-de-esporas-viables-de-bacillus\/\" \/>\n<meta property=\"og:locale\" content=\"es_ES\" \/>\n<meta property=\"og:type\" content=\"article\" \/>\n<meta property=\"og:title\" content=\"Concentrado de Esporas Viables \u2013 Microbiano de Alimentaci\u00f3n Directa | American Biosystems\" \/>\n<meta property=\"og:description\" content=\"Los concentrados de esporas viables de Bacillus subtilis y Bacillus licheniformis producen proteasa y lipasa bacterianas, que son ingredientes seguros para el alimento animal.\" \/>\n<meta property=\"og:url\" content=\"https:\/\/americanbiosystems.com\/es\/productos\/microbianos-de-alimentacion-directa\/concentrado-de-esporas-viables-de-bacillus\/\" \/>\n<meta property=\"og:site_name\" content=\"American Biosystems\" \/>\n<meta property=\"article:modified_time\" content=\"2025-12-02T18:39:27+00:00\" \/>\n<meta property=\"og:image\" content=\"https:\/\/americanbiosystems.com\/wp-content\/uploads\/2017\/11\/shutterstock_251568547.jpg\" \/>\n\t<meta property=\"og:image:width\" content=\"1200\" \/>\n\t<meta property=\"og:image:height\" content=\"519\" \/>\n\t<meta property=\"og:image:type\" content=\"image\/jpeg\" \/>\n<meta name=\"twitter:card\" content=\"summary_large_image\" \/>\n<meta name=\"twitter:label1\" content=\"Tiempo de lectura\" \/>\n\t<meta name=\"twitter:data1\" content=\"2 minutos\" \/>\n<script type=\"application\/ld+json\" class=\"yoast-schema-graph\">{\"@context\":\"https:\\\/\\\/schema.org\",\"@graph\":[{\"@type\":\"WebPage\",\"@id\":\"https:\\\/\\\/americanbiosystems.com\\\/es\\\/productos\\\/microbianos-de-alimentacion-directa\\\/concentrado-de-esporas-viables-de-bacillus\\\/\",\"url\":\"https:\\\/\\\/americanbiosystems.com\\\/es\\\/productos\\\/microbianos-de-alimentacion-directa\\\/concentrado-de-esporas-viables-de-bacillus\\\/\",\"name\":\"Concentrado de Esporas Viables \u2013 Microbiano de Alimentaci\u00f3n Directa | American Biosystems\",\"isPartOf\":{\"@id\":\"https:\\\/\\\/americanbiosystems.com\\\/es\\\/#website\"},\"primaryImageOfPage\":{\"@id\":\"https:\\\/\\\/americanbiosystems.com\\\/es\\\/productos\\\/microbianos-de-alimentacion-directa\\\/concentrado-de-esporas-viables-de-bacillus\\\/#primaryimage\"},\"image\":{\"@id\":\"https:\\\/\\\/americanbiosystems.com\\\/es\\\/productos\\\/microbianos-de-alimentacion-directa\\\/concentrado-de-esporas-viables-de-bacillus\\\/#primaryimage\"},\"thumbnailUrl\":\"https:\\\/\\\/americanbiosystems.com\\\/wp-content\\\/uploads\\\/2017\\\/11\\\/shutterstock_251568547.jpg\",\"datePublished\":\"2017-11-29T17:50:39+00:00\",\"dateModified\":\"2025-12-02T18:39:27+00:00\",\"description\":\"Los concentrados de esporas viables de Bacillus subtilis y Bacillus licheniformis producen proteasa y lipasa bacterianas, que son ingredientes seguros para el alimento animal.\",\"breadcrumb\":{\"@id\":\"https:\\\/\\\/americanbiosystems.com\\\/es\\\/productos\\\/microbianos-de-alimentacion-directa\\\/concentrado-de-esporas-viables-de-bacillus\\\/#breadcrumb\"},\"inLanguage\":\"es\",\"potentialAction\":[{\"@type\":\"ReadAction\",\"target\":[\"https:\\\/\\\/americanbiosystems.com\\\/es\\\/productos\\\/microbianos-de-alimentacion-directa\\\/concentrado-de-esporas-viables-de-bacillus\\\/\"]}]},{\"@type\":\"ImageObject\",\"inLanguage\":\"es\",\"@id\":\"https:\\\/\\\/americanbiosystems.com\\\/es\\\/productos\\\/microbianos-de-alimentacion-directa\\\/concentrado-de-esporas-viables-de-bacillus\\\/#primaryimage\",\"url\":\"https:\\\/\\\/americanbiosystems.com\\\/wp-content\\\/uploads\\\/2017\\\/11\\\/shutterstock_251568547.jpg\",\"contentUrl\":\"https:\\\/\\\/americanbiosystems.com\\\/wp-content\\\/uploads\\\/2017\\\/11\\\/shutterstock_251568547.jpg\",\"width\":1200,\"height\":519},{\"@type\":\"BreadcrumbList\",\"@id\":\"https:\\\/\\\/americanbiosystems.com\\\/es\\\/productos\\\/microbianos-de-alimentacion-directa\\\/concentrado-de-esporas-viables-de-bacillus\\\/#breadcrumb\",\"itemListElement\":[{\"@type\":\"ListItem\",\"position\":1,\"name\":\"Home\",\"item\":\"https:\\\/\\\/americanbiosystems.com\\\/es\\\/?lang=es\"},{\"@type\":\"ListItem\",\"position\":2,\"name\":\"Productos\",\"item\":\"https:\\\/\\\/americanbiosystems.com\\\/es\\\/productos\\\/\"},{\"@type\":\"ListItem\",\"position\":3,\"name\":\"Microbianos de Alimentaci\u00f3n Directa\",\"item\":\"https:\\\/\\\/americanbiosystems.com\\\/es\\\/productos\\\/microbianos-de-alimentacion-directa\\\/\"},{\"@type\":\"ListItem\",\"position\":4,\"name\":\"Concentrado de esporas viables de Bacillus\"}]},{\"@type\":\"WebSite\",\"@id\":\"https:\\\/\\\/americanbiosystems.com\\\/es\\\/#website\",\"url\":\"https:\\\/\\\/americanbiosystems.com\\\/es\\\/\",\"name\":\"American Biosystems\",\"description\":\"Enzymes and Direct Fed Microbials\",\"publisher\":{\"@id\":\"https:\\\/\\\/americanbiosystems.com\\\/es\\\/#organization\"},\"potentialAction\":[{\"@type\":\"SearchAction\",\"target\":{\"@type\":\"EntryPoint\",\"urlTemplate\":\"https:\\\/\\\/americanbiosystems.com\\\/es\\\/?s={search_term_string}\"},\"query-input\":{\"@type\":\"PropertyValueSpecification\",\"valueRequired\":true,\"valueName\":\"search_term_string\"}}],\"inLanguage\":\"es\"},{\"@type\":\"Organization\",\"@id\":\"https:\\\/\\\/americanbiosystems.com\\\/es\\\/#organization\",\"name\":\"American Biosystems\",\"url\":\"https:\\\/\\\/americanbiosystems.com\\\/es\\\/\",\"logo\":{\"@type\":\"ImageObject\",\"inLanguage\":\"es\",\"@id\":\"https:\\\/\\\/americanbiosystems.com\\\/es\\\/#\\\/schema\\\/logo\\\/image\\\/\",\"url\":\"https:\\\/\\\/americanbiosystems.com\\\/wp-content\\\/uploads\\\/2022\\\/06\\\/AmBiologo-400x100-1.png\",\"contentUrl\":\"https:\\\/\\\/americanbiosystems.com\\\/wp-content\\\/uploads\\\/2022\\\/06\\\/AmBiologo-400x100-1.png\",\"width\":400,\"height\":100,\"caption\":\"American Biosystems\"},\"image\":{\"@id\":\"https:\\\/\\\/americanbiosystems.com\\\/es\\\/#\\\/schema\\\/logo\\\/image\\\/\"}}]}<\/script>\n<!-- \/ Yoast SEO plugin. -->","yoast_head_json":{"title":"Concentrado de Esporas Viables \u2013 Microbiano de Alimentaci\u00f3n Directa | American Biosystems","description":"Los concentrados de esporas viables de Bacillus subtilis y Bacillus licheniformis producen proteasa y lipasa bacterianas, que son ingredientes seguros para el alimento animal.","robots":{"index":"index","follow":"follow","max-snippet":"max-snippet:-1","max-image-preview":"max-image-preview:large","max-video-preview":"max-video-preview:-1"},"canonical":"https:\/\/americanbiosystems.com\/es\/productos\/microbianos-de-alimentacion-directa\/concentrado-de-esporas-viables-de-bacillus\/","og_locale":"es_ES","og_type":"article","og_title":"Concentrado de Esporas Viables \u2013 Microbiano de Alimentaci\u00f3n Directa | American Biosystems","og_description":"Los concentrados de esporas viables de Bacillus subtilis y Bacillus licheniformis producen proteasa y lipasa bacterianas, que son ingredientes seguros para el alimento animal.","og_url":"https:\/\/americanbiosystems.com\/es\/productos\/microbianos-de-alimentacion-directa\/concentrado-de-esporas-viables-de-bacillus\/","og_site_name":"American Biosystems","article_modified_time":"2025-12-02T18:39:27+00:00","og_image":[{"width":1200,"height":519,"url":"https:\/\/americanbiosystems.com\/wp-content\/uploads\/2017\/11\/shutterstock_251568547.jpg","type":"image\/jpeg"}],"twitter_card":"summary_large_image","twitter_misc":{"Tiempo de lectura":"2 minutos"},"schema":{"@context":"https:\/\/schema.org","@graph":[{"@type":"WebPage","@id":"https:\/\/americanbiosystems.com\/es\/productos\/microbianos-de-alimentacion-directa\/concentrado-de-esporas-viables-de-bacillus\/","url":"https:\/\/americanbiosystems.com\/es\/productos\/microbianos-de-alimentacion-directa\/concentrado-de-esporas-viables-de-bacillus\/","name":"Concentrado de Esporas Viables \u2013 Microbiano de Alimentaci\u00f3n Directa | American Biosystems","isPartOf":{"@id":"https:\/\/americanbiosystems.com\/es\/#website"},"primaryImageOfPage":{"@id":"https:\/\/americanbiosystems.com\/es\/productos\/microbianos-de-alimentacion-directa\/concentrado-de-esporas-viables-de-bacillus\/#primaryimage"},"image":{"@id":"https:\/\/americanbiosystems.com\/es\/productos\/microbianos-de-alimentacion-directa\/concentrado-de-esporas-viables-de-bacillus\/#primaryimage"},"thumbnailUrl":"https:\/\/americanbiosystems.com\/wp-content\/uploads\/2017\/11\/shutterstock_251568547.jpg","datePublished":"2017-11-29T17:50:39+00:00","dateModified":"2025-12-02T18:39:27+00:00","description":"Los concentrados de esporas viables de Bacillus subtilis y Bacillus licheniformis producen proteasa y lipasa bacterianas, que son ingredientes seguros para el alimento animal.","breadcrumb":{"@id":"https:\/\/americanbiosystems.com\/es\/productos\/microbianos-de-alimentacion-directa\/concentrado-de-esporas-viables-de-bacillus\/#breadcrumb"},"inLanguage":"es","potentialAction":[{"@type":"ReadAction","target":["https:\/\/americanbiosystems.com\/es\/productos\/microbianos-de-alimentacion-directa\/concentrado-de-esporas-viables-de-bacillus\/"]}]},{"@type":"ImageObject","inLanguage":"es","@id":"https:\/\/americanbiosystems.com\/es\/productos\/microbianos-de-alimentacion-directa\/concentrado-de-esporas-viables-de-bacillus\/#primaryimage","url":"https:\/\/americanbiosystems.com\/wp-content\/uploads\/2017\/11\/shutterstock_251568547.jpg","contentUrl":"https:\/\/americanbiosystems.com\/wp-content\/uploads\/2017\/11\/shutterstock_251568547.jpg","width":1200,"height":519},{"@type":"BreadcrumbList","@id":"https:\/\/americanbiosystems.com\/es\/productos\/microbianos-de-alimentacion-directa\/concentrado-de-esporas-viables-de-bacillus\/#breadcrumb","itemListElement":[{"@type":"ListItem","position":1,"name":"Home","item":"https:\/\/americanbiosystems.com\/es\/?lang=es"},{"@type":"ListItem","position":2,"name":"Productos","item":"https:\/\/americanbiosystems.com\/es\/productos\/"},{"@type":"ListItem","position":3,"name":"Microbianos de Alimentaci\u00f3n Directa","item":"https:\/\/americanbiosystems.com\/es\/productos\/microbianos-de-alimentacion-directa\/"},{"@type":"ListItem","position":4,"name":"Concentrado de esporas viables de Bacillus"}]},{"@type":"WebSite","@id":"https:\/\/americanbiosystems.com\/es\/#website","url":"https:\/\/americanbiosystems.com\/es\/","name":"American Biosystems","description":"Enzymes and Direct Fed Microbials","publisher":{"@id":"https:\/\/americanbiosystems.com\/es\/#organization"},"potentialAction":[{"@type":"SearchAction","target":{"@type":"EntryPoint","urlTemplate":"https:\/\/americanbiosystems.com\/es\/?s={search_term_string}"},"query-input":{"@type":"PropertyValueSpecification","valueRequired":true,"valueName":"search_term_string"}}],"inLanguage":"es"},{"@type":"Organization","@id":"https:\/\/americanbiosystems.com\/es\/#organization","name":"American Biosystems","url":"https:\/\/americanbiosystems.com\/es\/","logo":{"@type":"ImageObject","inLanguage":"es","@id":"https:\/\/americanbiosystems.com\/es\/#\/schema\/logo\/image\/","url":"https:\/\/americanbiosystems.com\/wp-content\/uploads\/2022\/06\/AmBiologo-400x100-1.png","contentUrl":"https:\/\/americanbiosystems.com\/wp-content\/uploads\/2022\/06\/AmBiologo-400x100-1.png","width":400,"height":100,"caption":"American Biosystems"},"image":{"@id":"https:\/\/americanbiosystems.com\/es\/#\/schema\/logo\/image\/"}}]}},"featured_image_src":"https:\/\/americanbiosystems.com\/wp-content\/uploads\/2017\/11\/shutterstock_251568547-600x400.jpg","featured_image_src_square":"https:\/\/americanbiosystems.com\/wp-content\/uploads\/2017\/11\/shutterstock_251568547-600x519.jpg","_links":{"self":[{"href":"https:\/\/americanbiosystems.com\/es\/wp-json\/wp\/v2\/pages\/14788","targetHints":{"allow":["GET"]}}],"collection":[{"href":"https:\/\/americanbiosystems.com\/es\/wp-json\/wp\/v2\/pages"}],"about":[{"href":"https:\/\/americanbiosystems.com\/es\/wp-json\/wp\/v2\/types\/page"}],"author":[{"embeddable":true,"href":"https:\/\/americanbiosystems.com\/es\/wp-json\/wp\/v2\/users\/2"}],"replies":[{"embeddable":true,"href":"https:\/\/americanbiosystems.com\/es\/wp-json\/wp\/v2\/comments?post=14788"}],"version-history":[{"count":0,"href":"https:\/\/americanbiosystems.com\/es\/wp-json\/wp\/v2\/pages\/14788\/revisions"}],"up":[{"embeddable":true,"href":"https:\/\/americanbiosystems.com\/es\/wp-json\/wp\/v2\/pages\/14755"}],"wp:featuredmedia":[{"embeddable":true,"href":"https:\/\/americanbiosystems.com\/es\/wp-json\/wp\/v2\/media\/14787"}],"wp:attachment":[{"href":"https:\/\/americanbiosystems.com\/es\/wp-json\/wp\/v2\/media?parent=14788"}],"curies":[{"name":"wp","href":"https:\/\/api.w.org\/{rel}","templated":true}]}}