{"id":14773,"date":"2017-09-25T18:28:33","date_gmt":"2017-09-25T18:28:33","guid":{"rendered":"https:\/\/americanbiosystems.com\/productos\/microbianos-de-alimentacion-directa\/aspergillus-niger-fermentation-product\/"},"modified":"2025-12-02T18:34:27","modified_gmt":"2025-12-02T18:34:27","slug":"aspergillus-niger-fermentation-product","status":"publish","type":"page","link":"https:\/\/americanbiosystems.com\/es\/productos\/microbianos-de-alimentacion-directa\/aspergillus-niger-fermentation-product\/","title":{"rendered":"Producto de la fermentacion de Aspergillus niger"},"content":{"rendered":"\n<div class=\"wp-block-genesis-blocks-gb-columns gb-layout-columns-2 gb-2-col-wideleft\"><div class=\"gb-layout-column-wrap gb-block-layout-column-gap-2 gb-is-responsive-column\">\n<div class=\"wp-block-genesis-blocks-gb-column gb-block-layout-column\"><div class=\"gb-block-layout-column-inner\">\n<figure class=\"wp-block-image size-large\"><img loading=\"lazy\" decoding=\"async\" width=\"1024\" height=\"443\" src=\"https:\/\/americanbiosystems.com\/wp-content\/uploads\/2017\/09\/aspergillus-niger-1024x443.jpg\" alt=\"A photo of a scoop in a bag of animal feed\" class=\"wp-image-8111\" srcset=\"https:\/\/americanbiosystems.com\/wp-content\/uploads\/2017\/09\/aspergillus-niger-1024x443.jpg 1024w, https:\/\/americanbiosystems.com\/wp-content\/uploads\/2017\/09\/aspergillus-niger-300x130.jpg 300w, https:\/\/americanbiosystems.com\/wp-content\/uploads\/2017\/09\/aspergillus-niger-768x332.jpg 768w, https:\/\/americanbiosystems.com\/wp-content\/uploads\/2017\/09\/aspergillus-niger.jpg 1200w\" sizes=\"auto, (max-width: 1024px) 100vw, 1024px\" \/><\/figure>\n\n\n\n<h1 class=\"wp-block-heading\"><em>Producto de la fermentacion de Aspergillus niger<\/em><\/h1>\n\n\n\n<div class=\"wp-block-group es-remove\"><div class=\"wp-block-group__inner-container is-layout-constrained wp-block-group-is-layout-constrained\">\n<h3 class=\"wp-block-heading\">Serie Super AN de American Biosystems<\/h3>\n\n\n\n<p>American Biosystems cre\u00f3 Super AN para proporcionar a la industria agr\u00edcola una mezcla altamente concentrada de enzimas f\u00fangicas beneficiosas que los productores agr\u00edcolas pueden incluir de manera segura en los alimentos para animales.<\/p>\n\n\n\n<p>El <em>Aspergillus niger<\/em> utilizado en Super AN proporciona una fuente de una amplia variedad de enzimas industriales y agr\u00edcolas que act\u00faan sobre la pectina ramificada que se encuentra en las paredes celulares de la soja. La descomposici\u00f3n de las paredes celulares permite la extracci\u00f3n de nutrientes beneficiosos de los tejidos de la planta de soja. <\/p>\n<\/div><\/div>\n<\/div><\/div>\n\n\n\n<div class=\"wp-block-genesis-blocks-gb-column ambio-sidebar-menu gb-block-layout-column\"><div class=\"gb-block-layout-column-inner\">\n<h2 class=\"wp-block-heading\"><a href=\"https:\/\/americanbiosystems.com\/es\/productos\/microbianos-de-alimentacion-directa\/\" data-type=\"page\" data-id=\"2374\">Microbianos de Alimentaci\u00f3n Directa<\/a><\/h2>\n\n\n<nav class=\"is-vertical wp-block-navigation is-layout-flex wp-container-core-navigation-is-layout-8cf370e7 wp-block-navigation-is-layout-flex\" aria-label=\"Direct-Fed Microbials - Spanish\"><ul class=\"wp-block-navigation__container  is-vertical wp-block-navigation\"><li class=\" wp-block-navigation-item wp-block-navigation-link\"><a class=\"wp-block-navigation-item__content\"  href=\"https:\/\/americanbiosystems.com\/es\/productos\/microbianos-de-alimentacion-directa\/aspergillus-niger-fermentation-product\/\"><span class=\"wp-block-navigation-item__label\">Producto de la fermentacion de Aspergillus niger<\/span><\/a><\/li><li class=\" wp-block-navigation-item wp-block-navigation-link\"><a class=\"wp-block-navigation-item__content\"  href=\"https:\/\/americanbiosystems.com\/es\/productos\/microbianos-de-alimentacion-directa\/producto-de-fermentacion-de-aspergillus-oryzae\/\"><span class=\"wp-block-navigation-item__label\">Producto de fermentaci\u00f3n de Aspergillus oryzae<\/span><\/a><\/li><li class=\" wp-block-navigation-item wp-block-navigation-link\"><a class=\"wp-block-navigation-item__content\"  href=\"https:\/\/americanbiosystems.com\/es\/productos\/microbianos-de-alimentacion-directa\/producto-de-fermentacion-de-bacillus-subtilis\/\"><span class=\"wp-block-navigation-item__label\">Producto de fermentaci\u00f3n de Bacillus subtilis<\/span><\/a><\/li><li class=\" wp-block-navigation-item wp-block-navigation-link\"><a class=\"wp-block-navigation-item__content\"  href=\"https:\/\/americanbiosystems.com\/es\/productos\/microbianos-de-alimentacion-directa\/concentrado-de-esporas-viables-de-bacillus\/\"><span class=\"wp-block-navigation-item__label\">Concentrado de esporas viables de Bacillus<\/span><\/a><\/li><li class=\" wp-block-navigation-item wp-block-navigation-link\"><a class=\"wp-block-navigation-item__content\"  href=\"https:\/\/americanbiosystems.com\/es\/productos\/microbianos-de-alimentacion-directa\/productos-de-fermentacion-mezclados\/\"><span class=\"wp-block-navigation-item__label\">Productos de fermentaci\u00f3n mezclados<br> <br><\/span><\/a><\/li><\/ul><\/nav>\n\n\n<div class=\"wp-block-cover gb-block-cta\" style=\"padding-top:2%;min-height:13em;aspect-ratio:unset;\"><img loading=\"lazy\" decoding=\"async\" width=\"1920\" height=\"480\" class=\"wp-block-cover__image-background wp-image-2350\" alt=\"\" src=\"https:\/\/americanbiosystems.com\/wp-content\/uploads\/2017\/09\/contact_header.jpg\" data-object-fit=\"cover\" srcset=\"https:\/\/americanbiosystems.com\/wp-content\/uploads\/2017\/09\/contact_header.jpg 1920w, https:\/\/americanbiosystems.com\/wp-content\/uploads\/2017\/09\/contact_header-300x75.jpg 300w, https:\/\/americanbiosystems.com\/wp-content\/uploads\/2017\/09\/contact_header-1024x256.jpg 1024w, https:\/\/americanbiosystems.com\/wp-content\/uploads\/2017\/09\/contact_header-768x192.jpg 768w, https:\/\/americanbiosystems.com\/wp-content\/uploads\/2017\/09\/contact_header-1536x384.jpg 1536w, https:\/\/americanbiosystems.com\/wp-content\/uploads\/2017\/09\/contact_header-1200x300.jpg 1200w, https:\/\/americanbiosystems.com\/wp-content\/uploads\/2017\/09\/contact_header-1400x350.jpg 1400w\" sizes=\"auto, (max-width: 1920px) 100vw, 1920px\" \/><span aria-hidden=\"true\" class=\"wp-block-cover__background has-background-dim-0 has-background-dim\" style=\"background-color:#505050\"><\/span><div class=\"wp-block-cover__inner-container is-layout-flow wp-block-cover-is-layout-flow\">\n<h3 class=\"wp-block-heading has-text-align-center has-text-color has-link-color wp-elements-292db8cb8556e1fd77574a96e3747276\" style=\"color:#ffffff;font-size:24px;line-height:1.2\">Ll\u00e1menos <br><a href=\"tel:5403446469\">540.344.6469<\/a><\/h3>\n\n\n\n<p class=\"has-text-align-center\" style=\"line-height:1\"><\/p>\n\n\n\n<div class=\"wp-block-buttons is-content-justification-center is-layout-flex wp-container-core-buttons-is-layout-16018d1d wp-block-buttons-is-layout-flex\">\n<div class=\"wp-block-button gb-block-button is-style-fill\"><a class=\"wp-block-button__link has-text-color has-background wp-element-button\" href=\"https:\/\/americanbiosystems.com\/es\/contactanos\/\" style=\"border-radius:0px;color:#003b70;background-color:#fefefe;padding-top:10px;padding-right:1em;padding-bottom:10px;padding-left:1em\"><strong>Cont\u00e1ctenos.<\/strong><\/a><\/div>\n<\/div>\n<\/div><\/div>\n<\/div><\/div>\n<\/div><\/div>\n\n\n\n<p><a href=\"https:\/\/americanbiosystems.com\/wp-content\/uploads\/2025\/11\/super-an-span-website.pdf\">Ficha t\u00e9cnica<\/a><\/p>\n\n\n\n<p><a href=\"https:\/\/americanbiosystems.com\/wp-content\/uploads\/2025\/11\/Super-AN-SDS.pdf\">Hoja de datos de seguridad<\/a><\/p>\n\n\n\n<p><\/p>\n","protected":false},"excerpt":{"rendered":"<p>Ficha t\u00e9cnica Hoja de datos de seguridad<\/p>\n","protected":false},"author":2,"featured_media":0,"parent":14755,"menu_order":0,"comment_status":"closed","ping_status":"closed","template":"","meta":{"_genesis_hide_title":false,"_genesis_hide_breadcrumbs":false,"_genesis_hide_singular_image":false,"_genesis_hide_footer_widgets":false,"_genesis_custom_body_class":"","_genesis_custom_post_class":"","_genesis_layout":"","footnotes":"","_links_to":"","_links_to_target":""},"class_list":{"0":"post-14773","1":"page","2":"type-page","3":"status-publish","5":"entry"},"yoast_head":"<!-- This site is optimized with the Yoast SEO plugin v27.4 - https:\/\/yoast.com\/product\/yoast-seo-wordpress\/ -->\n<title>Aspergillus niger \u2013 Microbiano de Alimentaci\u00f3n Directa \u2013 American Biosystems<\/title>\n<meta name=\"description\" content=\"Aspergillus niger es una mezcla de enzimas f\u00fangicas beneficiosas para su inclusi\u00f3n en alimentos animales peletizados o como ingrediente a\u00f1adido en la superficie. Ordene hoy mismo con American Biosystems.\" \/>\n<meta name=\"robots\" content=\"index, follow, max-snippet:-1, max-image-preview:large, max-video-preview:-1\" \/>\n<link rel=\"canonical\" href=\"https:\/\/americanbiosystems.com\/es\/productos\/microbianos-de-alimentacion-directa\/aspergillus-niger-fermentation-product\/\" \/>\n<meta property=\"og:locale\" content=\"es_ES\" \/>\n<meta property=\"og:type\" content=\"article\" \/>\n<meta property=\"og:title\" content=\"Aspergillus niger \u2013 Microbiano de Alimentaci\u00f3n Directa \u2013 American Biosystems\" \/>\n<meta property=\"og:description\" content=\"Aspergillus niger es una mezcla de enzimas f\u00fangicas beneficiosas para su inclusi\u00f3n en alimentos animales peletizados o como ingrediente a\u00f1adido en la superficie. Ordene hoy mismo con American Biosystems.\" \/>\n<meta property=\"og:url\" content=\"https:\/\/americanbiosystems.com\/es\/productos\/microbianos-de-alimentacion-directa\/aspergillus-niger-fermentation-product\/\" \/>\n<meta property=\"og:site_name\" content=\"American Biosystems\" \/>\n<meta property=\"article:modified_time\" content=\"2025-12-02T18:34:27+00:00\" \/>\n<meta property=\"og:image\" content=\"https:\/\/americanbiosystems.com\/wp-content\/uploads\/2017\/09\/aspergillus-niger.jpg\" \/>\n\t<meta property=\"og:image:width\" content=\"1200\" \/>\n\t<meta property=\"og:image:height\" content=\"519\" \/>\n\t<meta property=\"og:image:type\" content=\"image\/jpeg\" \/>\n<meta name=\"twitter:card\" content=\"summary_large_image\" \/>\n<meta name=\"twitter:label1\" content=\"Tiempo de lectura\" \/>\n\t<meta name=\"twitter:data1\" content=\"1 minuto\" \/>\n<script type=\"application\/ld+json\" class=\"yoast-schema-graph\">{\"@context\":\"https:\\\/\\\/schema.org\",\"@graph\":[{\"@type\":\"WebPage\",\"@id\":\"https:\\\/\\\/americanbiosystems.com\\\/es\\\/productos\\\/microbianos-de-alimentacion-directa\\\/aspergillus-niger-fermentation-product\\\/\",\"url\":\"https:\\\/\\\/americanbiosystems.com\\\/es\\\/productos\\\/microbianos-de-alimentacion-directa\\\/aspergillus-niger-fermentation-product\\\/\",\"name\":\"Aspergillus niger \u2013 Microbiano de Alimentaci\u00f3n Directa \u2013 American Biosystems\",\"isPartOf\":{\"@id\":\"https:\\\/\\\/americanbiosystems.com\\\/es\\\/#website\"},\"primaryImageOfPage\":{\"@id\":\"https:\\\/\\\/americanbiosystems.com\\\/es\\\/productos\\\/microbianos-de-alimentacion-directa\\\/aspergillus-niger-fermentation-product\\\/#primaryimage\"},\"image\":{\"@id\":\"https:\\\/\\\/americanbiosystems.com\\\/es\\\/productos\\\/microbianos-de-alimentacion-directa\\\/aspergillus-niger-fermentation-product\\\/#primaryimage\"},\"thumbnailUrl\":\"https:\\\/\\\/americanbiosystems.com\\\/wp-content\\\/uploads\\\/2017\\\/09\\\/aspergillus-niger-1024x443.jpg\",\"datePublished\":\"2017-09-25T18:28:33+00:00\",\"dateModified\":\"2025-12-02T18:34:27+00:00\",\"description\":\"Aspergillus niger es una mezcla de enzimas f\u00fangicas beneficiosas para su inclusi\u00f3n en alimentos animales peletizados o como ingrediente a\u00f1adido en la superficie. Ordene hoy mismo con American Biosystems.\",\"breadcrumb\":{\"@id\":\"https:\\\/\\\/americanbiosystems.com\\\/es\\\/productos\\\/microbianos-de-alimentacion-directa\\\/aspergillus-niger-fermentation-product\\\/#breadcrumb\"},\"inLanguage\":\"es\",\"potentialAction\":[{\"@type\":\"ReadAction\",\"target\":[\"https:\\\/\\\/americanbiosystems.com\\\/es\\\/productos\\\/microbianos-de-alimentacion-directa\\\/aspergillus-niger-fermentation-product\\\/\"]}]},{\"@type\":\"ImageObject\",\"inLanguage\":\"es\",\"@id\":\"https:\\\/\\\/americanbiosystems.com\\\/es\\\/productos\\\/microbianos-de-alimentacion-directa\\\/aspergillus-niger-fermentation-product\\\/#primaryimage\",\"url\":\"https:\\\/\\\/americanbiosystems.com\\\/wp-content\\\/uploads\\\/2017\\\/09\\\/aspergillus-niger-1024x443.jpg\",\"contentUrl\":\"https:\\\/\\\/americanbiosystems.com\\\/wp-content\\\/uploads\\\/2017\\\/09\\\/aspergillus-niger-1024x443.jpg\"},{\"@type\":\"BreadcrumbList\",\"@id\":\"https:\\\/\\\/americanbiosystems.com\\\/es\\\/productos\\\/microbianos-de-alimentacion-directa\\\/aspergillus-niger-fermentation-product\\\/#breadcrumb\",\"itemListElement\":[{\"@type\":\"ListItem\",\"position\":1,\"name\":\"Home\",\"item\":\"https:\\\/\\\/americanbiosystems.com\\\/es\\\/?lang=es\"},{\"@type\":\"ListItem\",\"position\":2,\"name\":\"Productos\",\"item\":\"https:\\\/\\\/americanbiosystems.com\\\/es\\\/productos\\\/\"},{\"@type\":\"ListItem\",\"position\":3,\"name\":\"Microbianos de Alimentaci\u00f3n Directa\",\"item\":\"https:\\\/\\\/americanbiosystems.com\\\/es\\\/productos\\\/microbianos-de-alimentacion-directa\\\/\"},{\"@type\":\"ListItem\",\"position\":4,\"name\":\"Producto de la fermentacion de Aspergillus niger\"}]},{\"@type\":\"WebSite\",\"@id\":\"https:\\\/\\\/americanbiosystems.com\\\/es\\\/#website\",\"url\":\"https:\\\/\\\/americanbiosystems.com\\\/es\\\/\",\"name\":\"American Biosystems\",\"description\":\"Enzymes and Direct Fed Microbials\",\"publisher\":{\"@id\":\"https:\\\/\\\/americanbiosystems.com\\\/es\\\/#organization\"},\"potentialAction\":[{\"@type\":\"SearchAction\",\"target\":{\"@type\":\"EntryPoint\",\"urlTemplate\":\"https:\\\/\\\/americanbiosystems.com\\\/es\\\/?s={search_term_string}\"},\"query-input\":{\"@type\":\"PropertyValueSpecification\",\"valueRequired\":true,\"valueName\":\"search_term_string\"}}],\"inLanguage\":\"es\"},{\"@type\":\"Organization\",\"@id\":\"https:\\\/\\\/americanbiosystems.com\\\/es\\\/#organization\",\"name\":\"American Biosystems\",\"url\":\"https:\\\/\\\/americanbiosystems.com\\\/es\\\/\",\"logo\":{\"@type\":\"ImageObject\",\"inLanguage\":\"es\",\"@id\":\"https:\\\/\\\/americanbiosystems.com\\\/es\\\/#\\\/schema\\\/logo\\\/image\\\/\",\"url\":\"https:\\\/\\\/americanbiosystems.com\\\/wp-content\\\/uploads\\\/2022\\\/06\\\/AmBiologo-400x100-1.png\",\"contentUrl\":\"https:\\\/\\\/americanbiosystems.com\\\/wp-content\\\/uploads\\\/2022\\\/06\\\/AmBiologo-400x100-1.png\",\"width\":400,\"height\":100,\"caption\":\"American Biosystems\"},\"image\":{\"@id\":\"https:\\\/\\\/americanbiosystems.com\\\/es\\\/#\\\/schema\\\/logo\\\/image\\\/\"}}]}<\/script>\n<!-- \/ Yoast SEO plugin. -->","yoast_head_json":{"title":"Aspergillus niger \u2013 Microbiano de Alimentaci\u00f3n Directa \u2013 American Biosystems","description":"Aspergillus niger es una mezcla de enzimas f\u00fangicas beneficiosas para su inclusi\u00f3n en alimentos animales peletizados o como ingrediente a\u00f1adido en la superficie. Ordene hoy mismo con American Biosystems.","robots":{"index":"index","follow":"follow","max-snippet":"max-snippet:-1","max-image-preview":"max-image-preview:large","max-video-preview":"max-video-preview:-1"},"canonical":"https:\/\/americanbiosystems.com\/es\/productos\/microbianos-de-alimentacion-directa\/aspergillus-niger-fermentation-product\/","og_locale":"es_ES","og_type":"article","og_title":"Aspergillus niger \u2013 Microbiano de Alimentaci\u00f3n Directa \u2013 American Biosystems","og_description":"Aspergillus niger es una mezcla de enzimas f\u00fangicas beneficiosas para su inclusi\u00f3n en alimentos animales peletizados o como ingrediente a\u00f1adido en la superficie. Ordene hoy mismo con American Biosystems.","og_url":"https:\/\/americanbiosystems.com\/es\/productos\/microbianos-de-alimentacion-directa\/aspergillus-niger-fermentation-product\/","og_site_name":"American Biosystems","article_modified_time":"2025-12-02T18:34:27+00:00","og_image":[{"width":1200,"height":519,"url":"https:\/\/americanbiosystems.com\/wp-content\/uploads\/2017\/09\/aspergillus-niger.jpg","type":"image\/jpeg"}],"twitter_card":"summary_large_image","twitter_misc":{"Tiempo de lectura":"1 minuto"},"schema":{"@context":"https:\/\/schema.org","@graph":[{"@type":"WebPage","@id":"https:\/\/americanbiosystems.com\/es\/productos\/microbianos-de-alimentacion-directa\/aspergillus-niger-fermentation-product\/","url":"https:\/\/americanbiosystems.com\/es\/productos\/microbianos-de-alimentacion-directa\/aspergillus-niger-fermentation-product\/","name":"Aspergillus niger \u2013 Microbiano de Alimentaci\u00f3n Directa \u2013 American Biosystems","isPartOf":{"@id":"https:\/\/americanbiosystems.com\/es\/#website"},"primaryImageOfPage":{"@id":"https:\/\/americanbiosystems.com\/es\/productos\/microbianos-de-alimentacion-directa\/aspergillus-niger-fermentation-product\/#primaryimage"},"image":{"@id":"https:\/\/americanbiosystems.com\/es\/productos\/microbianos-de-alimentacion-directa\/aspergillus-niger-fermentation-product\/#primaryimage"},"thumbnailUrl":"https:\/\/americanbiosystems.com\/wp-content\/uploads\/2017\/09\/aspergillus-niger-1024x443.jpg","datePublished":"2017-09-25T18:28:33+00:00","dateModified":"2025-12-02T18:34:27+00:00","description":"Aspergillus niger es una mezcla de enzimas f\u00fangicas beneficiosas para su inclusi\u00f3n en alimentos animales peletizados o como ingrediente a\u00f1adido en la superficie. Ordene hoy mismo con American Biosystems.","breadcrumb":{"@id":"https:\/\/americanbiosystems.com\/es\/productos\/microbianos-de-alimentacion-directa\/aspergillus-niger-fermentation-product\/#breadcrumb"},"inLanguage":"es","potentialAction":[{"@type":"ReadAction","target":["https:\/\/americanbiosystems.com\/es\/productos\/microbianos-de-alimentacion-directa\/aspergillus-niger-fermentation-product\/"]}]},{"@type":"ImageObject","inLanguage":"es","@id":"https:\/\/americanbiosystems.com\/es\/productos\/microbianos-de-alimentacion-directa\/aspergillus-niger-fermentation-product\/#primaryimage","url":"https:\/\/americanbiosystems.com\/wp-content\/uploads\/2017\/09\/aspergillus-niger-1024x443.jpg","contentUrl":"https:\/\/americanbiosystems.com\/wp-content\/uploads\/2017\/09\/aspergillus-niger-1024x443.jpg"},{"@type":"BreadcrumbList","@id":"https:\/\/americanbiosystems.com\/es\/productos\/microbianos-de-alimentacion-directa\/aspergillus-niger-fermentation-product\/#breadcrumb","itemListElement":[{"@type":"ListItem","position":1,"name":"Home","item":"https:\/\/americanbiosystems.com\/es\/?lang=es"},{"@type":"ListItem","position":2,"name":"Productos","item":"https:\/\/americanbiosystems.com\/es\/productos\/"},{"@type":"ListItem","position":3,"name":"Microbianos de Alimentaci\u00f3n Directa","item":"https:\/\/americanbiosystems.com\/es\/productos\/microbianos-de-alimentacion-directa\/"},{"@type":"ListItem","position":4,"name":"Producto de la fermentacion de Aspergillus niger"}]},{"@type":"WebSite","@id":"https:\/\/americanbiosystems.com\/es\/#website","url":"https:\/\/americanbiosystems.com\/es\/","name":"American Biosystems","description":"Enzymes and Direct Fed Microbials","publisher":{"@id":"https:\/\/americanbiosystems.com\/es\/#organization"},"potentialAction":[{"@type":"SearchAction","target":{"@type":"EntryPoint","urlTemplate":"https:\/\/americanbiosystems.com\/es\/?s={search_term_string}"},"query-input":{"@type":"PropertyValueSpecification","valueRequired":true,"valueName":"search_term_string"}}],"inLanguage":"es"},{"@type":"Organization","@id":"https:\/\/americanbiosystems.com\/es\/#organization","name":"American Biosystems","url":"https:\/\/americanbiosystems.com\/es\/","logo":{"@type":"ImageObject","inLanguage":"es","@id":"https:\/\/americanbiosystems.com\/es\/#\/schema\/logo\/image\/","url":"https:\/\/americanbiosystems.com\/wp-content\/uploads\/2022\/06\/AmBiologo-400x100-1.png","contentUrl":"https:\/\/americanbiosystems.com\/wp-content\/uploads\/2022\/06\/AmBiologo-400x100-1.png","width":400,"height":100,"caption":"American Biosystems"},"image":{"@id":"https:\/\/americanbiosystems.com\/es\/#\/schema\/logo\/image\/"}}]}},"featured_image_src":null,"featured_image_src_square":null,"_links":{"self":[{"href":"https:\/\/americanbiosystems.com\/es\/wp-json\/wp\/v2\/pages\/14773","targetHints":{"allow":["GET"]}}],"collection":[{"href":"https:\/\/americanbiosystems.com\/es\/wp-json\/wp\/v2\/pages"}],"about":[{"href":"https:\/\/americanbiosystems.com\/es\/wp-json\/wp\/v2\/types\/page"}],"author":[{"embeddable":true,"href":"https:\/\/americanbiosystems.com\/es\/wp-json\/wp\/v2\/users\/2"}],"replies":[{"embeddable":true,"href":"https:\/\/americanbiosystems.com\/es\/wp-json\/wp\/v2\/comments?post=14773"}],"version-history":[{"count":0,"href":"https:\/\/americanbiosystems.com\/es\/wp-json\/wp\/v2\/pages\/14773\/revisions"}],"up":[{"embeddable":true,"href":"https:\/\/americanbiosystems.com\/es\/wp-json\/wp\/v2\/pages\/14755"}],"wp:attachment":[{"href":"https:\/\/americanbiosystems.com\/es\/wp-json\/wp\/v2\/media?parent=14773"}],"curies":[{"name":"wp","href":"https:\/\/api.w.org\/{rel}","templated":true}]}}