{"id":14762,"date":"2017-11-29T18:31:34","date_gmt":"2017-11-29T18:31:34","guid":{"rendered":"https:\/\/americanbiosystems.com\/tratamiento-enzimatico-de-trampas-de-grasa\/"},"modified":"2025-12-02T19:07:07","modified_gmt":"2025-12-02T19:07:07","slug":"tratamiento-enzimatico-de-trampas-de-grasa","status":"publish","type":"page","link":"https:\/\/americanbiosystems.com\/es\/productos\/limpieza-industrial\/tratamiento-enzimatico-de-trampas-de-grasa\/","title":{"rendered":"Tratamiento Enzim\u00e1tico de Trampas de Grasa"},"content":{"rendered":"\n<div class=\"wp-block-genesis-blocks-gb-columns gb-layout-columns-2 gb-2-col-wideleft\"><div class=\"gb-layout-column-wrap gb-block-layout-column-gap-2 gb-is-responsive-column\">\n<div class=\"wp-block-genesis-blocks-gb-column gb-block-layout-column\"><div class=\"gb-block-layout-column-inner\">\n<figure class=\"wp-block-image size-large\"><img loading=\"lazy\" decoding=\"async\" width=\"1024\" height=\"443\" src=\"https:\/\/americanbiosystems.com\/wp-content\/uploads\/2017\/11\/oil-grease-1024x443.jpg\" alt=\"A photo of an industrial plant\" class=\"wp-image-8134\" srcset=\"https:\/\/americanbiosystems.com\/wp-content\/uploads\/2017\/11\/oil-grease-1024x443.jpg 1024w, https:\/\/americanbiosystems.com\/wp-content\/uploads\/2017\/11\/oil-grease-300x130.jpg 300w, https:\/\/americanbiosystems.com\/wp-content\/uploads\/2017\/11\/oil-grease-768x332.jpg 768w, https:\/\/americanbiosystems.com\/wp-content\/uploads\/2017\/11\/oil-grease.jpg 1200w\" sizes=\"auto, (max-width: 1024px) 100vw, 1024px\" \/><\/figure>\n\n\n\n<h1 class=\"wp-block-heading\">Tratamiento Enzim\u00e1tico de Trampas de Grasa<\/h1>\n\n\n\n<p>Los problemas pueden comenzar en casa, en el fregadero de la cocina, y llegar hasta la planta municipal de tratamiento de aguas residuales. Muchos inconvenientes surgen debido a las grasas, aceites y residuos que se vierten por el desag\u00fce hacia las aguas residuales. Se necesita un tratamiento enzim\u00e1tico potente para trampas de grasa para descomponer los efectos de las grasas, aceites y residuos. Conocer el impacto de los FOG y c\u00f3mo tratarlos desde la fuente hasta la planta <g id=\"gid_0\"><g id=\"gid_1\">industrial<\/g><\/g> de tratamiento de aguas residuales es crucial para eliminar todos los problemas que causan los atascos. Los tratamientos enzim\u00e1ticos son una forma saludable de descomponer los residuos y las part\u00edculas s\u00f3lidas que se forman a partir de los FOG, beneficiando tanto al sistema de aguas residuales como al medio ambiente.     <\/p>\n\n\n\n<p>Sanitrap Block es un sistema revolucionario de liberaci\u00f3n prolongada que contiene bacterias y enzimas para reducir la grasa en su trampa de grasa con un esfuerzo m\u00ednimo.<\/p>\n\n\n\n<p><a href=\"https:\/\/americanbiosystems.com\/wp-content\/uploads\/2025\/07\/Sanitrap-Microbial-Enzyme-Blocks-Spec-Sheet-website.pdf\">Ficha Tenica<\/a><\/p>\n\n\n\n<p><a href=\"https:\/\/americanbiosystems.com\/wp-content\/uploads\/2025\/11\/Sanitrap-Block-SDS.pdf\">Hoja de Datos De Seguridad<\/a><\/p>\n\n\n\n<h2 class=\"wp-block-heading\"><\/h2>\n<\/div><\/div>\n\n\n\n<div class=\"wp-block-genesis-blocks-gb-column ambio-sidebar-menu gb-block-layout-column\"><div class=\"gb-block-layout-column-inner\">\n<div class=\"wp-block-cover gb-block-cta\" style=\"padding-top:2%;min-height:13em;aspect-ratio:unset;\"><img loading=\"lazy\" decoding=\"async\" width=\"1920\" height=\"480\" class=\"wp-block-cover__image-background wp-image-2350\" alt=\"\" src=\"https:\/\/americanbiosystems.com\/wp-content\/uploads\/2017\/09\/contact_header.jpg\" data-object-fit=\"cover\" srcset=\"https:\/\/americanbiosystems.com\/wp-content\/uploads\/2017\/09\/contact_header.jpg 1920w, https:\/\/americanbiosystems.com\/wp-content\/uploads\/2017\/09\/contact_header-300x75.jpg 300w, https:\/\/americanbiosystems.com\/wp-content\/uploads\/2017\/09\/contact_header-1024x256.jpg 1024w, https:\/\/americanbiosystems.com\/wp-content\/uploads\/2017\/09\/contact_header-768x192.jpg 768w, https:\/\/americanbiosystems.com\/wp-content\/uploads\/2017\/09\/contact_header-1536x384.jpg 1536w, https:\/\/americanbiosystems.com\/wp-content\/uploads\/2017\/09\/contact_header-1200x300.jpg 1200w, https:\/\/americanbiosystems.com\/wp-content\/uploads\/2017\/09\/contact_header-1400x350.jpg 1400w\" sizes=\"auto, (max-width: 1920px) 100vw, 1920px\" \/><span aria-hidden=\"true\" class=\"wp-block-cover__background has-background-dim-0 has-background-dim\" style=\"background-color:#505050\"><\/span><div class=\"wp-block-cover__inner-container is-layout-flow wp-block-cover-is-layout-flow\">\n<h3 class=\"wp-block-heading has-text-align-center has-text-color has-link-color wp-elements-292db8cb8556e1fd77574a96e3747276\" style=\"color:#ffffff;font-size:24px;line-height:1.2\">Ll\u00e1menos <br><a href=\"tel:5403446469\">540.344.6469<\/a><\/h3>\n\n\n\n<p class=\"has-text-align-center\" style=\"line-height:1\"><\/p>\n\n\n\n<div class=\"wp-block-buttons is-content-justification-center is-layout-flex wp-container-core-buttons-is-layout-16018d1d wp-block-buttons-is-layout-flex\">\n<div class=\"wp-block-button gb-block-button is-style-fill\"><a class=\"wp-block-button__link has-text-color has-background wp-element-button\" href=\"https:\/\/americanbiosystems.com\/es\/contactanos\/\" style=\"border-radius:0px;color:#003b70;background-color:#fefefe;padding-top:10px;padding-right:1em;padding-bottom:10px;padding-left:1em\"><strong>Cont\u00e1ctenos.<\/strong><\/a><\/div>\n<\/div>\n<\/div><\/div>\n<\/div><\/div>\n<\/div><\/div>\n","protected":false},"excerpt":{"rendered":"","protected":false},"author":2,"featured_media":14761,"parent":14831,"menu_order":0,"comment_status":"closed","ping_status":"closed","template":"","meta":{"_genesis_hide_title":false,"_genesis_hide_breadcrumbs":false,"_genesis_hide_singular_image":false,"_genesis_hide_footer_widgets":false,"_genesis_custom_body_class":"","_genesis_custom_post_class":"","_genesis_layout":"","footnotes":"","_links_to":"","_links_to_target":""},"class_list":{"0":"post-14762","1":"page","2":"type-page","3":"status-publish","4":"has-post-thumbnail","6":"entry"},"yoast_head":"<!-- This site is optimized with the Yoast SEO plugin v27.5 - https:\/\/yoast.com\/product\/yoast-seo-wordpress\/ -->\n<title>Tratamiento de Grasas, Aceites y Sebos para Limpieza Industrial \u2013 American Biosystems<\/title>\n<meta name=\"description\" content=\"SANITRAP\u00ae Microbial Enzyme Block es un bloque de bacterias y enzimas de liberaci\u00f3n prolongada para compuertas de tratamiento de aguas residuales industriales. Ordene hoy mismo con American Biosystems.\" \/>\n<meta name=\"robots\" content=\"index, follow, max-snippet:-1, max-image-preview:large, max-video-preview:-1\" \/>\n<link rel=\"canonical\" href=\"https:\/\/americanbiosystems.com\/es\/productos\/limpieza-industrial\/tratamiento-enzimatico-de-trampas-de-grasa\/\" \/>\n<meta property=\"og:locale\" content=\"es_ES\" \/>\n<meta property=\"og:type\" content=\"article\" \/>\n<meta property=\"og:title\" content=\"Tratamiento de Grasas, Aceites y Sebos para Limpieza Industrial \u2013 American Biosystems\" \/>\n<meta property=\"og:description\" content=\"SANITRAP\u00ae Microbial Enzyme Block es un bloque de bacterias y enzimas de liberaci\u00f3n prolongada para compuertas de tratamiento de aguas residuales industriales. Ordene hoy mismo con American Biosystems.\" \/>\n<meta property=\"og:url\" content=\"https:\/\/americanbiosystems.com\/es\/productos\/limpieza-industrial\/tratamiento-enzimatico-de-trampas-de-grasa\/\" \/>\n<meta property=\"og:site_name\" content=\"American Biosystems\" \/>\n<meta property=\"article:modified_time\" content=\"2025-12-02T19:07:07+00:00\" \/>\n<meta property=\"og:image\" content=\"https:\/\/americanbiosystems.com\/wp-content\/uploads\/2017\/11\/oil-grease.jpg\" \/>\n\t<meta property=\"og:image:width\" content=\"1200\" \/>\n\t<meta property=\"og:image:height\" content=\"519\" \/>\n\t<meta property=\"og:image:type\" content=\"image\/jpeg\" \/>\n<meta name=\"twitter:card\" content=\"summary_large_image\" \/>\n<meta name=\"twitter:label1\" content=\"Tiempo de lectura\" \/>\n\t<meta name=\"twitter:data1\" content=\"2 minutos\" \/>\n<script type=\"application\/ld+json\" class=\"yoast-schema-graph\">{\"@context\":\"https:\\\/\\\/schema.org\",\"@graph\":[{\"@type\":\"WebPage\",\"@id\":\"https:\\\/\\\/americanbiosystems.com\\\/es\\\/productos\\\/limpieza-industrial\\\/tratamiento-enzimatico-de-trampas-de-grasa\\\/\",\"url\":\"https:\\\/\\\/americanbiosystems.com\\\/es\\\/productos\\\/limpieza-industrial\\\/tratamiento-enzimatico-de-trampas-de-grasa\\\/\",\"name\":\"Tratamiento de Grasas, Aceites y Sebos para Limpieza Industrial \u2013 American Biosystems\",\"isPartOf\":{\"@id\":\"https:\\\/\\\/americanbiosystems.com\\\/es\\\/#website\"},\"primaryImageOfPage\":{\"@id\":\"https:\\\/\\\/americanbiosystems.com\\\/es\\\/productos\\\/limpieza-industrial\\\/tratamiento-enzimatico-de-trampas-de-grasa\\\/#primaryimage\"},\"image\":{\"@id\":\"https:\\\/\\\/americanbiosystems.com\\\/es\\\/productos\\\/limpieza-industrial\\\/tratamiento-enzimatico-de-trampas-de-grasa\\\/#primaryimage\"},\"thumbnailUrl\":\"https:\\\/\\\/americanbiosystems.com\\\/wp-content\\\/uploads\\\/2017\\\/11\\\/oil-grease.jpg\",\"datePublished\":\"2017-11-29T18:31:34+00:00\",\"dateModified\":\"2025-12-02T19:07:07+00:00\",\"description\":\"SANITRAP\u00ae Microbial Enzyme Block es un bloque de bacterias y enzimas de liberaci\u00f3n prolongada para compuertas de tratamiento de aguas residuales industriales. Ordene hoy mismo con American Biosystems.\",\"breadcrumb\":{\"@id\":\"https:\\\/\\\/americanbiosystems.com\\\/es\\\/productos\\\/limpieza-industrial\\\/tratamiento-enzimatico-de-trampas-de-grasa\\\/#breadcrumb\"},\"inLanguage\":\"es\",\"potentialAction\":[{\"@type\":\"ReadAction\",\"target\":[\"https:\\\/\\\/americanbiosystems.com\\\/es\\\/productos\\\/limpieza-industrial\\\/tratamiento-enzimatico-de-trampas-de-grasa\\\/\"]}]},{\"@type\":\"ImageObject\",\"inLanguage\":\"es\",\"@id\":\"https:\\\/\\\/americanbiosystems.com\\\/es\\\/productos\\\/limpieza-industrial\\\/tratamiento-enzimatico-de-trampas-de-grasa\\\/#primaryimage\",\"url\":\"https:\\\/\\\/americanbiosystems.com\\\/wp-content\\\/uploads\\\/2017\\\/11\\\/oil-grease.jpg\",\"contentUrl\":\"https:\\\/\\\/americanbiosystems.com\\\/wp-content\\\/uploads\\\/2017\\\/11\\\/oil-grease.jpg\",\"width\":1200,\"height\":519,\"caption\":\"Industrial Building\"},{\"@type\":\"BreadcrumbList\",\"@id\":\"https:\\\/\\\/americanbiosystems.com\\\/es\\\/productos\\\/limpieza-industrial\\\/tratamiento-enzimatico-de-trampas-de-grasa\\\/#breadcrumb\",\"itemListElement\":[{\"@type\":\"ListItem\",\"position\":1,\"name\":\"Home\",\"item\":\"https:\\\/\\\/americanbiosystems.com\\\/es\\\/?lang=es\"},{\"@type\":\"ListItem\",\"position\":2,\"name\":\"Productos\",\"item\":\"https:\\\/\\\/americanbiosystems.com\\\/es\\\/productos\\\/\"},{\"@type\":\"ListItem\",\"position\":3,\"name\":\"Limpieza Industrial\",\"item\":\"https:\\\/\\\/americanbiosystems.com\\\/es\\\/productos\\\/limpieza-industrial\\\/\"},{\"@type\":\"ListItem\",\"position\":4,\"name\":\"Tratamiento Enzim\u00e1tico de Trampas de Grasa\"}]},{\"@type\":\"WebSite\",\"@id\":\"https:\\\/\\\/americanbiosystems.com\\\/es\\\/#website\",\"url\":\"https:\\\/\\\/americanbiosystems.com\\\/es\\\/\",\"name\":\"American Biosystems\",\"description\":\"Enzymes and Direct Fed Microbials\",\"publisher\":{\"@id\":\"https:\\\/\\\/americanbiosystems.com\\\/es\\\/#organization\"},\"potentialAction\":[{\"@type\":\"SearchAction\",\"target\":{\"@type\":\"EntryPoint\",\"urlTemplate\":\"https:\\\/\\\/americanbiosystems.com\\\/es\\\/?s={search_term_string}\"},\"query-input\":{\"@type\":\"PropertyValueSpecification\",\"valueRequired\":true,\"valueName\":\"search_term_string\"}}],\"inLanguage\":\"es\"},{\"@type\":\"Organization\",\"@id\":\"https:\\\/\\\/americanbiosystems.com\\\/es\\\/#organization\",\"name\":\"American Biosystems\",\"url\":\"https:\\\/\\\/americanbiosystems.com\\\/es\\\/\",\"logo\":{\"@type\":\"ImageObject\",\"inLanguage\":\"es\",\"@id\":\"https:\\\/\\\/americanbiosystems.com\\\/es\\\/#\\\/schema\\\/logo\\\/image\\\/\",\"url\":\"https:\\\/\\\/americanbiosystems.com\\\/wp-content\\\/uploads\\\/2022\\\/06\\\/AmBiologo-400x100-1.png\",\"contentUrl\":\"https:\\\/\\\/americanbiosystems.com\\\/wp-content\\\/uploads\\\/2022\\\/06\\\/AmBiologo-400x100-1.png\",\"width\":400,\"height\":100,\"caption\":\"American Biosystems\"},\"image\":{\"@id\":\"https:\\\/\\\/americanbiosystems.com\\\/es\\\/#\\\/schema\\\/logo\\\/image\\\/\"}}]}<\/script>\n<!-- \/ Yoast SEO plugin. -->","yoast_head_json":{"title":"Tratamiento de Grasas, Aceites y Sebos para Limpieza Industrial \u2013 American Biosystems","description":"SANITRAP\u00ae Microbial Enzyme Block es un bloque de bacterias y enzimas de liberaci\u00f3n prolongada para compuertas de tratamiento de aguas residuales industriales. Ordene hoy mismo con American Biosystems.","robots":{"index":"index","follow":"follow","max-snippet":"max-snippet:-1","max-image-preview":"max-image-preview:large","max-video-preview":"max-video-preview:-1"},"canonical":"https:\/\/americanbiosystems.com\/es\/productos\/limpieza-industrial\/tratamiento-enzimatico-de-trampas-de-grasa\/","og_locale":"es_ES","og_type":"article","og_title":"Tratamiento de Grasas, Aceites y Sebos para Limpieza Industrial \u2013 American Biosystems","og_description":"SANITRAP\u00ae Microbial Enzyme Block es un bloque de bacterias y enzimas de liberaci\u00f3n prolongada para compuertas de tratamiento de aguas residuales industriales. Ordene hoy mismo con American Biosystems.","og_url":"https:\/\/americanbiosystems.com\/es\/productos\/limpieza-industrial\/tratamiento-enzimatico-de-trampas-de-grasa\/","og_site_name":"American Biosystems","article_modified_time":"2025-12-02T19:07:07+00:00","og_image":[{"width":1200,"height":519,"url":"https:\/\/americanbiosystems.com\/wp-content\/uploads\/2017\/11\/oil-grease.jpg","type":"image\/jpeg"}],"twitter_card":"summary_large_image","twitter_misc":{"Tiempo de lectura":"2 minutos"},"schema":{"@context":"https:\/\/schema.org","@graph":[{"@type":"WebPage","@id":"https:\/\/americanbiosystems.com\/es\/productos\/limpieza-industrial\/tratamiento-enzimatico-de-trampas-de-grasa\/","url":"https:\/\/americanbiosystems.com\/es\/productos\/limpieza-industrial\/tratamiento-enzimatico-de-trampas-de-grasa\/","name":"Tratamiento de Grasas, Aceites y Sebos para Limpieza Industrial \u2013 American Biosystems","isPartOf":{"@id":"https:\/\/americanbiosystems.com\/es\/#website"},"primaryImageOfPage":{"@id":"https:\/\/americanbiosystems.com\/es\/productos\/limpieza-industrial\/tratamiento-enzimatico-de-trampas-de-grasa\/#primaryimage"},"image":{"@id":"https:\/\/americanbiosystems.com\/es\/productos\/limpieza-industrial\/tratamiento-enzimatico-de-trampas-de-grasa\/#primaryimage"},"thumbnailUrl":"https:\/\/americanbiosystems.com\/wp-content\/uploads\/2017\/11\/oil-grease.jpg","datePublished":"2017-11-29T18:31:34+00:00","dateModified":"2025-12-02T19:07:07+00:00","description":"SANITRAP\u00ae Microbial Enzyme Block es un bloque de bacterias y enzimas de liberaci\u00f3n prolongada para compuertas de tratamiento de aguas residuales industriales. Ordene hoy mismo con American Biosystems.","breadcrumb":{"@id":"https:\/\/americanbiosystems.com\/es\/productos\/limpieza-industrial\/tratamiento-enzimatico-de-trampas-de-grasa\/#breadcrumb"},"inLanguage":"es","potentialAction":[{"@type":"ReadAction","target":["https:\/\/americanbiosystems.com\/es\/productos\/limpieza-industrial\/tratamiento-enzimatico-de-trampas-de-grasa\/"]}]},{"@type":"ImageObject","inLanguage":"es","@id":"https:\/\/americanbiosystems.com\/es\/productos\/limpieza-industrial\/tratamiento-enzimatico-de-trampas-de-grasa\/#primaryimage","url":"https:\/\/americanbiosystems.com\/wp-content\/uploads\/2017\/11\/oil-grease.jpg","contentUrl":"https:\/\/americanbiosystems.com\/wp-content\/uploads\/2017\/11\/oil-grease.jpg","width":1200,"height":519,"caption":"Industrial Building"},{"@type":"BreadcrumbList","@id":"https:\/\/americanbiosystems.com\/es\/productos\/limpieza-industrial\/tratamiento-enzimatico-de-trampas-de-grasa\/#breadcrumb","itemListElement":[{"@type":"ListItem","position":1,"name":"Home","item":"https:\/\/americanbiosystems.com\/es\/?lang=es"},{"@type":"ListItem","position":2,"name":"Productos","item":"https:\/\/americanbiosystems.com\/es\/productos\/"},{"@type":"ListItem","position":3,"name":"Limpieza Industrial","item":"https:\/\/americanbiosystems.com\/es\/productos\/limpieza-industrial\/"},{"@type":"ListItem","position":4,"name":"Tratamiento Enzim\u00e1tico de Trampas de Grasa"}]},{"@type":"WebSite","@id":"https:\/\/americanbiosystems.com\/es\/#website","url":"https:\/\/americanbiosystems.com\/es\/","name":"American Biosystems","description":"Enzymes and Direct Fed Microbials","publisher":{"@id":"https:\/\/americanbiosystems.com\/es\/#organization"},"potentialAction":[{"@type":"SearchAction","target":{"@type":"EntryPoint","urlTemplate":"https:\/\/americanbiosystems.com\/es\/?s={search_term_string}"},"query-input":{"@type":"PropertyValueSpecification","valueRequired":true,"valueName":"search_term_string"}}],"inLanguage":"es"},{"@type":"Organization","@id":"https:\/\/americanbiosystems.com\/es\/#organization","name":"American Biosystems","url":"https:\/\/americanbiosystems.com\/es\/","logo":{"@type":"ImageObject","inLanguage":"es","@id":"https:\/\/americanbiosystems.com\/es\/#\/schema\/logo\/image\/","url":"https:\/\/americanbiosystems.com\/wp-content\/uploads\/2022\/06\/AmBiologo-400x100-1.png","contentUrl":"https:\/\/americanbiosystems.com\/wp-content\/uploads\/2022\/06\/AmBiologo-400x100-1.png","width":400,"height":100,"caption":"American Biosystems"},"image":{"@id":"https:\/\/americanbiosystems.com\/es\/#\/schema\/logo\/image\/"}}]}},"featured_image_src":"https:\/\/americanbiosystems.com\/wp-content\/uploads\/2017\/11\/oil-grease-600x400.jpg","featured_image_src_square":"https:\/\/americanbiosystems.com\/wp-content\/uploads\/2017\/11\/oil-grease-600x519.jpg","_links":{"self":[{"href":"https:\/\/americanbiosystems.com\/es\/wp-json\/wp\/v2\/pages\/14762","targetHints":{"allow":["GET"]}}],"collection":[{"href":"https:\/\/americanbiosystems.com\/es\/wp-json\/wp\/v2\/pages"}],"about":[{"href":"https:\/\/americanbiosystems.com\/es\/wp-json\/wp\/v2\/types\/page"}],"author":[{"embeddable":true,"href":"https:\/\/americanbiosystems.com\/es\/wp-json\/wp\/v2\/users\/2"}],"replies":[{"embeddable":true,"href":"https:\/\/americanbiosystems.com\/es\/wp-json\/wp\/v2\/comments?post=14762"}],"version-history":[{"count":0,"href":"https:\/\/americanbiosystems.com\/es\/wp-json\/wp\/v2\/pages\/14762\/revisions"}],"up":[{"embeddable":true,"href":"https:\/\/americanbiosystems.com\/es\/wp-json\/wp\/v2\/pages\/14831"}],"wp:featuredmedia":[{"embeddable":true,"href":"https:\/\/americanbiosystems.com\/es\/wp-json\/wp\/v2\/media\/14761"}],"wp:attachment":[{"href":"https:\/\/americanbiosystems.com\/es\/wp-json\/wp\/v2\/media?parent=14762"}],"curies":[{"name":"wp","href":"https:\/\/api.w.org\/{rel}","templated":true}]}}