{"id":14748,"date":"2017-09-25T17:05:05","date_gmt":"2017-09-25T17:05:05","guid":{"rendered":"https:\/\/americanbiosystems.com\/productos\/tratamiento-de-sistemas-de-aquicultura\/"},"modified":"2025-12-02T18:25:33","modified_gmt":"2025-12-02T18:25:33","slug":"tratamiento-de-sistemas-de-aquicultura","status":"publish","type":"page","link":"https:\/\/americanbiosystems.com\/es\/productos\/tratamiento-de-sistemas-de-aquicultura\/","title":{"rendered":"Tratamiento De Sistemas de Aquicultura"},"content":{"rendered":"\n<div class=\"wp-block-genesis-blocks-gb-columns gb-layout-columns-2 gb-2-col-wideleft\"><div class=\"gb-layout-column-wrap gb-block-layout-column-gap-2 gb-is-responsive-column\">\n<div class=\"wp-block-genesis-blocks-gb-column gb-block-layout-column\"><div class=\"gb-block-layout-column-inner\">\n<figure class=\"wp-block-image size-large\"><img loading=\"lazy\" decoding=\"async\" width=\"1024\" height=\"443\" src=\"https:\/\/americanbiosystems.com\/wp-content\/uploads\/2017\/09\/Aquaculture-1024x443.jpg\" alt=\"A photo of a hand holding a crustacean\" class=\"wp-image-8101\" srcset=\"https:\/\/americanbiosystems.com\/wp-content\/uploads\/2017\/09\/Aquaculture-1024x443.jpg 1024w, https:\/\/americanbiosystems.com\/wp-content\/uploads\/2017\/09\/Aquaculture-300x130.jpg 300w, https:\/\/americanbiosystems.com\/wp-content\/uploads\/2017\/09\/Aquaculture-768x332.jpg 768w, https:\/\/americanbiosystems.com\/wp-content\/uploads\/2017\/09\/Aquaculture.jpg 1200w\" sizes=\"auto, (max-width: 1024px) 100vw, 1024px\" \/><\/figure>\n\n\n\n<h2 class=\"wp-block-heading\">Tratamiento de sistemas de aquicultura<\/h2>\n\n\n\n<h2 class=\"wp-block-heading\">Tratamiento de aguas residuales de aquicultura<\/h2>\n\n\n\n<p>Nuestro objetivo es aumentar su productividad ayud\u00e1ndole a adoptar tecnolog\u00eda innovadora de agua y m\u00e9todos de tratamiento para el tratamiento de agua, tratamiento de recirculaci\u00f3n y tratamiento y reutilizaci\u00f3n de efluentes. A medida que crece la industria de la acuicultura, los consumidores desean pescado cultivado de forma sostenible que sea sabroso, saludable y local. Para satisfacer estas demandas, American Biosystems permite a los productores optimizar las condiciones de cultivo y maximizar la eficiencia de la producci\u00f3n.  <\/p>\n\n\n\n<h3 class=\"wp-block-heading\">Serie De Productos ACCELOBAC\u00ae AG<\/h3>\n\n\n\n<p>ACCELOBAC\u00ae AG y ACCELOBAC\u00ae AGS son mezclas de cultivos de cepas de Bacillus subtilis, B. licheniformis, B. megaterium y B. polymyxa. Contienen cultivos microbianos especiales seleccionados por su capacidad de producir grandes cantidades de enzimas digestivas en un entorno acu\u00e1tico. El alto recuento inicial de esporas por gramo significa que el producto tendr\u00e1 una larga vida \u00fatil, ya que las esporas son la forma m\u00e1s resistente en el ciclo de vida. <\/p>\n\n\n\n<p>USOS: ACCELOBAC\u00ae AG y ACCELOBAC\u00ae AGS est\u00e1n formulados para sistemas de agua dulce y agua salobre. Se utilizan para reducir la acumulaci\u00f3n de lodo en los sistemas de acuicultura. ACCELOBAC\u00ae AG est\u00e1 formulado con un veh\u00edculo de salvado de trigo. ACCELOBAC\u00ae AGS est\u00e1 formulado en un carrier soluble.   <\/p>\n\n\n\n<p>Las fichas T\u00e9cnicas y las Hojas de Datos de Seguridad se proporcionan a continuaci\u00f3n. Para obtener informaci\u00f3n m\u00e1s detallada sobre el producto, por favor cont\u00e1ctenos; estaremos encantados de conversar sobre su aplicaci\u00f3n.<\/p>\n\n\n\n<p><a href=\"https:\/\/americanbiosystems.com\/wp-content\/uploads\/2025\/11\/Accelobac-AG-spec-sheet-spanish-website.pdf\">Accelobac AG Ficha Tecnica<\/a><\/p>\n\n\n\n<p><a href=\"https:\/\/americanbiosystems.com\/wp-content\/uploads\/2025\/11\/Accelobac-AGS-spec-sheet-spanish-website.pdf\">Accelobac AGS Ficha Tecnica<\/a><\/p>\n\n\n\n<p><a href=\"https:\/\/americanbiosystems.com\/wp-content\/uploads\/2025\/11\/Accelobac-AG-SDS.pdf\">Hoja de Datos De Seguridad<\/a><\/p>\n\n\n\n<div class=\"wp-block-group es-remove\"><div class=\"wp-block-group__inner-container is-layout-constrained wp-block-group-is-layout-constrained\">\n<h3 class=\"wp-block-heading\"><a href=\"https:\/\/americanbiosystems.com\/es\/contactanos\/\">Contacatanos hoy<\/a> para obtener m\u00e1s informaci\u00f3n y descubrir lo que American Biosystems puede hacer por usted.<\/h3>\n<\/div><\/div>\n<\/div><\/div>\n\n\n\n<div class=\"wp-block-genesis-blocks-gb-column ambio-sidebar-menu gb-block-layout-column\"><div class=\"gb-block-layout-column-inner\">\n<h2 class=\"wp-block-heading\">Tratamiento de sistemas de aquicultura<\/h2>\n\n\n<nav class=\"is-vertical wp-block-navigation is-layout-flex wp-container-core-navigation-is-layout-8cf370e7 wp-block-navigation-is-layout-flex\" aria-label=\"Aquaculture System Treatment\"><\/nav>\n\n\n<div class=\"wp-block-cover gb-block-cta\" style=\"padding-top:2%;min-height:13em;aspect-ratio:unset;\"><img loading=\"lazy\" decoding=\"async\" width=\"1920\" height=\"480\" class=\"wp-block-cover__image-background wp-image-2350\" alt=\"\" src=\"https:\/\/americanbiosystems.com\/wp-content\/uploads\/2017\/09\/contact_header.jpg\" data-object-fit=\"cover\" srcset=\"https:\/\/americanbiosystems.com\/wp-content\/uploads\/2017\/09\/contact_header.jpg 1920w, https:\/\/americanbiosystems.com\/wp-content\/uploads\/2017\/09\/contact_header-300x75.jpg 300w, https:\/\/americanbiosystems.com\/wp-content\/uploads\/2017\/09\/contact_header-1024x256.jpg 1024w, https:\/\/americanbiosystems.com\/wp-content\/uploads\/2017\/09\/contact_header-768x192.jpg 768w, https:\/\/americanbiosystems.com\/wp-content\/uploads\/2017\/09\/contact_header-1536x384.jpg 1536w, https:\/\/americanbiosystems.com\/wp-content\/uploads\/2017\/09\/contact_header-1200x300.jpg 1200w, https:\/\/americanbiosystems.com\/wp-content\/uploads\/2017\/09\/contact_header-1400x350.jpg 1400w\" sizes=\"auto, (max-width: 1920px) 100vw, 1920px\" \/><span aria-hidden=\"true\" class=\"wp-block-cover__background has-background-dim-0 has-background-dim\" style=\"background-color:#505050\"><\/span><div class=\"wp-block-cover__inner-container is-layout-flow wp-block-cover-is-layout-flow\">\n<h3 class=\"wp-block-heading has-text-align-center has-text-color has-link-color wp-elements-292db8cb8556e1fd77574a96e3747276\" style=\"color:#ffffff;font-size:24px;line-height:1.2\">Ll\u00e1menos <br><a href=\"tel:5403446469\">540.344.6469<\/a><\/h3>\n\n\n\n<p class=\"has-text-align-center\" style=\"line-height:1\"><\/p>\n\n\n\n<div class=\"wp-block-buttons is-content-justification-center is-layout-flex wp-container-core-buttons-is-layout-16018d1d wp-block-buttons-is-layout-flex\">\n<div class=\"wp-block-button gb-block-button is-style-fill\"><a class=\"wp-block-button__link has-text-color has-background wp-element-button\" href=\"https:\/\/americanbiosystems.com\/es\/contactanos\/\" style=\"border-radius:0px;color:#003b70;background-color:#fefefe;padding-top:10px;padding-right:1em;padding-bottom:10px;padding-left:1em\"><strong>Cont\u00e1ctenos.<\/strong><\/a><\/div>\n<\/div>\n<\/div><\/div>\n<\/div><\/div>\n<\/div><\/div>\n","protected":false},"excerpt":{"rendered":"","protected":false},"author":2,"featured_media":0,"parent":14310,"menu_order":0,"comment_status":"closed","ping_status":"closed","template":"","meta":{"_genesis_hide_title":false,"_genesis_hide_breadcrumbs":false,"_genesis_hide_singular_image":false,"_genesis_hide_footer_widgets":false,"_genesis_custom_body_class":"","_genesis_custom_post_class":"","_genesis_layout":"","footnotes":"","_links_to":"","_links_to_target":""},"class_list":{"0":"post-14748","1":"page","2":"type-page","3":"status-publish","5":"entry"},"yoast_head":"<!-- This site is optimized with the Yoast SEO plugin v27.4 - https:\/\/yoast.com\/product\/yoast-seo-wordpress\/ -->\n<title>Sistema de Tratamiento de Aguas Residuales de Acuicultura | American Biosystems<\/title>\n<meta name=\"description\" content=\"Nuestro objetivo es aumentar su productividad ayud\u00e1ndole a adoptar tecnolog\u00edas y m\u00e9todos innovadores para el tratamiento del agua. \u00a1Cont\u00e1ctenos!\" \/>\n<meta name=\"robots\" content=\"index, follow, max-snippet:-1, max-image-preview:large, max-video-preview:-1\" \/>\n<link rel=\"canonical\" href=\"https:\/\/americanbiosystems.com\/es\/productos\/tratamiento-de-sistemas-de-aquicultura\/\" \/>\n<meta property=\"og:locale\" content=\"es_ES\" \/>\n<meta property=\"og:type\" content=\"article\" \/>\n<meta property=\"og:title\" content=\"Sistema de Tratamiento de Aguas Residuales de Acuicultura | American Biosystems\" \/>\n<meta property=\"og:description\" content=\"Nuestro objetivo es aumentar su productividad ayud\u00e1ndole a adoptar tecnolog\u00edas y m\u00e9todos innovadores para el tratamiento del agua. \u00a1Cont\u00e1ctenos!\" \/>\n<meta property=\"og:url\" content=\"https:\/\/americanbiosystems.com\/es\/productos\/tratamiento-de-sistemas-de-aquicultura\/\" \/>\n<meta property=\"og:site_name\" content=\"American Biosystems\" \/>\n<meta property=\"article:modified_time\" content=\"2025-12-02T18:25:33+00:00\" \/>\n<meta property=\"og:image\" content=\"https:\/\/americanbiosystems.com\/wp-content\/uploads\/2017\/09\/Aquaculture.jpg\" \/>\n\t<meta property=\"og:image:width\" content=\"1200\" \/>\n\t<meta property=\"og:image:height\" content=\"519\" \/>\n\t<meta property=\"og:image:type\" content=\"image\/jpeg\" \/>\n<meta name=\"twitter:card\" content=\"summary_large_image\" \/>\n<meta name=\"twitter:label1\" content=\"Tiempo de lectura\" \/>\n\t<meta name=\"twitter:data1\" content=\"2 minutos\" \/>\n<script type=\"application\/ld+json\" class=\"yoast-schema-graph\">{\"@context\":\"https:\\\/\\\/schema.org\",\"@graph\":[{\"@type\":\"WebPage\",\"@id\":\"https:\\\/\\\/americanbiosystems.com\\\/es\\\/productos\\\/tratamiento-de-sistemas-de-aquicultura\\\/\",\"url\":\"https:\\\/\\\/americanbiosystems.com\\\/es\\\/productos\\\/tratamiento-de-sistemas-de-aquicultura\\\/\",\"name\":\"Sistema de Tratamiento de Aguas Residuales de Acuicultura | American Biosystems\",\"isPartOf\":{\"@id\":\"https:\\\/\\\/americanbiosystems.com\\\/es\\\/#website\"},\"primaryImageOfPage\":{\"@id\":\"https:\\\/\\\/americanbiosystems.com\\\/es\\\/productos\\\/tratamiento-de-sistemas-de-aquicultura\\\/#primaryimage\"},\"image\":{\"@id\":\"https:\\\/\\\/americanbiosystems.com\\\/es\\\/productos\\\/tratamiento-de-sistemas-de-aquicultura\\\/#primaryimage\"},\"thumbnailUrl\":\"https:\\\/\\\/americanbiosystems.com\\\/wp-content\\\/uploads\\\/2017\\\/09\\\/Aquaculture-1024x443.jpg\",\"datePublished\":\"2017-09-25T17:05:05+00:00\",\"dateModified\":\"2025-12-02T18:25:33+00:00\",\"description\":\"Nuestro objetivo es aumentar su productividad ayud\u00e1ndole a adoptar tecnolog\u00edas y m\u00e9todos innovadores para el tratamiento del agua. \u00a1Cont\u00e1ctenos!\",\"breadcrumb\":{\"@id\":\"https:\\\/\\\/americanbiosystems.com\\\/es\\\/productos\\\/tratamiento-de-sistemas-de-aquicultura\\\/#breadcrumb\"},\"inLanguage\":\"es\",\"potentialAction\":[{\"@type\":\"ReadAction\",\"target\":[\"https:\\\/\\\/americanbiosystems.com\\\/es\\\/productos\\\/tratamiento-de-sistemas-de-aquicultura\\\/\"]}]},{\"@type\":\"ImageObject\",\"inLanguage\":\"es\",\"@id\":\"https:\\\/\\\/americanbiosystems.com\\\/es\\\/productos\\\/tratamiento-de-sistemas-de-aquicultura\\\/#primaryimage\",\"url\":\"https:\\\/\\\/americanbiosystems.com\\\/wp-content\\\/uploads\\\/2017\\\/09\\\/Aquaculture-1024x443.jpg\",\"contentUrl\":\"https:\\\/\\\/americanbiosystems.com\\\/wp-content\\\/uploads\\\/2017\\\/09\\\/Aquaculture-1024x443.jpg\"},{\"@type\":\"BreadcrumbList\",\"@id\":\"https:\\\/\\\/americanbiosystems.com\\\/es\\\/productos\\\/tratamiento-de-sistemas-de-aquicultura\\\/#breadcrumb\",\"itemListElement\":[{\"@type\":\"ListItem\",\"position\":1,\"name\":\"Home\",\"item\":\"https:\\\/\\\/americanbiosystems.com\\\/es\\\/?lang=es\"},{\"@type\":\"ListItem\",\"position\":2,\"name\":\"Productos\",\"item\":\"https:\\\/\\\/americanbiosystems.com\\\/es\\\/productos\\\/\"},{\"@type\":\"ListItem\",\"position\":3,\"name\":\"Tratamiento De Sistemas de Aquicultura\"}]},{\"@type\":\"WebSite\",\"@id\":\"https:\\\/\\\/americanbiosystems.com\\\/es\\\/#website\",\"url\":\"https:\\\/\\\/americanbiosystems.com\\\/es\\\/\",\"name\":\"American Biosystems\",\"description\":\"Enzymes and Direct Fed Microbials\",\"publisher\":{\"@id\":\"https:\\\/\\\/americanbiosystems.com\\\/es\\\/#organization\"},\"potentialAction\":[{\"@type\":\"SearchAction\",\"target\":{\"@type\":\"EntryPoint\",\"urlTemplate\":\"https:\\\/\\\/americanbiosystems.com\\\/es\\\/?s={search_term_string}\"},\"query-input\":{\"@type\":\"PropertyValueSpecification\",\"valueRequired\":true,\"valueName\":\"search_term_string\"}}],\"inLanguage\":\"es\"},{\"@type\":\"Organization\",\"@id\":\"https:\\\/\\\/americanbiosystems.com\\\/es\\\/#organization\",\"name\":\"American Biosystems\",\"url\":\"https:\\\/\\\/americanbiosystems.com\\\/es\\\/\",\"logo\":{\"@type\":\"ImageObject\",\"inLanguage\":\"es\",\"@id\":\"https:\\\/\\\/americanbiosystems.com\\\/es\\\/#\\\/schema\\\/logo\\\/image\\\/\",\"url\":\"https:\\\/\\\/americanbiosystems.com\\\/wp-content\\\/uploads\\\/2022\\\/06\\\/AmBiologo-400x100-1.png\",\"contentUrl\":\"https:\\\/\\\/americanbiosystems.com\\\/wp-content\\\/uploads\\\/2022\\\/06\\\/AmBiologo-400x100-1.png\",\"width\":400,\"height\":100,\"caption\":\"American Biosystems\"},\"image\":{\"@id\":\"https:\\\/\\\/americanbiosystems.com\\\/es\\\/#\\\/schema\\\/logo\\\/image\\\/\"}}]}<\/script>\n<!-- \/ Yoast SEO plugin. -->","yoast_head_json":{"title":"Sistema de Tratamiento de Aguas Residuales de Acuicultura | American Biosystems","description":"Nuestro objetivo es aumentar su productividad ayud\u00e1ndole a adoptar tecnolog\u00edas y m\u00e9todos innovadores para el tratamiento del agua. \u00a1Cont\u00e1ctenos!","robots":{"index":"index","follow":"follow","max-snippet":"max-snippet:-1","max-image-preview":"max-image-preview:large","max-video-preview":"max-video-preview:-1"},"canonical":"https:\/\/americanbiosystems.com\/es\/productos\/tratamiento-de-sistemas-de-aquicultura\/","og_locale":"es_ES","og_type":"article","og_title":"Sistema de Tratamiento de Aguas Residuales de Acuicultura | American Biosystems","og_description":"Nuestro objetivo es aumentar su productividad ayud\u00e1ndole a adoptar tecnolog\u00edas y m\u00e9todos innovadores para el tratamiento del agua. \u00a1Cont\u00e1ctenos!","og_url":"https:\/\/americanbiosystems.com\/es\/productos\/tratamiento-de-sistemas-de-aquicultura\/","og_site_name":"American Biosystems","article_modified_time":"2025-12-02T18:25:33+00:00","og_image":[{"width":1200,"height":519,"url":"https:\/\/americanbiosystems.com\/wp-content\/uploads\/2017\/09\/Aquaculture.jpg","type":"image\/jpeg"}],"twitter_card":"summary_large_image","twitter_misc":{"Tiempo de lectura":"2 minutos"},"schema":{"@context":"https:\/\/schema.org","@graph":[{"@type":"WebPage","@id":"https:\/\/americanbiosystems.com\/es\/productos\/tratamiento-de-sistemas-de-aquicultura\/","url":"https:\/\/americanbiosystems.com\/es\/productos\/tratamiento-de-sistemas-de-aquicultura\/","name":"Sistema de Tratamiento de Aguas Residuales de Acuicultura | American Biosystems","isPartOf":{"@id":"https:\/\/americanbiosystems.com\/es\/#website"},"primaryImageOfPage":{"@id":"https:\/\/americanbiosystems.com\/es\/productos\/tratamiento-de-sistemas-de-aquicultura\/#primaryimage"},"image":{"@id":"https:\/\/americanbiosystems.com\/es\/productos\/tratamiento-de-sistemas-de-aquicultura\/#primaryimage"},"thumbnailUrl":"https:\/\/americanbiosystems.com\/wp-content\/uploads\/2017\/09\/Aquaculture-1024x443.jpg","datePublished":"2017-09-25T17:05:05+00:00","dateModified":"2025-12-02T18:25:33+00:00","description":"Nuestro objetivo es aumentar su productividad ayud\u00e1ndole a adoptar tecnolog\u00edas y m\u00e9todos innovadores para el tratamiento del agua. \u00a1Cont\u00e1ctenos!","breadcrumb":{"@id":"https:\/\/americanbiosystems.com\/es\/productos\/tratamiento-de-sistemas-de-aquicultura\/#breadcrumb"},"inLanguage":"es","potentialAction":[{"@type":"ReadAction","target":["https:\/\/americanbiosystems.com\/es\/productos\/tratamiento-de-sistemas-de-aquicultura\/"]}]},{"@type":"ImageObject","inLanguage":"es","@id":"https:\/\/americanbiosystems.com\/es\/productos\/tratamiento-de-sistemas-de-aquicultura\/#primaryimage","url":"https:\/\/americanbiosystems.com\/wp-content\/uploads\/2017\/09\/Aquaculture-1024x443.jpg","contentUrl":"https:\/\/americanbiosystems.com\/wp-content\/uploads\/2017\/09\/Aquaculture-1024x443.jpg"},{"@type":"BreadcrumbList","@id":"https:\/\/americanbiosystems.com\/es\/productos\/tratamiento-de-sistemas-de-aquicultura\/#breadcrumb","itemListElement":[{"@type":"ListItem","position":1,"name":"Home","item":"https:\/\/americanbiosystems.com\/es\/?lang=es"},{"@type":"ListItem","position":2,"name":"Productos","item":"https:\/\/americanbiosystems.com\/es\/productos\/"},{"@type":"ListItem","position":3,"name":"Tratamiento De Sistemas de Aquicultura"}]},{"@type":"WebSite","@id":"https:\/\/americanbiosystems.com\/es\/#website","url":"https:\/\/americanbiosystems.com\/es\/","name":"American Biosystems","description":"Enzymes and Direct Fed Microbials","publisher":{"@id":"https:\/\/americanbiosystems.com\/es\/#organization"},"potentialAction":[{"@type":"SearchAction","target":{"@type":"EntryPoint","urlTemplate":"https:\/\/americanbiosystems.com\/es\/?s={search_term_string}"},"query-input":{"@type":"PropertyValueSpecification","valueRequired":true,"valueName":"search_term_string"}}],"inLanguage":"es"},{"@type":"Organization","@id":"https:\/\/americanbiosystems.com\/es\/#organization","name":"American Biosystems","url":"https:\/\/americanbiosystems.com\/es\/","logo":{"@type":"ImageObject","inLanguage":"es","@id":"https:\/\/americanbiosystems.com\/es\/#\/schema\/logo\/image\/","url":"https:\/\/americanbiosystems.com\/wp-content\/uploads\/2022\/06\/AmBiologo-400x100-1.png","contentUrl":"https:\/\/americanbiosystems.com\/wp-content\/uploads\/2022\/06\/AmBiologo-400x100-1.png","width":400,"height":100,"caption":"American Biosystems"},"image":{"@id":"https:\/\/americanbiosystems.com\/es\/#\/schema\/logo\/image\/"}}]}},"featured_image_src":null,"featured_image_src_square":null,"_links":{"self":[{"href":"https:\/\/americanbiosystems.com\/es\/wp-json\/wp\/v2\/pages\/14748","targetHints":{"allow":["GET"]}}],"collection":[{"href":"https:\/\/americanbiosystems.com\/es\/wp-json\/wp\/v2\/pages"}],"about":[{"href":"https:\/\/americanbiosystems.com\/es\/wp-json\/wp\/v2\/types\/page"}],"author":[{"embeddable":true,"href":"https:\/\/americanbiosystems.com\/es\/wp-json\/wp\/v2\/users\/2"}],"replies":[{"embeddable":true,"href":"https:\/\/americanbiosystems.com\/es\/wp-json\/wp\/v2\/comments?post=14748"}],"version-history":[{"count":0,"href":"https:\/\/americanbiosystems.com\/es\/wp-json\/wp\/v2\/pages\/14748\/revisions"}],"up":[{"embeddable":true,"href":"https:\/\/americanbiosystems.com\/es\/wp-json\/wp\/v2\/pages\/14310"}],"wp:attachment":[{"href":"https:\/\/americanbiosystems.com\/es\/wp-json\/wp\/v2\/media?parent=14748"}],"curies":[{"name":"wp","href":"https:\/\/api.w.org\/{rel}","templated":true}]}}