{"id":14727,"date":"2017-10-12T17:43:01","date_gmt":"2017-10-12T17:43:01","guid":{"rendered":"https:\/\/americanbiosystems.com\/nutricion-animal\/"},"modified":"2025-11-19T21:02:23","modified_gmt":"2025-11-19T21:02:23","slug":"nutricion-animal","status":"publish","type":"page","link":"https:\/\/americanbiosystems.com\/es\/nutricion-animal\/","title":{"rendered":"Nutrici\u00f3n animal"},"content":{"rendered":"\n<div class=\"wp-block-genesis-blocks-gb-columns gb-layout-columns-2 gb-2-col-wideleft\"><div class=\"gb-layout-column-wrap gb-block-layout-column-gap-2 gb-is-responsive-column\">\n<div class=\"wp-block-genesis-blocks-gb-column gb-block-layout-column\"><div class=\"gb-block-layout-column-inner\">\n<figure class=\"wp-block-image size-large\"><img loading=\"lazy\" decoding=\"async\" width=\"1024\" height=\"256\" src=\"https:\/\/americanbiosystems.com\/wp-content\/uploads\/2017\/10\/Animal-Nutrition-1024x256.jpg\" alt=\"Una foto de vacas en un establo\" class=\"wp-image-2506\" srcset=\"https:\/\/americanbiosystems.com\/wp-content\/uploads\/2017\/10\/Animal-Nutrition-1024x256.jpg 1024w, https:\/\/americanbiosystems.com\/wp-content\/uploads\/2017\/10\/Animal-Nutrition-300x75.jpg 300w, https:\/\/americanbiosystems.com\/wp-content\/uploads\/2017\/10\/Animal-Nutrition-768x192.jpg 768w, https:\/\/americanbiosystems.com\/wp-content\/uploads\/2017\/10\/Animal-Nutrition-1536x384.jpg 1536w, https:\/\/americanbiosystems.com\/wp-content\/uploads\/2017\/10\/Animal-Nutrition-1200x300.jpg 1200w, https:\/\/americanbiosystems.com\/wp-content\/uploads\/2017\/10\/Animal-Nutrition-1400x350.jpg 1400w, https:\/\/americanbiosystems.com\/wp-content\/uploads\/2017\/10\/Animal-Nutrition.jpg 1920w\" sizes=\"auto, (max-width: 1024px) 100vw, 1024px\" \/><\/figure>\n\n\n\n<h1 class=\"wp-block-heading\">Nutrici\u00f3n animal<\/h1>\n\n\n\n<p>American Biosystems ofrece soluciones en forma de productos e ingredientes para mejorar la eficiencia de la producci\u00f3n animal. La producci\u00f3n de carne de res, cerdo, l\u00e1cteos y aves de corral contin\u00faa creciendo para satisfacer la demanda mundial. El mundo requiere un aumento del 50% en la producci\u00f3n de alimentos para 2050 para alimentar a 2.3 mil millones de personas adicionales. Adem\u00e1s, la demanda de prote\u00edna de origen animal en los pa\u00edses en desarrollo est\u00e1 aumentando r\u00e1pidamente debido a cambios socioecon\u00f3micos como el incremento de los ingresos, la urbanizaci\u00f3n y el envejecimiento de la poblaci\u00f3n. Henchion et al. descubrieron que el consumo general de carne aument\u00f3 casi un 60% entre 1990 y 2009. El consumo de carne va en aumento a pesar de los desaf\u00edos para el medio ambiente, desde las emisiones de gases de efecto invernadero hasta la p\u00e9rdida de biodiversidad terrestre.<\/p>\n\n\n\n<p>Nuestros productos de ingredientes para alimento animal est\u00e1n dise\u00f1ados para mejorar la conversi\u00f3n alimenticia y mantener la salud animal sin antibi\u00f3ticos ni hormonas. Estas caracter\u00edsticas de nuestros productos e ingredientes enzim\u00e1ticos microbianos permiten a los agricultores producir un producto m\u00e1s saludable con menos. Si queremos afrontar los desaf\u00edos de alimentar a un mundo en crecimiento y m\u00e1s pr\u00f3spero durante los pr\u00f3ximos 30 a\u00f1os, debemos confiar en productos como nuestros productos y ingredientes microbianos de alimentaci\u00f3n directa para cumplir los objetivos de la industria.<\/p>\n\n\n\n<p>Productos completas o ingredientes est\u00e1n disponibles para producir productos patentados que satisfagan las necesidades de la empresa. H\u00e1ganos saber c\u00f3mo podemos servir mejor a su organizaci\u00f3n.<\/p>\n\n\n\n<p>Henchion, M.; McCarthy, M.; Resconi, V.; Troy, D. Meat consumption: Trends and quality matters. Meat Sci. 2014, 98, 561\u2013568.<\/p>\n\n\n\n<h3 class=\"wp-block-heading\">Danos una llamada: 540.344.6469<\/h3>\n\n\n\n<p><a href=\"https:\/\/www.americanbiosystems.com\/contact\/\">CONTACTO<\/a><\/p>\n<\/div><\/div>\n\n\n\n<div class=\"wp-block-genesis-blocks-gb-column ambio-sidebar-menu gb-block-layout-column\"><div class=\"gb-block-layout-column-inner\">\n<h2 class=\"wp-block-heading\">Animal Nutrition Products<\/h2>\n\n\n<nav class=\"is-vertical wp-block-navigation is-layout-flex wp-container-core-navigation-is-layout-8cf370e7 wp-block-navigation-is-layout-flex\" aria-label=\"Direct-Fed Microbials\"><ul class=\"wp-block-navigation__container  is-vertical wp-block-navigation\"><li class=\" wp-block-navigation-item wp-block-navigation-link\"><a class=\"wp-block-navigation-item__content\"  href=\"https:\/\/americanbiosystems.com\/products\/direct-fed-microbials\/aspergillus-niger-fermentation-product\/\"><span class=\"wp-block-navigation-item__label\">Aspergillus niger Fermentation Product<\/span><\/a><\/li><li class=\" wp-block-navigation-item wp-block-navigation-link\"><a class=\"wp-block-navigation-item__content\"  href=\"https:\/\/americanbiosystems.com\/products\/direct-fed-microbials\/aspergillus-oryzae-fermentation-product\/\"><span class=\"wp-block-navigation-item__label\">Aspergillus oryzae Fermentation Product<\/span><\/a><\/li><li class=\" wp-block-navigation-item wp-block-navigation-link\"><a class=\"wp-block-navigation-item__content\"  href=\"https:\/\/americanbiosystems.com\/products\/direct-fed-microbials\/bacillus-subtilis-fermentation-product\/\"><span class=\"wp-block-navigation-item__label\">Bacillus subtilis Fermentation Product<\/span><\/a><\/li><li class=\" wp-block-navigation-item wp-block-navigation-link\"><a class=\"wp-block-navigation-item__content\"  href=\"https:\/\/americanbiosystems.com\/products\/direct-fed-microbials\/bacillus-viable-spore-concentrate\/\"><span class=\"wp-block-navigation-item__label\">Bacillus Viable Spore Concentrate<\/span><\/a><\/li><li class=\" wp-block-navigation-item wp-block-navigation-link\"><a class=\"wp-block-navigation-item__content\"  href=\"https:\/\/americanbiosystems.com\/products\/direct-fed-microbials\/blended-fermentation-products\/\"><span class=\"wp-block-navigation-item__label\">Blended Fermentation Products<\/span><\/a><\/li><\/ul><\/nav>\n\n\n<div class=\"wp-block-cover gb-block-cta\" style=\"padding-top:2%;min-height:13em;aspect-ratio:unset;\"><span aria-hidden=\"true\" class=\"wp-block-cover__background has-background-dim-0 has-background-dim\" style=\"background-color:#505050\"><\/span><img loading=\"lazy\" decoding=\"async\" width=\"1920\" height=\"480\" class=\"wp-block-cover__image-background wp-image-2350\" alt=\"\" src=\"https:\/\/americanbiosystems.com\/wp-content\/uploads\/2017\/09\/contact_header.jpg\" data-object-fit=\"cover\" srcset=\"https:\/\/americanbiosystems.com\/wp-content\/uploads\/2017\/09\/contact_header.jpg 1920w, https:\/\/americanbiosystems.com\/wp-content\/uploads\/2017\/09\/contact_header-300x75.jpg 300w, https:\/\/americanbiosystems.com\/wp-content\/uploads\/2017\/09\/contact_header-1024x256.jpg 1024w, https:\/\/americanbiosystems.com\/wp-content\/uploads\/2017\/09\/contact_header-768x192.jpg 768w, https:\/\/americanbiosystems.com\/wp-content\/uploads\/2017\/09\/contact_header-1536x384.jpg 1536w, https:\/\/americanbiosystems.com\/wp-content\/uploads\/2017\/09\/contact_header-1200x300.jpg 1200w, https:\/\/americanbiosystems.com\/wp-content\/uploads\/2017\/09\/contact_header-1400x350.jpg 1400w\" sizes=\"auto, (max-width: 1920px) 100vw, 1920px\" \/><div class=\"wp-block-cover__inner-container is-layout-flow wp-block-cover-is-layout-flow\">\n<h3 class=\"wp-block-heading has-text-align-center has-text-color has-link-color wp-elements-d3bcad4baafe2177b359b361800c7f47\" style=\"color:#ffffff;font-size:24px;line-height:1.2\">Give us a call: <br><a href=\"tel:5403446469\">540.344.6469<\/a><\/h3>\n\n\n\n<p class=\"has-text-align-center\" style=\"line-height:1\"><\/p>\n\n\n\n<div class=\"wp-block-buttons is-content-justification-center is-layout-flex wp-container-core-buttons-is-layout-16018d1d wp-block-buttons-is-layout-flex\">\n<div class=\"wp-block-button gb-block-button is-style-fill\"><a class=\"wp-block-button__link has-text-color has-background wp-element-button\" href=\"https:\/\/americanbiosystems.com\/contact\/\" style=\"border-radius:0px;color:#003b70;background-color:#fefefe;padding-top:10px;padding-right:1em;padding-bottom:10px;padding-left:1em\">Get in touch<\/a><\/div>\n<\/div>\n<\/div><\/div>\n<\/div><\/div>\n<\/div><\/div>\n\n<p><\/p>\n","protected":false},"excerpt":{"rendered":"","protected":false},"author":2,"featured_media":14300,"parent":0,"menu_order":0,"comment_status":"closed","ping_status":"closed","template":"","meta":{"_genesis_hide_title":false,"_genesis_hide_breadcrumbs":false,"_genesis_hide_singular_image":false,"_genesis_hide_footer_widgets":false,"_genesis_custom_body_class":"","_genesis_custom_post_class":"","_genesis_layout":"","footnotes":"","_links_to":"","_links_to_target":""},"class_list":{"0":"post-14727","1":"page","2":"type-page","3":"status-publish","4":"has-post-thumbnail","6":"entry"},"yoast_head":"<!-- This site is optimized with the Yoast SEO plugin v27.3 - https:\/\/yoast.com\/product\/yoast-seo-wordpress\/ -->\n<title>Animal Nutrition | American Biosystems<\/title>\n<meta name=\"description\" content=\"American Biosystems provides both products and ingredients to improve the efficiency of beef, pork, dairy, and poultry production.\" \/>\n<meta name=\"robots\" content=\"index, follow, max-snippet:-1, max-image-preview:large, max-video-preview:-1\" \/>\n<link rel=\"canonical\" href=\"https:\/\/americanbiosystems.com\/es\/nutricion-animal\/\" \/>\n<meta property=\"og:locale\" content=\"es_ES\" \/>\n<meta property=\"og:type\" content=\"article\" \/>\n<meta property=\"og:title\" content=\"Animal Nutrition | American Biosystems\" \/>\n<meta property=\"og:description\" content=\"American Biosystems provides both products and ingredients to improve the efficiency of beef, pork, dairy, and poultry production.\" \/>\n<meta property=\"og:url\" content=\"https:\/\/americanbiosystems.com\/es\/nutricion-animal\/\" \/>\n<meta property=\"og:site_name\" content=\"American Biosystems\" \/>\n<meta property=\"article:modified_time\" content=\"2025-11-19T21:02:23+00:00\" \/>\n<meta property=\"og:image\" content=\"https:\/\/americanbiosystems.com\/wp-content\/uploads\/2017\/10\/Animal-Nutrition.jpg\" \/>\n\t<meta property=\"og:image:width\" content=\"1920\" \/>\n\t<meta property=\"og:image:height\" content=\"480\" \/>\n\t<meta property=\"og:image:type\" content=\"image\/jpeg\" \/>\n<meta name=\"twitter:card\" content=\"summary_large_image\" \/>\n<meta name=\"twitter:label1\" content=\"Tiempo de lectura\" \/>\n\t<meta name=\"twitter:data1\" content=\"2 minutos\" \/>\n<script type=\"application\/ld+json\" class=\"yoast-schema-graph\">{\"@context\":\"https:\\\/\\\/schema.org\",\"@graph\":[{\"@type\":\"WebPage\",\"@id\":\"https:\\\/\\\/americanbiosystems.com\\\/es\\\/nutricion-animal\\\/\",\"url\":\"https:\\\/\\\/americanbiosystems.com\\\/es\\\/nutricion-animal\\\/\",\"name\":\"Animal Nutrition | American Biosystems\",\"isPartOf\":{\"@id\":\"https:\\\/\\\/americanbiosystems.com\\\/es\\\/#website\"},\"primaryImageOfPage\":{\"@id\":\"https:\\\/\\\/americanbiosystems.com\\\/es\\\/nutricion-animal\\\/#primaryimage\"},\"image\":{\"@id\":\"https:\\\/\\\/americanbiosystems.com\\\/es\\\/nutricion-animal\\\/#primaryimage\"},\"thumbnailUrl\":\"https:\\\/\\\/americanbiosystems.com\\\/wp-content\\\/uploads\\\/2017\\\/10\\\/Animal-Nutrition.jpg\",\"datePublished\":\"2017-10-12T17:43:01+00:00\",\"dateModified\":\"2025-11-19T21:02:23+00:00\",\"description\":\"American Biosystems provides both products and ingredients to improve the efficiency of beef, pork, dairy, and poultry production.\",\"breadcrumb\":{\"@id\":\"https:\\\/\\\/americanbiosystems.com\\\/es\\\/nutricion-animal\\\/#breadcrumb\"},\"inLanguage\":\"es\",\"potentialAction\":[{\"@type\":\"ReadAction\",\"target\":[\"https:\\\/\\\/americanbiosystems.com\\\/es\\\/nutricion-animal\\\/\"]}]},{\"@type\":\"ImageObject\",\"inLanguage\":\"es\",\"@id\":\"https:\\\/\\\/americanbiosystems.com\\\/es\\\/nutricion-animal\\\/#primaryimage\",\"url\":\"https:\\\/\\\/americanbiosystems.com\\\/wp-content\\\/uploads\\\/2017\\\/10\\\/Animal-Nutrition.jpg\",\"contentUrl\":\"https:\\\/\\\/americanbiosystems.com\\\/wp-content\\\/uploads\\\/2017\\\/10\\\/Animal-Nutrition.jpg\",\"width\":1920,\"height\":480},{\"@type\":\"BreadcrumbList\",\"@id\":\"https:\\\/\\\/americanbiosystems.com\\\/es\\\/nutricion-animal\\\/#breadcrumb\",\"itemListElement\":[{\"@type\":\"ListItem\",\"position\":1,\"name\":\"Home\",\"item\":\"https:\\\/\\\/americanbiosystems.com\\\/es\\\/?lang=es\"},{\"@type\":\"ListItem\",\"position\":2,\"name\":\"Nutrici\u00f3n animal\"}]},{\"@type\":\"WebSite\",\"@id\":\"https:\\\/\\\/americanbiosystems.com\\\/es\\\/#website\",\"url\":\"https:\\\/\\\/americanbiosystems.com\\\/es\\\/\",\"name\":\"American Biosystems\",\"description\":\"Enzymes and Direct Fed Microbials\",\"publisher\":{\"@id\":\"https:\\\/\\\/americanbiosystems.com\\\/es\\\/#organization\"},\"potentialAction\":[{\"@type\":\"SearchAction\",\"target\":{\"@type\":\"EntryPoint\",\"urlTemplate\":\"https:\\\/\\\/americanbiosystems.com\\\/es\\\/?s={search_term_string}\"},\"query-input\":{\"@type\":\"PropertyValueSpecification\",\"valueRequired\":true,\"valueName\":\"search_term_string\"}}],\"inLanguage\":\"es\"},{\"@type\":\"Organization\",\"@id\":\"https:\\\/\\\/americanbiosystems.com\\\/es\\\/#organization\",\"name\":\"American Biosystems\",\"url\":\"https:\\\/\\\/americanbiosystems.com\\\/es\\\/\",\"logo\":{\"@type\":\"ImageObject\",\"inLanguage\":\"es\",\"@id\":\"https:\\\/\\\/americanbiosystems.com\\\/es\\\/#\\\/schema\\\/logo\\\/image\\\/\",\"url\":\"https:\\\/\\\/americanbiosystems.com\\\/wp-content\\\/uploads\\\/2022\\\/06\\\/AmBiologo-400x100-1.png\",\"contentUrl\":\"https:\\\/\\\/americanbiosystems.com\\\/wp-content\\\/uploads\\\/2022\\\/06\\\/AmBiologo-400x100-1.png\",\"width\":400,\"height\":100,\"caption\":\"American Biosystems\"},\"image\":{\"@id\":\"https:\\\/\\\/americanbiosystems.com\\\/es\\\/#\\\/schema\\\/logo\\\/image\\\/\"}}]}<\/script>\n<!-- \/ Yoast SEO plugin. -->","yoast_head_json":{"title":"Animal Nutrition | American Biosystems","description":"American Biosystems provides both products and ingredients to improve the efficiency of beef, pork, dairy, and poultry production.","robots":{"index":"index","follow":"follow","max-snippet":"max-snippet:-1","max-image-preview":"max-image-preview:large","max-video-preview":"max-video-preview:-1"},"canonical":"https:\/\/americanbiosystems.com\/es\/nutricion-animal\/","og_locale":"es_ES","og_type":"article","og_title":"Animal Nutrition | American Biosystems","og_description":"American Biosystems provides both products and ingredients to improve the efficiency of beef, pork, dairy, and poultry production.","og_url":"https:\/\/americanbiosystems.com\/es\/nutricion-animal\/","og_site_name":"American Biosystems","article_modified_time":"2025-11-19T21:02:23+00:00","og_image":[{"width":1920,"height":480,"url":"https:\/\/americanbiosystems.com\/wp-content\/uploads\/2017\/10\/Animal-Nutrition.jpg","type":"image\/jpeg"}],"twitter_card":"summary_large_image","twitter_misc":{"Tiempo de lectura":"2 minutos"},"schema":{"@context":"https:\/\/schema.org","@graph":[{"@type":"WebPage","@id":"https:\/\/americanbiosystems.com\/es\/nutricion-animal\/","url":"https:\/\/americanbiosystems.com\/es\/nutricion-animal\/","name":"Animal Nutrition | American Biosystems","isPartOf":{"@id":"https:\/\/americanbiosystems.com\/es\/#website"},"primaryImageOfPage":{"@id":"https:\/\/americanbiosystems.com\/es\/nutricion-animal\/#primaryimage"},"image":{"@id":"https:\/\/americanbiosystems.com\/es\/nutricion-animal\/#primaryimage"},"thumbnailUrl":"https:\/\/americanbiosystems.com\/wp-content\/uploads\/2017\/10\/Animal-Nutrition.jpg","datePublished":"2017-10-12T17:43:01+00:00","dateModified":"2025-11-19T21:02:23+00:00","description":"American Biosystems provides both products and ingredients to improve the efficiency of beef, pork, dairy, and poultry production.","breadcrumb":{"@id":"https:\/\/americanbiosystems.com\/es\/nutricion-animal\/#breadcrumb"},"inLanguage":"es","potentialAction":[{"@type":"ReadAction","target":["https:\/\/americanbiosystems.com\/es\/nutricion-animal\/"]}]},{"@type":"ImageObject","inLanguage":"es","@id":"https:\/\/americanbiosystems.com\/es\/nutricion-animal\/#primaryimage","url":"https:\/\/americanbiosystems.com\/wp-content\/uploads\/2017\/10\/Animal-Nutrition.jpg","contentUrl":"https:\/\/americanbiosystems.com\/wp-content\/uploads\/2017\/10\/Animal-Nutrition.jpg","width":1920,"height":480},{"@type":"BreadcrumbList","@id":"https:\/\/americanbiosystems.com\/es\/nutricion-animal\/#breadcrumb","itemListElement":[{"@type":"ListItem","position":1,"name":"Home","item":"https:\/\/americanbiosystems.com\/es\/?lang=es"},{"@type":"ListItem","position":2,"name":"Nutrici\u00f3n animal"}]},{"@type":"WebSite","@id":"https:\/\/americanbiosystems.com\/es\/#website","url":"https:\/\/americanbiosystems.com\/es\/","name":"American Biosystems","description":"Enzymes and Direct Fed Microbials","publisher":{"@id":"https:\/\/americanbiosystems.com\/es\/#organization"},"potentialAction":[{"@type":"SearchAction","target":{"@type":"EntryPoint","urlTemplate":"https:\/\/americanbiosystems.com\/es\/?s={search_term_string}"},"query-input":{"@type":"PropertyValueSpecification","valueRequired":true,"valueName":"search_term_string"}}],"inLanguage":"es"},{"@type":"Organization","@id":"https:\/\/americanbiosystems.com\/es\/#organization","name":"American Biosystems","url":"https:\/\/americanbiosystems.com\/es\/","logo":{"@type":"ImageObject","inLanguage":"es","@id":"https:\/\/americanbiosystems.com\/es\/#\/schema\/logo\/image\/","url":"https:\/\/americanbiosystems.com\/wp-content\/uploads\/2022\/06\/AmBiologo-400x100-1.png","contentUrl":"https:\/\/americanbiosystems.com\/wp-content\/uploads\/2022\/06\/AmBiologo-400x100-1.png","width":400,"height":100,"caption":"American Biosystems"},"image":{"@id":"https:\/\/americanbiosystems.com\/es\/#\/schema\/logo\/image\/"}}]}},"featured_image_src":"https:\/\/americanbiosystems.com\/wp-content\/uploads\/2017\/10\/Animal-Nutrition-600x400.jpg","featured_image_src_square":"https:\/\/americanbiosystems.com\/wp-content\/uploads\/2017\/10\/Animal-Nutrition-600x480.jpg","_links":{"self":[{"href":"https:\/\/americanbiosystems.com\/es\/wp-json\/wp\/v2\/pages\/14727","targetHints":{"allow":["GET"]}}],"collection":[{"href":"https:\/\/americanbiosystems.com\/es\/wp-json\/wp\/v2\/pages"}],"about":[{"href":"https:\/\/americanbiosystems.com\/es\/wp-json\/wp\/v2\/types\/page"}],"author":[{"embeddable":true,"href":"https:\/\/americanbiosystems.com\/es\/wp-json\/wp\/v2\/users\/2"}],"replies":[{"embeddable":true,"href":"https:\/\/americanbiosystems.com\/es\/wp-json\/wp\/v2\/comments?post=14727"}],"version-history":[{"count":0,"href":"https:\/\/americanbiosystems.com\/es\/wp-json\/wp\/v2\/pages\/14727\/revisions"}],"wp:featuredmedia":[{"embeddable":true,"href":"https:\/\/americanbiosystems.com\/es\/wp-json\/wp\/v2\/media\/14300"}],"wp:attachment":[{"href":"https:\/\/americanbiosystems.com\/es\/wp-json\/wp\/v2\/media?parent=14727"}],"curies":[{"name":"wp","href":"https:\/\/api.w.org\/{rel}","templated":true}]}}