{"id":14719,"date":"2017-10-12T17:19:42","date_gmt":"2017-10-12T17:19:42","guid":{"rendered":"https:\/\/americanbiosystems.com\/acuicultura\/"},"modified":"2025-11-18T19:38:17","modified_gmt":"2025-11-18T19:38:17","slug":"acuicultura","status":"publish","type":"page","link":"https:\/\/americanbiosystems.com\/es\/acuicultura\/","title":{"rendered":"Acuicultura"},"content":{"rendered":"\n<div class=\"wp-block-genesis-blocks-gb-columns gb-layout-columns-2 gb-2-col-wideleft\"><div class=\"gb-layout-column-wrap gb-block-layout-column-gap-2 gb-is-responsive-column\">\n<div class=\"wp-block-genesis-blocks-gb-column gb-block-layout-column\"><div class=\"gb-block-layout-column-inner\">\n<figure class=\"wp-block-image size-large\"><img loading=\"lazy\" decoding=\"async\" width=\"1024\" height=\"256\" src=\"https:\/\/americanbiosystems.com\/wp-content\/uploads\/2017\/10\/Aquaculture-1024x256.jpg\" alt=\"A photo of aquaculture\" class=\"wp-image-2493\" srcset=\"https:\/\/americanbiosystems.com\/wp-content\/uploads\/2017\/10\/Aquaculture-1024x256.jpg 1024w, https:\/\/americanbiosystems.com\/wp-content\/uploads\/2017\/10\/Aquaculture-300x75.jpg 300w, https:\/\/americanbiosystems.com\/wp-content\/uploads\/2017\/10\/Aquaculture-768x192.jpg 768w, https:\/\/americanbiosystems.com\/wp-content\/uploads\/2017\/10\/Aquaculture-1536x384.jpg 1536w, https:\/\/americanbiosystems.com\/wp-content\/uploads\/2017\/10\/Aquaculture-1200x300.jpg 1200w, https:\/\/americanbiosystems.com\/wp-content\/uploads\/2017\/10\/Aquaculture-1400x350.jpg 1400w, https:\/\/americanbiosystems.com\/wp-content\/uploads\/2017\/10\/Aquaculture.jpg 1920w\" sizes=\"auto, (max-width: 1024px) 100vw, 1024px\" \/><\/figure>\n\n\n\n<h1 class=\"wp-block-heading\">Acuicultura<\/h1>\n\n\n\n<p>Seg\u00fan la Organizaci\u00f3n de las Naciones Unidas para la Alimentaci\u00f3n y la Agricultura (FAO): \u201cDado que la producci\u00f3n de la pesca de captura se est\u00e1 estancando, se prev\u00e9 que los mayores incrementos en la producci\u00f3n de pescado para consumo provendr\u00e1n de la acuicultura. Considerando las proyecciones de poblaci\u00f3n, se necesitar\u00e1n 27 millones de toneladas adicionales de producci\u00f3n para mantener el nivel actual de consumo per c\u00e1pita en 2030&#8243;<\/p>\n\n\n\n<p>La acuicultura ofrece la fuente m\u00e1s eficiente de producci\u00f3n de prote\u00ednas<\/p>\n\n\n\n<figure class=\"wp-block-table\"><table class=\"has-fixed-layout\"><tbody><tr><td>Proteina<\/td><td>Tasa de conversaion alimenticia<\/td><td><\/td><\/tr><tr><td>Salm\u00f3n<\/td><td>1.2<\/td><td>Se necesitan 1.2 libras de alimento para producir 1 libra de salm\u00f3n<\/td><\/tr><tr><td>Res<\/td><td>8.7<\/td><td>Se necesitan 8.7 libras de alimento para producir 1 libra de res<\/td><\/tr><tr><td>Porcino<\/td><td>5.9<\/td><td>Se necesitan 1.2 libras de alimento para producir 1 libra de porcino<\/td><\/tr><tr><td>Pollo<\/td><td>1.9<\/td><td>Se necesitan 1.9 libras de alimento para producir 1 libra de pollo<\/td><\/tr><\/tbody><\/table><\/figure>\n\n\n\n<p><em>Tomado del sitio web de Pesca de la NOAA <\/em><a href=\"http:\/\/www.nmfs.noaa.gov\/aquaculture\/faqs\/faq_aq_101.html\" target=\"_blank\" rel=\"noreferrer noopener\"><em>sitio web<\/em><\/a><\/p>\n\n\n\n<p>American Biosystems ha atendido al mercado internacional de la acuicultura desde 1985 a trav\u00e9s de sus innovadores productos ACCELOBAC AG\u00ae. Accelobac AG\u00ae ayuda a aumentar la conversi\u00f3n alimenticia y el rendimiento en los sistemas de acuicultura al reducir el estr\u00e9s derivado del entorno acu\u00edcola actual. Los productores se ven impulsados a incrementar el rendimiento debido a los elevados costos de infraestructura y mano de obra. Nuestro producto nos ayuda a cumplir con estas pr\u00f3ximas demandas Proveemos mezclas completamente para cada orden para que nuestros clientes deban formular sus propias mezclas para estas requisitas. Por favor, h\u00e1ganos saber c\u00f3mo podemos atender mejor las necesidades de su organizaci\u00f3n<\/p>\n\n\n\n<h3 class=\"wp-block-heading\">Danos una llamada: 540.344.6469<\/h3>\n\n\n\n<p><a href=\"https:\/\/americanbiosystems.com\/contactanos\/?lang=es\">PONTE EN CONTACTO<\/a><\/p>\n<\/div><\/div>\n\n\n\n<div class=\"wp-block-genesis-blocks-gb-column ambio-sidebar-menu gb-block-layout-column\"><div class=\"gb-block-layout-column-inner\">\n<h2 class=\"wp-block-heading\">Nuestros mercados<\/h2>\n\n\n<nav class=\"is-vertical wp-block-navigation is-layout-flex wp-container-core-navigation-is-layout-8cf370e7 wp-block-navigation-is-layout-flex\" aria-label=\"Services\"><ul class=\"wp-block-navigation__container  is-vertical wp-block-navigation\"><li class=\" wp-block-navigation-item wp-block-navigation-link\"><a class=\"wp-block-navigation-item__content\"  href=\"https:\/\/americanbiosystems.com\/aquaculture\/\"><span class=\"wp-block-navigation-item__label\">Aquaculture<\/span><\/a><\/li><li class=\" wp-block-navigation-item wp-block-navigation-link\"><a class=\"wp-block-navigation-item__content\"  href=\"https:\/\/americanbiosystems.com\/waste-treatment\/\"><span class=\"wp-block-navigation-item__label\">Waste Treatment<\/span><\/a><\/li><li class=\" wp-block-navigation-item wp-block-navigation-link\"><a class=\"wp-block-navigation-item__content\"  href=\"https:\/\/americanbiosystems.com\/industrial\/\"><span class=\"wp-block-navigation-item__label\">Industrial<\/span><\/a><\/li><li class=\" wp-block-navigation-item wp-block-navigation-link\"><a class=\"wp-block-navigation-item__content\"  href=\"https:\/\/americanbiosystems.com\/animal-nutrition\/\"><span class=\"wp-block-navigation-item__label\">Animal Nutrition<\/span><\/a><\/li><\/ul><\/nav>\n\n\n<div class=\"wp-block-cover gb-block-cta\" style=\"padding-top:2%;min-height:13em;aspect-ratio:unset;\"><span aria-hidden=\"true\" class=\"wp-block-cover__background has-background-dim-0 has-background-dim\" style=\"background-color:#505050\"><\/span><img loading=\"lazy\" decoding=\"async\" width=\"1920\" height=\"480\" class=\"wp-block-cover__image-background wp-image-2350\" alt=\"\" src=\"https:\/\/americanbiosystems.com\/wp-content\/uploads\/2017\/09\/contact_header.jpg\" data-object-fit=\"cover\" srcset=\"https:\/\/americanbiosystems.com\/wp-content\/uploads\/2017\/09\/contact_header.jpg 1920w, https:\/\/americanbiosystems.com\/wp-content\/uploads\/2017\/09\/contact_header-300x75.jpg 300w, https:\/\/americanbiosystems.com\/wp-content\/uploads\/2017\/09\/contact_header-1024x256.jpg 1024w, https:\/\/americanbiosystems.com\/wp-content\/uploads\/2017\/09\/contact_header-768x192.jpg 768w, https:\/\/americanbiosystems.com\/wp-content\/uploads\/2017\/09\/contact_header-1536x384.jpg 1536w, https:\/\/americanbiosystems.com\/wp-content\/uploads\/2017\/09\/contact_header-1200x300.jpg 1200w, https:\/\/americanbiosystems.com\/wp-content\/uploads\/2017\/09\/contact_header-1400x350.jpg 1400w\" sizes=\"auto, (max-width: 1920px) 100vw, 1920px\" \/><div class=\"wp-block-cover__inner-container is-layout-flow wp-block-cover-is-layout-flow\">\n<h3 class=\"wp-block-heading has-text-align-center has-text-color has-link-color wp-elements-d3bcad4baafe2177b359b361800c7f47\" style=\"color:#ffffff;font-size:24px;line-height:1.2\">Give us a call: <br><a href=\"tel:5403446469\">540.344.6469<\/a><\/h3>\n\n\n\n<p class=\"has-text-align-center\" style=\"line-height:1\"><\/p>\n\n\n\n<div class=\"wp-block-buttons is-content-justification-center is-layout-flex wp-container-core-buttons-is-layout-16018d1d wp-block-buttons-is-layout-flex\">\n<div class=\"wp-block-button gb-block-button is-style-fill\"><a class=\"wp-block-button__link has-text-color has-background wp-element-button\" href=\"https:\/\/americanbiosystems.com\/contact\/\" style=\"border-radius:0px;color:#003b70;background-color:#fefefe;padding-top:10px;padding-right:1em;padding-bottom:10px;padding-left:1em\">Get in touch<\/a><\/div>\n<\/div>\n<\/div><\/div>\n<\/div><\/div>\n<\/div><\/div>\n\n<p><\/p>\n","protected":false},"excerpt":{"rendered":"","protected":false},"author":2,"featured_media":14718,"parent":0,"menu_order":0,"comment_status":"closed","ping_status":"closed","template":"","meta":{"_genesis_hide_title":false,"_genesis_hide_breadcrumbs":false,"_genesis_hide_singular_image":false,"_genesis_hide_footer_widgets":false,"_genesis_custom_body_class":"","_genesis_custom_post_class":"","_genesis_layout":"","footnotes":"","_links_to":"","_links_to_target":""},"class_list":{"0":"post-14719","1":"page","2":"type-page","3":"status-publish","4":"has-post-thumbnail","6":"entry"},"yoast_head":"<!-- This site is optimized with the Yoast SEO plugin v27.5 - https:\/\/yoast.com\/product\/yoast-seo-wordpress\/ -->\n<title>Aquaculture | American Biosystems<\/title>\n<meta name=\"description\" content=\"American Biosystems supports aquaculture systems with ACCELOBAC AG\u00ae products, which increase aquaculture feed conversion and yield.\" \/>\n<meta name=\"robots\" content=\"index, follow, max-snippet:-1, max-image-preview:large, max-video-preview:-1\" \/>\n<link rel=\"canonical\" href=\"https:\/\/americanbiosystems.com\/es\/acuicultura\/\" \/>\n<meta property=\"og:locale\" content=\"es_ES\" \/>\n<meta property=\"og:type\" content=\"article\" \/>\n<meta property=\"og:title\" content=\"Aquaculture | American Biosystems\" \/>\n<meta property=\"og:description\" content=\"American Biosystems supports aquaculture systems with ACCELOBAC AG\u00ae products, which increase aquaculture feed conversion and yield.\" \/>\n<meta property=\"og:url\" content=\"https:\/\/americanbiosystems.com\/es\/acuicultura\/\" \/>\n<meta property=\"og:site_name\" content=\"American Biosystems\" \/>\n<meta property=\"article:modified_time\" content=\"2025-11-18T19:38:17+00:00\" \/>\n<meta property=\"og:image\" content=\"https:\/\/americanbiosystems.com\/wp-content\/uploads\/2017\/10\/Aquaculture.jpg\" \/>\n\t<meta property=\"og:image:width\" content=\"1920\" \/>\n\t<meta property=\"og:image:height\" content=\"480\" \/>\n\t<meta property=\"og:image:type\" content=\"image\/jpeg\" \/>\n<meta name=\"twitter:card\" content=\"summary_large_image\" \/>\n<meta name=\"twitter:label1\" content=\"Tiempo de lectura\" \/>\n\t<meta name=\"twitter:data1\" content=\"1 minuto\" \/>\n<script type=\"application\/ld+json\" class=\"yoast-schema-graph\">{\"@context\":\"https:\\\/\\\/schema.org\",\"@graph\":[{\"@type\":\"WebPage\",\"@id\":\"https:\\\/\\\/americanbiosystems.com\\\/es\\\/acuicultura\\\/\",\"url\":\"https:\\\/\\\/americanbiosystems.com\\\/es\\\/acuicultura\\\/\",\"name\":\"Aquaculture | American Biosystems\",\"isPartOf\":{\"@id\":\"https:\\\/\\\/americanbiosystems.com\\\/es\\\/#website\"},\"primaryImageOfPage\":{\"@id\":\"https:\\\/\\\/americanbiosystems.com\\\/es\\\/acuicultura\\\/#primaryimage\"},\"image\":{\"@id\":\"https:\\\/\\\/americanbiosystems.com\\\/es\\\/acuicultura\\\/#primaryimage\"},\"thumbnailUrl\":\"https:\\\/\\\/americanbiosystems.com\\\/wp-content\\\/uploads\\\/2017\\\/10\\\/Aquaculture.jpg\",\"datePublished\":\"2017-10-12T17:19:42+00:00\",\"dateModified\":\"2025-11-18T19:38:17+00:00\",\"description\":\"American Biosystems supports aquaculture systems with ACCELOBAC AG\u00ae products, which increase aquaculture feed conversion and yield.\",\"breadcrumb\":{\"@id\":\"https:\\\/\\\/americanbiosystems.com\\\/es\\\/acuicultura\\\/#breadcrumb\"},\"inLanguage\":\"es\",\"potentialAction\":[{\"@type\":\"ReadAction\",\"target\":[\"https:\\\/\\\/americanbiosystems.com\\\/es\\\/acuicultura\\\/\"]}]},{\"@type\":\"ImageObject\",\"inLanguage\":\"es\",\"@id\":\"https:\\\/\\\/americanbiosystems.com\\\/es\\\/acuicultura\\\/#primaryimage\",\"url\":\"https:\\\/\\\/americanbiosystems.com\\\/wp-content\\\/uploads\\\/2017\\\/10\\\/Aquaculture.jpg\",\"contentUrl\":\"https:\\\/\\\/americanbiosystems.com\\\/wp-content\\\/uploads\\\/2017\\\/10\\\/Aquaculture.jpg\",\"width\":1920,\"height\":480},{\"@type\":\"BreadcrumbList\",\"@id\":\"https:\\\/\\\/americanbiosystems.com\\\/es\\\/acuicultura\\\/#breadcrumb\",\"itemListElement\":[{\"@type\":\"ListItem\",\"position\":1,\"name\":\"Home\",\"item\":\"https:\\\/\\\/americanbiosystems.com\\\/es\\\/?lang=es\"},{\"@type\":\"ListItem\",\"position\":2,\"name\":\"Acuicultura\"}]},{\"@type\":\"WebSite\",\"@id\":\"https:\\\/\\\/americanbiosystems.com\\\/es\\\/#website\",\"url\":\"https:\\\/\\\/americanbiosystems.com\\\/es\\\/\",\"name\":\"American Biosystems\",\"description\":\"Enzymes and Direct Fed Microbials\",\"publisher\":{\"@id\":\"https:\\\/\\\/americanbiosystems.com\\\/es\\\/#organization\"},\"potentialAction\":[{\"@type\":\"SearchAction\",\"target\":{\"@type\":\"EntryPoint\",\"urlTemplate\":\"https:\\\/\\\/americanbiosystems.com\\\/es\\\/?s={search_term_string}\"},\"query-input\":{\"@type\":\"PropertyValueSpecification\",\"valueRequired\":true,\"valueName\":\"search_term_string\"}}],\"inLanguage\":\"es\"},{\"@type\":\"Organization\",\"@id\":\"https:\\\/\\\/americanbiosystems.com\\\/es\\\/#organization\",\"name\":\"American Biosystems\",\"url\":\"https:\\\/\\\/americanbiosystems.com\\\/es\\\/\",\"logo\":{\"@type\":\"ImageObject\",\"inLanguage\":\"es\",\"@id\":\"https:\\\/\\\/americanbiosystems.com\\\/es\\\/#\\\/schema\\\/logo\\\/image\\\/\",\"url\":\"https:\\\/\\\/americanbiosystems.com\\\/wp-content\\\/uploads\\\/2022\\\/06\\\/AmBiologo-400x100-1.png\",\"contentUrl\":\"https:\\\/\\\/americanbiosystems.com\\\/wp-content\\\/uploads\\\/2022\\\/06\\\/AmBiologo-400x100-1.png\",\"width\":400,\"height\":100,\"caption\":\"American Biosystems\"},\"image\":{\"@id\":\"https:\\\/\\\/americanbiosystems.com\\\/es\\\/#\\\/schema\\\/logo\\\/image\\\/\"}}]}<\/script>\n<!-- \/ Yoast SEO plugin. -->","yoast_head_json":{"title":"Aquaculture | American Biosystems","description":"American Biosystems supports aquaculture systems with ACCELOBAC AG\u00ae products, which increase aquaculture feed conversion and yield.","robots":{"index":"index","follow":"follow","max-snippet":"max-snippet:-1","max-image-preview":"max-image-preview:large","max-video-preview":"max-video-preview:-1"},"canonical":"https:\/\/americanbiosystems.com\/es\/acuicultura\/","og_locale":"es_ES","og_type":"article","og_title":"Aquaculture | American Biosystems","og_description":"American Biosystems supports aquaculture systems with ACCELOBAC AG\u00ae products, which increase aquaculture feed conversion and yield.","og_url":"https:\/\/americanbiosystems.com\/es\/acuicultura\/","og_site_name":"American Biosystems","article_modified_time":"2025-11-18T19:38:17+00:00","og_image":[{"width":1920,"height":480,"url":"https:\/\/americanbiosystems.com\/wp-content\/uploads\/2017\/10\/Aquaculture.jpg","type":"image\/jpeg"}],"twitter_card":"summary_large_image","twitter_misc":{"Tiempo de lectura":"1 minuto"},"schema":{"@context":"https:\/\/schema.org","@graph":[{"@type":"WebPage","@id":"https:\/\/americanbiosystems.com\/es\/acuicultura\/","url":"https:\/\/americanbiosystems.com\/es\/acuicultura\/","name":"Aquaculture | American Biosystems","isPartOf":{"@id":"https:\/\/americanbiosystems.com\/es\/#website"},"primaryImageOfPage":{"@id":"https:\/\/americanbiosystems.com\/es\/acuicultura\/#primaryimage"},"image":{"@id":"https:\/\/americanbiosystems.com\/es\/acuicultura\/#primaryimage"},"thumbnailUrl":"https:\/\/americanbiosystems.com\/wp-content\/uploads\/2017\/10\/Aquaculture.jpg","datePublished":"2017-10-12T17:19:42+00:00","dateModified":"2025-11-18T19:38:17+00:00","description":"American Biosystems supports aquaculture systems with ACCELOBAC AG\u00ae products, which increase aquaculture feed conversion and yield.","breadcrumb":{"@id":"https:\/\/americanbiosystems.com\/es\/acuicultura\/#breadcrumb"},"inLanguage":"es","potentialAction":[{"@type":"ReadAction","target":["https:\/\/americanbiosystems.com\/es\/acuicultura\/"]}]},{"@type":"ImageObject","inLanguage":"es","@id":"https:\/\/americanbiosystems.com\/es\/acuicultura\/#primaryimage","url":"https:\/\/americanbiosystems.com\/wp-content\/uploads\/2017\/10\/Aquaculture.jpg","contentUrl":"https:\/\/americanbiosystems.com\/wp-content\/uploads\/2017\/10\/Aquaculture.jpg","width":1920,"height":480},{"@type":"BreadcrumbList","@id":"https:\/\/americanbiosystems.com\/es\/acuicultura\/#breadcrumb","itemListElement":[{"@type":"ListItem","position":1,"name":"Home","item":"https:\/\/americanbiosystems.com\/es\/?lang=es"},{"@type":"ListItem","position":2,"name":"Acuicultura"}]},{"@type":"WebSite","@id":"https:\/\/americanbiosystems.com\/es\/#website","url":"https:\/\/americanbiosystems.com\/es\/","name":"American Biosystems","description":"Enzymes and Direct Fed Microbials","publisher":{"@id":"https:\/\/americanbiosystems.com\/es\/#organization"},"potentialAction":[{"@type":"SearchAction","target":{"@type":"EntryPoint","urlTemplate":"https:\/\/americanbiosystems.com\/es\/?s={search_term_string}"},"query-input":{"@type":"PropertyValueSpecification","valueRequired":true,"valueName":"search_term_string"}}],"inLanguage":"es"},{"@type":"Organization","@id":"https:\/\/americanbiosystems.com\/es\/#organization","name":"American Biosystems","url":"https:\/\/americanbiosystems.com\/es\/","logo":{"@type":"ImageObject","inLanguage":"es","@id":"https:\/\/americanbiosystems.com\/es\/#\/schema\/logo\/image\/","url":"https:\/\/americanbiosystems.com\/wp-content\/uploads\/2022\/06\/AmBiologo-400x100-1.png","contentUrl":"https:\/\/americanbiosystems.com\/wp-content\/uploads\/2022\/06\/AmBiologo-400x100-1.png","width":400,"height":100,"caption":"American Biosystems"},"image":{"@id":"https:\/\/americanbiosystems.com\/es\/#\/schema\/logo\/image\/"}}]}},"featured_image_src":"https:\/\/americanbiosystems.com\/wp-content\/uploads\/2017\/10\/Aquaculture-600x400.jpg","featured_image_src_square":"https:\/\/americanbiosystems.com\/wp-content\/uploads\/2017\/10\/Aquaculture-600x480.jpg","_links":{"self":[{"href":"https:\/\/americanbiosystems.com\/es\/wp-json\/wp\/v2\/pages\/14719","targetHints":{"allow":["GET"]}}],"collection":[{"href":"https:\/\/americanbiosystems.com\/es\/wp-json\/wp\/v2\/pages"}],"about":[{"href":"https:\/\/americanbiosystems.com\/es\/wp-json\/wp\/v2\/types\/page"}],"author":[{"embeddable":true,"href":"https:\/\/americanbiosystems.com\/es\/wp-json\/wp\/v2\/users\/2"}],"replies":[{"embeddable":true,"href":"https:\/\/americanbiosystems.com\/es\/wp-json\/wp\/v2\/comments?post=14719"}],"version-history":[{"count":0,"href":"https:\/\/americanbiosystems.com\/es\/wp-json\/wp\/v2\/pages\/14719\/revisions"}],"wp:featuredmedia":[{"embeddable":true,"href":"https:\/\/americanbiosystems.com\/es\/wp-json\/wp\/v2\/media\/14718"}],"wp:attachment":[{"href":"https:\/\/americanbiosystems.com\/es\/wp-json\/wp\/v2\/media?parent=14719"}],"curies":[{"name":"wp","href":"https:\/\/api.w.org\/{rel}","templated":true}]}}