{"id":14295,"date":"2017-02-03T04:06:14","date_gmt":"2017-02-03T04:06:14","guid":{"rendered":"https:\/\/americanbiosystems.com\/home\/"},"modified":"2025-12-01T20:11:59","modified_gmt":"2025-12-01T20:11:59","slug":"home","status":"publish","type":"page","link":"https:\/\/americanbiosystems.com\/es\/","title":{"rendered":"Home"},"content":{"rendered":"\n<div class=\"wp-block-gutsliders-content-slider gutslider-15633877 nav_inside nav_cc alignfull home-hero-slider\" data-swiper-options=\"{\"slidesPerView\":1,\"spaceBetween\":0,\"loop\":true,\"autoplay\":{\"delay\":4900,\"pauseOnMouseEnter\":false,\"stopOnLastSlide\":false,\"reverseDirection\":false},\"speed\":6800,\"effect\":\"slide\",\"creativeEffect\":{\"prev\":{\"shadow\":true,\"translate\":[\"-20%\",0,-1]},\"next\":{\"translate\":[\"100%\",0,0]}},\"keyboard\":{\"enabled\":false},\"mousewheel\":false,\"navigation\":false,\"pagination\":{\"el\":\".gutslider-15633877 .swiper-pagination\",\"type\":\"bullets\",\"dynamicBullets\":false,\"clickable\":true}}\"><div class=\"swiper\"><div class=\"swiper-wrapper\"><div class=\"swiper-slide slide-mode\"><div class=\"swiper-container-outer\" style=\"background-color:#efefef;background-image:url(https:\/\/americanbiosystems.com\/wp-content\/uploads\/2015\/09\/slider-cow.jpg)\"><div class=\"gutslider-content-wrapper\"><div class=\"gutslider-content-inner\"><h2 class=\"gutslider-title gutanimation gutslider-fadeInLeft\">Enzimas y microdio de alimentaciond irectos<\/h2><p class=\"gutslider-description gutanimation gutslider-fadeInLeft\">Nuestros Productos estan disenados por alimentos animal, la aquicultura, tambien tratamiento de aguas residuales<\/p><a class=\"gutslider-cta gutanimation gutslider-fadeInLeft\" href=\"https:\/\/americanbiosystems.com\/productos\/?lang=es\" target=\"_blank\" rel=\"noopener noreferrer\">Mas infomacion<\/a><\/div><\/div><\/div><\/div><div class=\"swiper-slide slide-mode\"><div class=\"swiper-container-outer\" style=\"background-color:#efefef;background-image:url(https:\/\/americanbiosystems.com\/wp-content\/uploads\/2015\/09\/slider-us-flag.jpg)\"><div class=\"gutslider-overlay\" style=\"background:linear-gradient(135deg,rgb(0,0,0) 0%,rgba(0,0,0,0) 73%,rgba(0,0,0,0) 100%);opacity:0.3\"><\/div><div class=\"gutslider-content-wrapper\"><div class=\"gutslider-content-inner\"><h2 class=\"gutslider-title gutanimation gutslider-fadeInLeft\">Hecho en los EEUU con orgullo<\/h2><p class=\"gutslider-description gutanimation gutslider-fadeInLeft\">All of our products are made in the U.S.A. using strict quality control standards.<\/p><a class=\"gutslider-cta gutanimation gutslider-fadeInLeft\" href=\"https:\/\/americanbiosystems.com\/productos\/?lang=es\" target=\"_blank\" rel=\"noopener noreferrer\">Ve nuestros productos<\/a><\/div><\/div><\/div><\/div><div class=\"swiper-slide slide-mode\"><div class=\"swiper-container-outer\" style=\"background-color:#efefef;background-image:url(https:\/\/americanbiosystems.com\/wp-content\/uploads\/2015\/09\/slider-view.jpg)\"><div class=\"gutslider-content-wrapper\"><div class=\"gutslider-content-inner\"><h2 class=\"gutslider-title gutanimation gutslider-fadeInLeft\">Amable con el medio ambiente<\/h2><p class=\"gutslider-description gutanimation gutslider-fadeInLeft\">All products are made of bacteria and enzymes that are friendly to the environment.<\/p><a class=\"gutslider-cta gutanimation gutslider-fadeInLeft\" href=\"https:\/\/americanbiosystems.com\/productos\/?lang=es\" target=\"_blank\" rel=\"noopener noreferrer\">Ve nuestros productos<\/a><\/div><\/div><\/div><\/div><\/div><div class=\"swiper-pagination\"><\/div><\/div><\/div>\n\n<div style=\"padding-bottom:5%;padding-top:5%\" class=\"wp-block-genesis-blocks-gb-container alignfull home-markets-pixels gb-block-container\"><div class=\"gb-container-inside\"><div class=\"gb-container-content\" style=\"max-width:1200px\">\n<h2 class=\"wp-block-heading has-text-align-center\">Nuestros mercados<\/h2>\n\n\n\n<div style=\"height:20px\" aria-hidden=\"true\" class=\"wp-block-spacer\"><\/div>\n\n\n\n<div class=\"wp-block-genesis-blocks-gb-columns gb-layout-columns-4 gb-4-col-equal\" style=\"padding-right:30px;padding-left:30px\"><div class=\"gb-layout-column-wrap gb-block-layout-column-gap-2 gb-is-responsive-column\">\n<div class=\"wp-block-genesis-blocks-gb-column gb-block-layout-column\"><div class=\"gb-block-layout-column-inner\">\n<div class=\"wp-block-cover home-markets-images\"><img loading=\"lazy\" decoding=\"async\" width=\"330\" height=\"421\" class=\"wp-block-cover__image-background wp-image-9875\" alt=\"A photo of aquaculture\" src=\"https:\/\/americanbiosystems.com\/wp-content\/uploads\/2015\/09\/Aquaculture-home-2.jpg\" data-object-fit=\"cover\" srcset=\"https:\/\/americanbiosystems.com\/wp-content\/uploads\/2015\/09\/Aquaculture-home-2.jpg 330w, https:\/\/americanbiosystems.com\/wp-content\/uploads\/2015\/09\/Aquaculture-home-2-235x300.jpg 235w, https:\/\/americanbiosystems.com\/wp-content\/uploads\/2015\/09\/Aquaculture-home-2-300x383.jpg 300w\" sizes=\"auto, (max-width: 330px) 100vw, 330px\" \/><span aria-hidden=\"true\" class=\"wp-block-cover__background has-black-background-color has-background-dim-30 has-background-dim\"><\/span><div class=\"wp-block-cover__inner-container is-layout-constrained wp-block-cover-is-layout-constrained\">\n<h3 class=\"wp-block-heading has-text-align-left has-white-color has-text-color has-link-color has-large-font-size wp-elements-23efe528c4d5d123f6a537f23261403b\"><a href=\"https:\/\/americanbiosystems.com\/acuicultura\/?lang=es\">Acuicultura<\/a><\/h3>\n<\/div><\/div>\n\n\n\n<p>American Biosystems ha servido al mercado internacional de la acuicultura desde 1985 a trav\u00e9s de sus productos innovadores ACCELOBAC AG\u00ae para cualquier especie de pez o camar\u00f3n.<\/p>\n<\/div><\/div>\n\n\n\n<div class=\"wp-block-genesis-blocks-gb-column gb-block-layout-column\"><div class=\"gb-block-layout-column-inner\">\n<div class=\"wp-block-cover home-markets-images\"><img loading=\"lazy\" decoding=\"async\" width=\"330\" height=\"421\" class=\"wp-block-cover__image-background wp-image-9881\" alt=\"A photo of pipes\" src=\"https:\/\/americanbiosystems.com\/wp-content\/uploads\/2015\/09\/wastetreatment-2.jpg\" data-object-fit=\"cover\" srcset=\"https:\/\/americanbiosystems.com\/wp-content\/uploads\/2015\/09\/wastetreatment-2.jpg 330w, https:\/\/americanbiosystems.com\/wp-content\/uploads\/2015\/09\/wastetreatment-2-235x300.jpg 235w, https:\/\/americanbiosystems.com\/wp-content\/uploads\/2015\/09\/wastetreatment-2-300x383.jpg 300w\" sizes=\"auto, (max-width: 330px) 100vw, 330px\" \/><span aria-hidden=\"true\" class=\"wp-block-cover__background has-black-background-color has-background-dim-30 has-background-dim\"><\/span><div class=\"wp-block-cover__inner-container is-layout-constrained wp-block-cover-is-layout-constrained\">\n<h3 class=\"wp-block-heading has-text-align-left has-white-color has-text-color has-link-color has-large-font-size wp-elements-761b6345717dd50ae9c687105abf64f6\"><a href=\"https:\/\/americanbiosystems.com\/tratamiento-de-desechos\/?lang=es\">Tratamiento de aguas residuales<\/a><\/h3>\n<\/div><\/div>\n\n\n\n<p>Microrganismos est\u00e1n el m\u00e9todo mas rentable para degradar desechos org\u00e1nicos en el medio ambiente sin qu\u00edmicos caros o cambios a la infraestructura.<\/p>\n<\/div><\/div>\n\n\n\n<div class=\"wp-block-genesis-blocks-gb-column gb-block-layout-column\"><div class=\"gb-block-layout-column-inner\">\n<div class=\"wp-block-cover home-markets-images\"><img loading=\"lazy\" decoding=\"async\" width=\"330\" height=\"421\" class=\"wp-block-cover__image-background wp-image-9877\" alt=\"A photo of a person in a lab coat using a test tube\" src=\"https:\/\/americanbiosystems.com\/wp-content\/uploads\/2015\/09\/industrial-2.jpg\" style=\"object-position:40% 35%\" data-object-fit=\"cover\" data-object-position=\"40% 35%\" srcset=\"https:\/\/americanbiosystems.com\/wp-content\/uploads\/2015\/09\/industrial-2.jpg 330w, https:\/\/americanbiosystems.com\/wp-content\/uploads\/2015\/09\/industrial-2-235x300.jpg 235w, https:\/\/americanbiosystems.com\/wp-content\/uploads\/2015\/09\/industrial-2-300x383.jpg 300w\" sizes=\"auto, (max-width: 330px) 100vw, 330px\" \/><span aria-hidden=\"true\" class=\"wp-block-cover__background has-black-background-color has-background-dim-30 has-background-dim\"><\/span><div class=\"wp-block-cover__inner-container is-layout-constrained wp-block-cover-is-layout-constrained\">\n<h3 class=\"wp-block-heading has-text-align-left has-white-color has-text-color has-link-color has-large-font-size wp-elements-a51f6aa8c1e083e8375542dd9e5aa0db\"><a href=\"https:\/\/americanbiosystems.com\/industrial\/?lang=es\">Industrial<\/a><\/h3>\n<\/div><\/div>\n\n\n\n<p>Enzimas est\u00e1n un m\u00e9todo rentable para hacer muchos procesos en la industria. Estas aplicaciones incluyen recuperaci\u00f3n de plata de radiograf\u00eda y limpieza de instrumentos en la cirug\u00eda. <\/p>\n<\/div><\/div>\n\n\n\n<div class=\"wp-block-genesis-blocks-gb-column gb-block-layout-column\"><div class=\"gb-block-layout-column-inner\">\n<div class=\"wp-block-cover home-markets-images\"><img loading=\"lazy\" decoding=\"async\" width=\"330\" height=\"421\" class=\"wp-block-cover__image-background wp-image-9879\" alt=\"A photo of cows in a barn that are eating\" src=\"https:\/\/americanbiosystems.com\/wp-content\/uploads\/2015\/09\/animal-nutrition-2.jpg\" style=\"object-position:73% 44%\" data-object-fit=\"cover\" data-object-position=\"73% 44%\" srcset=\"https:\/\/americanbiosystems.com\/wp-content\/uploads\/2015\/09\/animal-nutrition-2.jpg 330w, https:\/\/americanbiosystems.com\/wp-content\/uploads\/2015\/09\/animal-nutrition-2-235x300.jpg 235w, https:\/\/americanbiosystems.com\/wp-content\/uploads\/2015\/09\/animal-nutrition-2-300x383.jpg 300w\" sizes=\"auto, (max-width: 330px) 100vw, 330px\" \/><span aria-hidden=\"true\" class=\"wp-block-cover__background has-black-background-color has-background-dim-30 has-background-dim\"><\/span><div class=\"wp-block-cover__inner-container is-layout-constrained wp-block-cover-is-layout-constrained\">\n<h3 class=\"wp-block-heading has-text-align-left has-white-color has-text-color has-link-color has-large-font-size wp-elements-8f41a147d73dd0a0fad156e46067c8d2\"><a href=\"https:\/\/americanbiosystems.com\/nutricion-animal\/?lang=es\">Nutrici\u00f3n animal<\/a><\/h3>\n<\/div><\/div>\n\n\n\n<p>Nuestro punto fuerte y nuestro objetivo es ayudar a nuestros clientes en el dise\u00f1o y la aplicaci\u00f3n de su aditivo para piensos perfecto para cualquier aplicaci\u00f3n de alimentaci\u00f3n animal.<\/p>\n<\/div><\/div>\n<\/div><\/div>\n<\/div><\/div><\/div>\n\n<div style=\"margin-top:15%;margin-bottom:15%\" class=\"wp-block-genesis-blocks-gb-container gb-block-container\"><div class=\"gb-container-inside\"><div class=\"gb-container-content\">\n<div class=\"wp-block-genesis-blocks-gb-columns gb-layout-columns-2 gb-2-col-equal\"><div class=\"gb-layout-column-wrap gb-block-layout-column-gap-2 gb-is-responsive-column\">\n<div class=\"wp-block-genesis-blocks-gb-column gb-block-layout-column gb-is-vertically-aligned-center\"><div class=\"gb-block-layout-column-inner\"><div class=\"wp-block-image\">\n<figure class=\"aligncenter size-full\"><img loading=\"lazy\" decoding=\"async\" width=\"432\" height=\"449\" src=\"https:\/\/americanbiosystems.com\/wp-content\/uploads\/2022\/02\/welcome-img-2.jpg\" alt=\"A collage featuring two photos overlapping each other of a person using a handheld device to look at data on their crops and a tractor in a field\" class=\"wp-image-9872\" srcset=\"https:\/\/americanbiosystems.com\/wp-content\/uploads\/2022\/02\/welcome-img-2.jpg 432w, https:\/\/americanbiosystems.com\/wp-content\/uploads\/2022\/02\/welcome-img-2-289x300.jpg 289w, https:\/\/americanbiosystems.com\/wp-content\/uploads\/2022\/02\/welcome-img-2-300x312.jpg 300w\" sizes=\"auto, (max-width: 432px) 100vw, 432px\" \/><\/figure>\n<\/div><\/div><\/div>\n\n\n\n<div class=\"wp-block-genesis-blocks-gb-column gb-block-layout-column gb-is-vertically-aligned-center\"><div class=\"gb-block-layout-column-inner\">\n<h1 class=\"wp-block-heading\">Bienvenidos a American Biosystems<\/h1>\n\n\n\n<p>Desde 1979, cuando empezamos como proveedor local, la filosof\u00eda de nuestra empresa se ha basado en la integridad y la calidad. <\/p>\n\n\n\n<p>Mezclamos nuestros productos para uso agr\u00edcola o industrial y s\u00f3lo utilizamos ingredientes que probamos meticulosa y rigurosamente para garantizar que cada lote de cada producto cumple nuestras especificaciones exactas y los m\u00e1s altos est\u00e1ndares de calidad.<\/p>\n\n\n\n<p>Hoy, nuestra empresa ha crecido para proveer productos microbianos de mejor calidad en todo el mundo con clientes en 15 pa\u00edses diferentes<\/p>\n\n\n\n<div class=\"wp-block-buttons is-layout-flex wp-block-buttons-is-layout-flex\">\n<div class=\"wp-block-button is-style-outline is-style-outline--1\"><a class=\"wp-block-button__link wp-element-button\" href=\"https:\/\/americanbiosystems.com\/acerca-de\/?lang=es\" style=\"border-radius:0px\">Sobre Nosotros<\/a><\/div>\n<\/div>\n<\/div><\/div>\n<\/div><\/div>\n<\/div><\/div><\/div>\n\n<div class=\"wp-block-genesis-blocks-gb-columns home-logo-columns gb-layout-columns-4 gb-4-col-equal gb-has-custom-background-color has-white-color alignfull\" style=\"background-color:#578000\"><div class=\"gb-layout-column-wrap gb-block-layout-column-gap-0 gb-is-responsive-column\">\n<div class=\"wp-block-genesis-blocks-gb-column gb-block-layout-column gb-is-vertically-aligned-center\"><div class=\"gb-block-layout-column-inner gb-has-custom-background-color\" style=\"padding:40px;background-color:#578000\">\n<h2 class=\"wp-block-heading has-text-color has-link-color wp-elements-307167e02cc9b8128dc37339e102f978\" style=\"color:#ffffff\">American Biosystems<br\/>is a proud member of:<\/h2>\n<\/div><\/div>\n\n\n\n<div class=\"wp-block-genesis-blocks-gb-column gb-block-layout-column gb-is-vertically-aligned-center\"><div class=\"gb-block-layout-column-inner gb-has-custom-background-color\" style=\"padding:40px;background-color:#7ca12b\"><div class=\"wp-block-image\">\n<figure class=\"aligncenter size-full\"><a href=\"https:\/\/www.vabio.org\/\"><img loading=\"lazy\" decoding=\"async\" width=\"300\" height=\"62\" src=\"https:\/\/americanbiosystems.com\/wp-content\/uploads\/2017\/02\/vabio.png\" alt=\"Virginia Bio logo\" class=\"wp-image-2258\" style=\"aspect-ratio:1;object-fit:contain\"\/><\/a><\/figure>\n<\/div><\/div><\/div>\n\n\n\n<div class=\"wp-block-genesis-blocks-gb-column gb-block-layout-column gb-is-vertically-aligned-center\"><div class=\"gb-block-layout-column-inner gb-has-custom-background-color\" style=\"padding:40px;background-color:#6a9410\"><div class=\"wp-block-image\">\n<figure class=\"aligncenter size-full\"><a href=\"https:\/\/www.rbtc.tech\/\"><img loading=\"lazy\" decoding=\"async\" width=\"300\" height=\"300\" src=\"https:\/\/americanbiosystems.com\/wp-content\/uploads\/2017\/02\/rbtc.png\" alt=\"RBTC logo\" class=\"wp-image-2259\" style=\"aspect-ratio:1;object-fit:contain\" srcset=\"https:\/\/americanbiosystems.com\/wp-content\/uploads\/2017\/02\/rbtc.png 300w, https:\/\/americanbiosystems.com\/wp-content\/uploads\/2017\/02\/rbtc-150x150.png 150w\" sizes=\"auto, (max-width: 300px) 100vw, 300px\" \/><\/a><\/figure>\n<\/div><\/div><\/div>\n\n\n\n<div class=\"wp-block-genesis-blocks-gb-column gb-block-layout-column gb-is-vertically-aligned-center\"><div class=\"gb-block-layout-column-inner\" style=\"padding:40px;text-align:center\"><div class=\"wp-block-image\">\n<figure class=\"aligncenter size-full\"><a href=\"https:\/\/roanokechamber.org\/\"><img loading=\"lazy\" decoding=\"async\" width=\"160\" height=\"124\" src=\"https:\/\/americanbiosystems.com\/wp-content\/uploads\/2017\/02\/roanokechamber.png\" alt=\"Roanoke Regional Chamber logo\" class=\"wp-image-2260\" style=\"aspect-ratio:1;object-fit:contain\"\/><\/a><\/figure>\n<\/div><\/div><\/div>\n<\/div><\/div>\n\n<p><\/p>\n","protected":false},"excerpt":{"rendered":"","protected":false},"author":2,"featured_media":0,"parent":0,"menu_order":0,"comment_status":"closed","ping_status":"closed","template":"","meta":{"_genesis_hide_title":false,"_genesis_hide_breadcrumbs":false,"_genesis_hide_singular_image":false,"_genesis_hide_footer_widgets":false,"_genesis_custom_body_class":"","_genesis_custom_post_class":"","_genesis_layout":"full-width-content","footnotes":"","_links_to":"","_links_to_target":""},"class_list":{"0":"post-14295","1":"page","2":"type-page","3":"status-publish","5":"entry","6":"has-post-thumbnail"},"yoast_head":"<!-- This site is optimized with the Yoast SEO plugin v27.6 - https:\/\/yoast.com\/product\/yoast-seo-wordpress\/ -->\n<title>L\u00edderes en enzimas y microorganismos de alimentaci\u00f3n directa | American Biosystems<\/title>\n<meta name=\"description\" content=\"American Biosystems provee enzimas y microorganismos de alimentaci\u00f3n directa para animales, acuicultura, aplicaciones industriales y tratamiento de aguas residuales.\" \/>\n<meta name=\"robots\" content=\"index, follow, max-snippet:-1, max-image-preview:large, max-video-preview:-1\" \/>\n<link rel=\"canonical\" href=\"https:\/\/americanbiosystems.com\/es\/\" \/>\n<meta property=\"og:locale\" content=\"es_ES\" \/>\n<meta property=\"og:type\" content=\"article\" \/>\n<meta property=\"og:title\" content=\"L\u00edderes en enzimas y microorganismos de alimentaci\u00f3n directa | American Biosystems\" \/>\n<meta property=\"og:description\" content=\"American Biosystems provee enzimas y microorganismos de alimentaci\u00f3n directa para animales, acuicultura, aplicaciones industriales y tratamiento de aguas residuales.\" \/>\n<meta property=\"og:url\" content=\"https:\/\/americanbiosystems.com\/es\/\" \/>\n<meta property=\"og:site_name\" content=\"American Biosystems\" \/>\n<meta property=\"article:modified_time\" content=\"2025-12-01T20:11:59+00:00\" \/>\n<meta property=\"og:image\" content=\"https:\/\/americanbiosystems.com\/wp-content\/uploads\/2015\/09\/Aquaculture-home-2.jpg\" \/>\n\t<meta property=\"og:image:width\" content=\"330\" \/>\n\t<meta property=\"og:image:height\" content=\"421\" \/>\n\t<meta property=\"og:image:type\" content=\"image\/jpeg\" \/>\n<meta name=\"twitter:card\" content=\"summary_large_image\" \/>\n<meta name=\"twitter:label1\" content=\"Tiempo de lectura\" \/>\n\t<meta name=\"twitter:data1\" content=\"1 minuto\" \/>\n<script type=\"application\/ld+json\" class=\"yoast-schema-graph\">{\"@context\":\"https:\\\/\\\/schema.org\",\"@graph\":[{\"@type\":\"WebPage\",\"@id\":\"https:\\\/\\\/americanbiosystems.com\\\/es\\\/\",\"url\":\"https:\\\/\\\/americanbiosystems.com\\\/es\\\/\",\"name\":\"L\u00edderes en enzimas y microorganismos de alimentaci\u00f3n directa | American Biosystems\",\"isPartOf\":{\"@id\":\"https:\\\/\\\/americanbiosystems.com\\\/es\\\/#website\"},\"primaryImageOfPage\":{\"@id\":\"https:\\\/\\\/americanbiosystems.com\\\/es\\\/#primaryimage\"},\"image\":{\"@id\":\"https:\\\/\\\/americanbiosystems.com\\\/es\\\/#primaryimage\"},\"thumbnailUrl\":\"https:\\\/\\\/americanbiosystems.com\\\/wp-content\\\/uploads\\\/2015\\\/09\\\/Aquaculture-home-2.jpg\",\"datePublished\":\"2017-02-03T04:06:14+00:00\",\"dateModified\":\"2025-12-01T20:11:59+00:00\",\"description\":\"American Biosystems provee enzimas y microorganismos de alimentaci\u00f3n directa para animales, acuicultura, aplicaciones industriales y tratamiento de aguas residuales.\",\"breadcrumb\":{\"@id\":\"https:\\\/\\\/americanbiosystems.com\\\/es\\\/#breadcrumb\"},\"inLanguage\":\"es\",\"potentialAction\":[{\"@type\":\"ReadAction\",\"target\":[\"https:\\\/\\\/americanbiosystems.com\\\/es\\\/\"]}]},{\"@type\":\"ImageObject\",\"inLanguage\":\"es\",\"@id\":\"https:\\\/\\\/americanbiosystems.com\\\/es\\\/#primaryimage\",\"url\":\"https:\\\/\\\/americanbiosystems.com\\\/wp-content\\\/uploads\\\/2015\\\/09\\\/Aquaculture-home-2.jpg\",\"contentUrl\":\"https:\\\/\\\/americanbiosystems.com\\\/wp-content\\\/uploads\\\/2015\\\/09\\\/Aquaculture-home-2.jpg\"},{\"@type\":\"BreadcrumbList\",\"@id\":\"https:\\\/\\\/americanbiosystems.com\\\/es\\\/#breadcrumb\",\"itemListElement\":[{\"@type\":\"ListItem\",\"position\":1,\"name\":\"Home\",\"item\":\"https:\\\/\\\/americanbiosystems.com\\\/es\\\/?lang=es\"},{\"@type\":\"ListItem\",\"position\":2,\"name\":\"Home\"}]},{\"@type\":\"WebSite\",\"@id\":\"https:\\\/\\\/americanbiosystems.com\\\/es\\\/#website\",\"url\":\"https:\\\/\\\/americanbiosystems.com\\\/es\\\/\",\"name\":\"American Biosystems\",\"description\":\"Enzymes and Direct Fed Microbials\",\"publisher\":{\"@id\":\"https:\\\/\\\/americanbiosystems.com\\\/es\\\/#organization\"},\"potentialAction\":[{\"@type\":\"SearchAction\",\"target\":{\"@type\":\"EntryPoint\",\"urlTemplate\":\"https:\\\/\\\/americanbiosystems.com\\\/es\\\/?s={search_term_string}\"},\"query-input\":{\"@type\":\"PropertyValueSpecification\",\"valueRequired\":true,\"valueName\":\"search_term_string\"}}],\"inLanguage\":\"es\"},{\"@type\":\"Organization\",\"@id\":\"https:\\\/\\\/americanbiosystems.com\\\/es\\\/#organization\",\"name\":\"American Biosystems\",\"url\":\"https:\\\/\\\/americanbiosystems.com\\\/es\\\/\",\"logo\":{\"@type\":\"ImageObject\",\"inLanguage\":\"es\",\"@id\":\"https:\\\/\\\/americanbiosystems.com\\\/es\\\/#\\\/schema\\\/logo\\\/image\\\/\",\"url\":\"https:\\\/\\\/americanbiosystems.com\\\/wp-content\\\/uploads\\\/2022\\\/06\\\/AmBiologo-400x100-1.png\",\"contentUrl\":\"https:\\\/\\\/americanbiosystems.com\\\/wp-content\\\/uploads\\\/2022\\\/06\\\/AmBiologo-400x100-1.png\",\"width\":400,\"height\":100,\"caption\":\"American Biosystems\"},\"image\":{\"@id\":\"https:\\\/\\\/americanbiosystems.com\\\/es\\\/#\\\/schema\\\/logo\\\/image\\\/\"}}]}<\/script>\n<!-- \/ Yoast SEO plugin. -->","yoast_head_json":{"title":"L\u00edderes en enzimas y microorganismos de alimentaci\u00f3n directa | American Biosystems","description":"American Biosystems provee enzimas y microorganismos de alimentaci\u00f3n directa para animales, acuicultura, aplicaciones industriales y tratamiento de aguas residuales.","robots":{"index":"index","follow":"follow","max-snippet":"max-snippet:-1","max-image-preview":"max-image-preview:large","max-video-preview":"max-video-preview:-1"},"canonical":"https:\/\/americanbiosystems.com\/es\/","og_locale":"es_ES","og_type":"article","og_title":"L\u00edderes en enzimas y microorganismos de alimentaci\u00f3n directa | American Biosystems","og_description":"American Biosystems provee enzimas y microorganismos de alimentaci\u00f3n directa para animales, acuicultura, aplicaciones industriales y tratamiento de aguas residuales.","og_url":"https:\/\/americanbiosystems.com\/es\/","og_site_name":"American Biosystems","article_modified_time":"2025-12-01T20:11:59+00:00","og_image":[{"width":330,"height":421,"url":"https:\/\/americanbiosystems.com\/wp-content\/uploads\/2015\/09\/Aquaculture-home-2.jpg","type":"image\/jpeg"}],"twitter_card":"summary_large_image","twitter_misc":{"Tiempo de lectura":"1 minuto"},"schema":{"@context":"https:\/\/schema.org","@graph":[{"@type":"WebPage","@id":"https:\/\/americanbiosystems.com\/es\/","url":"https:\/\/americanbiosystems.com\/es\/","name":"L\u00edderes en enzimas y microorganismos de alimentaci\u00f3n directa | American Biosystems","isPartOf":{"@id":"https:\/\/americanbiosystems.com\/es\/#website"},"primaryImageOfPage":{"@id":"https:\/\/americanbiosystems.com\/es\/#primaryimage"},"image":{"@id":"https:\/\/americanbiosystems.com\/es\/#primaryimage"},"thumbnailUrl":"https:\/\/americanbiosystems.com\/wp-content\/uploads\/2015\/09\/Aquaculture-home-2.jpg","datePublished":"2017-02-03T04:06:14+00:00","dateModified":"2025-12-01T20:11:59+00:00","description":"American Biosystems provee enzimas y microorganismos de alimentaci\u00f3n directa para animales, acuicultura, aplicaciones industriales y tratamiento de aguas residuales.","breadcrumb":{"@id":"https:\/\/americanbiosystems.com\/es\/#breadcrumb"},"inLanguage":"es","potentialAction":[{"@type":"ReadAction","target":["https:\/\/americanbiosystems.com\/es\/"]}]},{"@type":"ImageObject","inLanguage":"es","@id":"https:\/\/americanbiosystems.com\/es\/#primaryimage","url":"https:\/\/americanbiosystems.com\/wp-content\/uploads\/2015\/09\/Aquaculture-home-2.jpg","contentUrl":"https:\/\/americanbiosystems.com\/wp-content\/uploads\/2015\/09\/Aquaculture-home-2.jpg"},{"@type":"BreadcrumbList","@id":"https:\/\/americanbiosystems.com\/es\/#breadcrumb","itemListElement":[{"@type":"ListItem","position":1,"name":"Home","item":"https:\/\/americanbiosystems.com\/es\/?lang=es"},{"@type":"ListItem","position":2,"name":"Home"}]},{"@type":"WebSite","@id":"https:\/\/americanbiosystems.com\/es\/#website","url":"https:\/\/americanbiosystems.com\/es\/","name":"American Biosystems","description":"Enzymes and Direct Fed Microbials","publisher":{"@id":"https:\/\/americanbiosystems.com\/es\/#organization"},"potentialAction":[{"@type":"SearchAction","target":{"@type":"EntryPoint","urlTemplate":"https:\/\/americanbiosystems.com\/es\/?s={search_term_string}"},"query-input":{"@type":"PropertyValueSpecification","valueRequired":true,"valueName":"search_term_string"}}],"inLanguage":"es"},{"@type":"Organization","@id":"https:\/\/americanbiosystems.com\/es\/#organization","name":"American Biosystems","url":"https:\/\/americanbiosystems.com\/es\/","logo":{"@type":"ImageObject","inLanguage":"es","@id":"https:\/\/americanbiosystems.com\/es\/#\/schema\/logo\/image\/","url":"https:\/\/americanbiosystems.com\/wp-content\/uploads\/2022\/06\/AmBiologo-400x100-1.png","contentUrl":"https:\/\/americanbiosystems.com\/wp-content\/uploads\/2022\/06\/AmBiologo-400x100-1.png","width":400,"height":100,"caption":"American Biosystems"},"image":{"@id":"https:\/\/americanbiosystems.com\/es\/#\/schema\/logo\/image\/"}}]}},"featured_image_src":null,"featured_image_src_square":null,"_links":{"self":[{"href":"https:\/\/americanbiosystems.com\/es\/wp-json\/wp\/v2\/pages\/14295","targetHints":{"allow":["GET"]}}],"collection":[{"href":"https:\/\/americanbiosystems.com\/es\/wp-json\/wp\/v2\/pages"}],"about":[{"href":"https:\/\/americanbiosystems.com\/es\/wp-json\/wp\/v2\/types\/page"}],"author":[{"embeddable":true,"href":"https:\/\/americanbiosystems.com\/es\/wp-json\/wp\/v2\/users\/2"}],"replies":[{"embeddable":true,"href":"https:\/\/americanbiosystems.com\/es\/wp-json\/wp\/v2\/comments?post=14295"}],"version-history":[{"count":0,"href":"https:\/\/americanbiosystems.com\/es\/wp-json\/wp\/v2\/pages\/14295\/revisions"}],"wp:attachment":[{"href":"https:\/\/americanbiosystems.com\/es\/wp-json\/wp\/v2\/media?parent=14295"}],"curies":[{"name":"wp","href":"https:\/\/api.w.org\/{rel}","templated":true}]}}